{"id":10359,"date":"2021-08-23T18:37:29","date_gmt":"2021-08-23T22:37:29","guid":{"rendered":"https:\/\/smamontreal.ca\/?page_id=10359"},"modified":"2021-12-14T22:12:24","modified_gmt":"2021-12-15T03:12:24","slug":"splendeur-bach","status":"publish","type":"page","link":"https:\/\/smamontreal.ca\/en\/splendeur-bach\/","title":{"rendered":"SPLENDEUR BACH"},"content":{"rendered":"<div class='flex_column av-all4nu-74c86ad91a03fcf797423aef5f2b1566 av_one_half  avia-builder-el-0  el_before_av_one_half  avia-builder-el-first  first flex_column_div '     ><p><div  class='avia-slideshow av-9g3fii-761992d47572a986799244a27d643d46 avia-slideshow-no scaling av_slideshow avia-slide-slider  avia-builder-el-1  el_before_av_social_share  avia-builder-el-first  av-slideshow-ui av-control-default av-slideshow-autoplay av-loop-endless av-loop-manual-endless av-default-height-applied avia-slideshow-1' data-slideshow-options=\"{&quot;animation&quot;:&quot;slide&quot;,&quot;autoplay&quot;:true,&quot;loop_autoplay&quot;:&quot;endless&quot;,&quot;interval&quot;:5,&quot;loop_manual&quot;:&quot;manual-endless&quot;,&quot;autoplay_stopper&quot;:false,&quot;noNavigation&quot;:false,&quot;bg_slider&quot;:false,&quot;keep_padding&quot;:false,&quot;hoverpause&quot;:false,&quot;show_slide_delay&quot;:0}\"  itemprop=\"image\" itemscope=\"itemscope\" itemtype=\"https:\/\/schema.org\/ImageObject\" ><ul class='avia-slideshow-inner ' style='padding-bottom: 111.92170818505%;'><li  class='avia-slideshow-slide av-9g3fii-761992d47572a986799244a27d643d46__0  av-single-slide slide-1 slide-odd'><div data-rel='slideshow-1' class='avia-slide-wrap '   ><img class=\"wp-image-10353 avia-img-lazy-loading-not-10353\"  src=\"https:\/\/smamontreal.ca\/wp-content\/uploads\/2021\/08\/SMAM_2021-22_pageweb_3bach_ENG_v1.jpg\" width=\"562\" height=\"629\" title='SMAM_2021-22_pageweb_3bach_ENG_v1' alt=''  itemprop=\"thumbnailUrl\" srcset=\"https:\/\/smamontreal.ca\/wp-content\/uploads\/2021\/08\/SMAM_2021-22_pageweb_3bach_ENG_v1.jpg 562w, https:\/\/smamontreal.ca\/wp-content\/uploads\/2021\/08\/SMAM_2021-22_pageweb_3bach_ENG_v1-268x300.jpg 268w, https:\/\/smamontreal.ca\/wp-content\/uploads\/2021\/08\/SMAM_2021-22_pageweb_3bach_ENG_v1-450x504.jpg 450w\" sizes=\"(max-width: 562px) 100vw, 562px\" \/><\/div><\/li><\/ul><\/div><br \/>\n<div  class='av-social-sharing-box av-68meqi-8385262a60b315a88bf068f1946d4684 av-social-sharing-box-minimal  avia-builder-el-2  el_after_av_slideshow  avia-builder-el-last  av-social-sharing-box-fullwidth'><div class=\"av-share-box\"><ul class=\"av-share-box-list noLightbox\"><li class='av-share-link av-social-link-facebook' ><a target=\"_blank\" aria-label=\"Share on Facebook\" href='https:\/\/www.facebook.com\/sharer.php?u=https:\/\/smamontreal.ca\/en\/splendeur-bach\/&#038;t=SPLENDEUR%20BACH' aria-hidden='false' data-av_icon='\ue8f3' data-av_iconfont='entypo-fontello' title='' data-avia-related-tooltip='Share on Facebook' rel=\"noopener\"><span class='avia_hidden_link_text'>Share on Facebook<\/span><\/a><\/li><li class='av-share-link av-social-link-twitter' ><a target=\"_blank\" aria-label=\"Share on Twitter\" href='https:\/\/twitter.com\/share?text=SPLENDEUR%20BACH&#038;url=https:\/\/smamontreal.ca\/en\/?p=10359' aria-hidden='false' data-av_icon='\ue8f1' data-av_iconfont='entypo-fontello' title='' data-avia-related-tooltip='Share on Twitter' rel=\"noopener\"><span class='avia_hidden_link_text'>Share on Twitter<\/span><\/a><\/li><li class='av-share-link av-social-link-mail' ><a  aria-label=\"Share by Mail\" href='mailto:?subject=SPLENDEUR%20BACH&#038;body=https:\/\/smamontreal.ca\/en\/splendeur-bach\/' aria-hidden='false' data-av_icon='\ue805' data-av_iconfont='entypo-fontello' title='' data-avia-related-tooltip='Share by Mail'><span class='avia_hidden_link_text'>Share by Mail<\/span><\/a><\/li><\/ul><\/div><\/div><\/p><\/div>\n\n<style type=\"text\/css\" data-created_by=\"avia_inline_auto\" id=\"style-css-av-4xbqfu-957d91fccc011a04c479c01aa8ca2760\">\n.flex_column.av-4xbqfu-957d91fccc011a04c479c01aa8ca2760{\n-webkit-border-radius:0px 0px 0px 0px;\n-moz-border-radius:0px 0px 0px 0px;\nborder-radius:0px 0px 0px 0px;\n}\n<\/style>\n<div class='flex_column av-4xbqfu-957d91fccc011a04c479c01aa8ca2760 av_one_half  avia-builder-el-3  el_after_av_one_half  avia-builder-el-last  flex_column_div av-zero-column-padding '     ><p><section  class='av_textblock_section av-ksp5zle2-05fba26ecfaa75918eaefee9035a7748'  itemscope=\"itemscope\" itemtype=\"https:\/\/schema.org\/CreativeWork\" ><div class='avia_textblock'  itemprop=\"text\" ><p><span style=\"color: #ffffff;\">&#8211;<\/span><\/p>\n<\/div><\/section><br \/>\n<div  class='avia-button-wrap av-kdv70gq3-d26f8c1f4cdf13a4afec36a7d4d0892a-wrap avia-button-right  avia-builder-el-5  el_after_av_textblock  el_before_av_textblock ' >\n<style type=\"text\/css\" data-created_by=\"avia_inline_auto\" id=\"style-css-av-kdv70gq3-d26f8c1f4cdf13a4afec36a7d4d0892a\">\n#top #wrap_all .avia-button.av-kdv70gq3-d26f8c1f4cdf13a4afec36a7d4d0892a{\nbackground-color:#e6007e;\nborder-color:#e6007e;\ncolor:#ffffff;\n-webkit-transition:all 0.4s ease-in-out;\n-moz-transition:all 0.4s ease-in-out;\n-ms-transition:all 0.4s ease-in-out;\n-o-transition:all 0.4s ease-in-out;\ntransition:all 0.4s ease-in-out;\n}\n<\/style>\n<a href='https:\/\/smamontreal-abonnement.tuxedobillet.com\/' class='avia-button av-kdv70gq3-d26f8c1f4cdf13a4afec36a7d4d0892a avia-icon_select-yes-left-icon avia-size-small avia-position-right' target=\"_blank\" rel=\"noopener noreferrer\"><span class='avia_button_icon avia_button_icon_left' aria-hidden='true' data-av_icon='\ue817' data-av_iconfont='entypo-fontello'><\/span><span class='avia_iconbox_title' >Subscribe<\/span><\/a><\/div><br \/>\n\n<style type=\"text\/css\" data-created_by=\"avia_inline_auto\" id=\"style-css-av-kdv72q4t-ae3e5e09b4bb12df039abfe033e4141b\">\n#top .av_textblock_section.av-kdv72q4t-ae3e5e09b4bb12df039abfe033e4141b .avia_textblock{\ncolor:#000000;\n}\n<\/style>\n<section  class='av_textblock_section av-kdv72q4t-ae3e5e09b4bb12df039abfe033e4141b'  itemscope=\"itemscope\" itemtype=\"https:\/\/schema.org\/CreativeWork\" ><div class='avia_textblock av_inherit_color'  itemprop=\"text\" ><p><span style=\"color: #ffffff;\">&#8211;<\/span><strong><br \/>\nFriday, December 3rd, 2021 \u2013 7:30 p.m.<\/strong><br \/>\n<strong>On demand until Saturday, December 11th, 2021<br \/>\n<\/strong>Church of Saint-Jean-Baptiste<br \/>\n309 Rachel EAST, Montreal<br \/>\nMont-Royal Station<\/p>\n<p><iframe loading=\"lazy\" title=\"YouTube video player\" src=\"https:\/\/www.youtube.com\/embed\/oY1xWGWWn2A\" width=\"560\" height=\"315\" frameborder=\"0\" allowfullscreen=\"allowfullscreen\"><\/iframe><\/p>\n<\/div><\/section><br \/>\n\n<style type=\"text\/css\" data-created_by=\"avia_inline_auto\" id=\"style-css-av-av_heading-492cc4092586eaa80a09ad4876611bd1\">\n#top .av-special-heading.av-av_heading-492cc4092586eaa80a09ad4876611bd1{\npadding-bottom:15px;\n}\nbody .av-special-heading.av-av_heading-492cc4092586eaa80a09ad4876611bd1 .av-special-heading-tag .heading-char{\nfont-size:25px;\n}\n.av-special-heading.av-av_heading-492cc4092586eaa80a09ad4876611bd1 .av-subheading{\nfont-size:10px;\n}\n<\/style>\n<div  class='av-special-heading av-av_heading-492cc4092586eaa80a09ad4876611bd1 av-special-heading-h3 meta-heading  avia-builder-el-7  el_after_av_textblock  el_before_av_textblock '><h3 class='av-special-heading-tag'  itemprop=\"headline\"  >SUMMARY<\/h3><div class=\"special-heading-border\"><div class=\"special-heading-inner-border\"><\/div><\/div><\/div><br \/>\n\n<style type=\"text\/css\" data-created_by=\"avia_inline_auto\" id=\"style-css-av-kdv6s4ke-c2a91250245ebf01307f7680a9011f35\">\n#top .av_textblock_section.av-kdv6s4ke-c2a91250245ebf01307f7680a9011f35 .avia_textblock{\ncolor:#000000;\n}\n<\/style>\n<section  class='av_textblock_section av-kdv6s4ke-c2a91250245ebf01307f7680a9011f35'  itemscope=\"itemscope\" itemtype=\"https:\/\/schema.org\/CreativeWork\" ><div class='avia_textblock av_inherit_color'  itemprop=\"text\" ><p class=\"p1\">Certain movements from the Cantor\u2019s cantatas have managed to captivate all audiences, such as \u201cSleepers Wake\u201d from Cantata BWV 140, or \u201cJesu, Joy of Man\u2019s Desiring\u201d from Cantata BWV 147, transcribed and adapted many times over, with its refrain that surrounds the chorale melody like a garland. Hear the original sounds of these beautiful and familiar pieces that comfort the soul, while exploring other appealing aspects of the cantatas that serve as their backdrop.<\/p>\n<p>As part of the Montreal Bach Festival<\/p>\n<p><a href=\"https:\/\/smamontreal.ca\/wp-content\/uploads\/2017\/09\/Bach-Festival-Logo.jpg\"><img loading=\"lazy\" class=\"alignnone  wp-image-7494\" src=\"https:\/\/smamontreal.ca\/wp-content\/uploads\/2017\/09\/Bach-Festival-Logo.jpg\" alt=\"\" width=\"117\" height=\"117\" srcset=\"https:\/\/smamontreal.ca\/wp-content\/uploads\/2017\/09\/Bach-Festival-Logo.jpg 591w, https:\/\/smamontreal.ca\/wp-content\/uploads\/2017\/09\/Bach-Festival-Logo-450x450.jpg 450w, https:\/\/smamontreal.ca\/wp-content\/uploads\/2017\/09\/Bach-Festival-Logo-100x100.jpg 100w, https:\/\/smamontreal.ca\/wp-content\/uploads\/2017\/09\/Bach-Festival-Logo-80x80.jpg 80w, https:\/\/smamontreal.ca\/wp-content\/uploads\/2017\/09\/Bach-Festival-Logo-300x300.jpg 300w, https:\/\/smamontreal.ca\/wp-content\/uploads\/2017\/09\/Bach-Festival-Logo-36x36.jpg 36w, https:\/\/smamontreal.ca\/wp-content\/uploads\/2017\/09\/Bach-Festival-Logo-180x180.jpg 180w\" sizes=\"(max-width: 117px) 100vw, 117px\" \/><\/a><\/p>\n<section class=\"av_textblock_section\">\n<div class=\"avia_textblock av_inherit_color\"><\/div>\n<\/section>\n<\/div><\/section><br \/>\n\n<style type=\"text\/css\" data-created_by=\"avia_inline_auto\" id=\"style-css-av-av_heading-c4daf23f0ee8e1ea42659b9fd8a8276d\">\n#top .av-special-heading.av-av_heading-c4daf23f0ee8e1ea42659b9fd8a8276d{\npadding-bottom:15px;\n}\nbody .av-special-heading.av-av_heading-c4daf23f0ee8e1ea42659b9fd8a8276d .av-special-heading-tag .heading-char{\nfont-size:25px;\n}\n.av-special-heading.av-av_heading-c4daf23f0ee8e1ea42659b9fd8a8276d .av-subheading{\nfont-size:10px;\n}\n<\/style>\n<div  class='av-special-heading av-av_heading-c4daf23f0ee8e1ea42659b9fd8a8276d av-special-heading-h3 meta-heading  avia-builder-el-9  el_after_av_textblock  el_before_av_textblock '><h3 class='av-special-heading-tag'  itemprop=\"headline\"  >VIDEO PODCAST<\/h3><div class=\"special-heading-border\"><div class=\"special-heading-inner-border\"><\/div><\/div><\/div><br \/>\n\n<style type=\"text\/css\" data-created_by=\"avia_inline_auto\" id=\"style-css-av-kdv72q4t-ae3e5e09b4bb12df039abfe033e4141b\">\n#top .av_textblock_section.av-kdv72q4t-ae3e5e09b4bb12df039abfe033e4141b .avia_textblock{\ncolor:#000000;\n}\n<\/style>\n<section  class='av_textblock_section av-kdv72q4t-ae3e5e09b4bb12df039abfe033e4141b'  itemscope=\"itemscope\" itemtype=\"https:\/\/schema.org\/CreativeWork\" ><div class='avia_textblock av_inherit_color'  itemprop=\"text\" ><p><iframe loading=\"lazy\" width=\"560\" height=\"315\" src=\"https:\/\/www.youtube.com\/embed\/cGyuq-kgtts\" title=\"YouTube video player\" frameborder=\"0\" allow=\"accelerometer; autoplay; clipboard-write; encrypted-media; gyroscope; picture-in-picture\" allowfullscreen><\/iframe><\/p>\n<\/div><\/section><br \/>\n\n<style type=\"text\/css\" data-created_by=\"avia_inline_auto\" id=\"style-css-av-av_heading-351e8bf7d3e307d29854e7de8328ccc6\">\n#top .av-special-heading.av-av_heading-351e8bf7d3e307d29854e7de8328ccc6{\npadding-bottom:15px;\n}\nbody .av-special-heading.av-av_heading-351e8bf7d3e307d29854e7de8328ccc6 .av-special-heading-tag .heading-char{\nfont-size:25px;\n}\n.av-special-heading.av-av_heading-351e8bf7d3e307d29854e7de8328ccc6 .av-subheading{\nfont-size:10px;\n}\n<\/style>\n<div  class='av-special-heading av-av_heading-351e8bf7d3e307d29854e7de8328ccc6 av-special-heading-h3 meta-heading  avia-builder-el-11  el_after_av_textblock  el_before_av_button '><h3 class='av-special-heading-tag'  itemprop=\"headline\"  >PROGRAM<\/h3><div class=\"special-heading-border\"><div class=\"special-heading-inner-border\"><\/div><\/div><\/div><br \/>\n<div  class='avia-button-wrap av-kdv70gq3-ffb2fbcf3ea6a0423be46de654df6234-wrap avia-button-left  avia-builder-el-12  el_after_av_heading  el_before_av_button ' >\n<style type=\"text\/css\" data-created_by=\"avia_inline_auto\" id=\"style-css-av-kdv70gq3-ffb2fbcf3ea6a0423be46de654df6234\">\n#top #wrap_all .avia-button.av-kdv70gq3-ffb2fbcf3ea6a0423be46de654df6234{\nbackground-color:#e6007e;\nborder-color:#e6007e;\ncolor:#ffffff;\n-webkit-transition:all 0.4s ease-in-out;\n-moz-transition:all 0.4s ease-in-out;\n-ms-transition:all 0.4s ease-in-out;\n-o-transition:all 0.4s ease-in-out;\ntransition:all 0.4s ease-in-out;\n}\n<\/style>\n<a href='https:\/\/smamontreal.ca\/wp-content\/uploads\/2021\/11\/programme_splendeur_Bach-web.pdf' class='avia-button av-kdv70gq3-ffb2fbcf3ea6a0423be46de654df6234 avia-icon_select-yes-left-icon avia-size-small avia-position-left' target=\"_blank\" rel=\"noopener noreferrer\"><span class='avia_button_icon avia_button_icon_left' aria-hidden='true' data-av_icon='\ue803' data-av_iconfont='entypo-fontello'><\/span><span class='avia_iconbox_title' >Read the concert program<\/span><\/a><\/div><br \/>\n<div  class='avia-button-wrap av-kdv70gq3-26bc1137c4ecdf7c096f8a20afa1fc7c-wrap avia-button-left  avia-builder-el-13  el_after_av_button  el_before_av_textblock ' >\n<style type=\"text\/css\" data-created_by=\"avia_inline_auto\" id=\"style-css-av-kdv70gq3-26bc1137c4ecdf7c096f8a20afa1fc7c\">\n#top #wrap_all .avia-button.av-kdv70gq3-26bc1137c4ecdf7c096f8a20afa1fc7c{\nbackground-color:#e6007e;\nborder-color:#e6007e;\ncolor:#ffffff;\n-webkit-transition:all 0.4s ease-in-out;\n-moz-transition:all 0.4s ease-in-out;\n-ms-transition:all 0.4s ease-in-out;\n-o-transition:all 0.4s ease-in-out;\ntransition:all 0.4s ease-in-out;\n}\n<\/style>\n<a href='https:\/\/smamontreal.ca\/wp-content\/uploads\/2021\/11\/Textes-chante\u0301s-Splendeur-Bach.pdf' class='avia-button av-kdv70gq3-26bc1137c4ecdf7c096f8a20afa1fc7c avia-icon_select-yes-left-icon avia-size-small avia-position-left' target=\"_blank\" rel=\"noopener noreferrer\"><span class='avia_button_icon avia_button_icon_left' aria-hidden='true' data-av_icon='\ue803' data-av_iconfont='entypo-fontello'><\/span><span class='avia_iconbox_title' >Read the sung texts<\/span><\/a><\/div><br \/>\n\n<style type=\"text\/css\" data-created_by=\"avia_inline_auto\" id=\"style-css-av-kdv6tatr-c6bf96f33a42fa6a22151db99b8fa95a\">\n#top .av_textblock_section.av-kdv6tatr-c6bf96f33a42fa6a22151db99b8fa95a .avia_textblock{\ncolor:#000000;\n}\n<\/style>\n<section  class='av_textblock_section av-kdv6tatr-c6bf96f33a42fa6a22151db99b8fa95a'  itemscope=\"itemscope\" itemtype=\"https:\/\/schema.org\/CreativeWork\" ><div class='avia_textblock av_inherit_color'  itemprop=\"text\" ><p><em>Nun komm, der Heiden Heiland<\/em> (BWV 62)<\/p>\n<p><em>Wachet auf, ruft uns die Stimme<\/em> (BWV 140)<\/p>\n<p class=\"LC20lb DKV0Md\"><em>Herz und Mund und Tat und Leben<\/em> (BWV 147)<\/p>\n<\/div><\/section><br \/>\n\n<style type=\"text\/css\" data-created_by=\"avia_inline_auto\" id=\"style-css-av-av_heading-8182d93e0321a4556f60c24594f3135e\">\n#top .av-special-heading.av-av_heading-8182d93e0321a4556f60c24594f3135e{\npadding-bottom:15px;\n}\nbody .av-special-heading.av-av_heading-8182d93e0321a4556f60c24594f3135e .av-special-heading-tag .heading-char{\nfont-size:25px;\n}\n.av-special-heading.av-av_heading-8182d93e0321a4556f60c24594f3135e .av-subheading{\nfont-size:10px;\n}\n<\/style>\n<div  class='av-special-heading av-av_heading-8182d93e0321a4556f60c24594f3135e av-special-heading-h3 meta-heading  avia-builder-el-15  el_after_av_textblock  el_before_av_textblock '><h3 class='av-special-heading-tag'  itemprop=\"headline\"  >DISTRIBUTION<\/h3><div class=\"special-heading-border\"><div class=\"special-heading-inner-border\"><\/div><\/div><\/div><br \/>\n\n<style type=\"text\/css\" data-created_by=\"avia_inline_auto\" id=\"style-css-av-kdv6w42d-59c4d3616ecac1f2eb22091be9bd520a\">\n#top .av_textblock_section.av-kdv6w42d-59c4d3616ecac1f2eb22091be9bd520a .avia_textblock{\ncolor:#000000;\n}\n<\/style>\n<section  class='av_textblock_section av-kdv6w42d-59c4d3616ecac1f2eb22091be9bd520a'  itemscope=\"itemscope\" itemtype=\"https:\/\/schema.org\/CreativeWork\" ><div class='avia_textblock av_inherit_color'  itemprop=\"text\" ><p class=\"p1\"><strong>SOLISTS<br \/>\nStephanie Manias<\/strong>, soprano<br \/>\n<strong>Marie-Andr\u00e9e Mathieu<\/strong>, alto<br \/>\n<strong>Michiel Schrey<\/strong>, tenor<br \/>\n<strong>Clayton Kennedy<\/strong>, bass<\/p>\n<p><strong>CHORISTES<br \/>\n<\/strong><strong>Megan Chartrand<\/strong>, <strong>Rebecca Dowd Lekx<\/strong>,<strong> Genevi\u00e8ve Gates-Panneton<\/strong>, <strong>Marie Magistry<\/strong><span class=\"s1\">, sopranos<br \/>\n<\/span><strong>Alexandra Asher<\/strong>,<strong> Elizabeth Ekholm<\/strong>,<strong> Jos\u00e9e Lalonde<\/strong>, <strong>Ian Sabourin<\/strong><span class=\"s1\">, altos<br \/>\n<\/span><strong>Nils Brown<\/strong>,<strong> Justin Jalea<\/strong>, <strong>David Menzies<\/strong>, <strong>Arthur Tangay-Labrosse<\/strong><span class=\"s1\">, tenors<br \/>\n<\/span><strong>Victor Chisholm<\/strong>, <strong>John Giffen<\/strong>, <strong>William Kraushaar<\/strong>,<strong> Normand Richard<\/strong><span class=\"s1\">, basses<\/span><\/p>\n<p><strong>INSTRUMENTISTS\u00a0<\/strong><br \/>\n<strong>Tanya LaPerri\u00e8re<\/strong>, (violon solo)<strong>,<\/strong> <strong>\u00c9milie Br\u00fbl\u00e9<\/strong>,<strong> Marie Nadeau-Tremblay<\/strong>, violins 1<br \/>\n<strong>Sallynee Amawat<\/strong>,<strong> M\u00e9lanie de Bonville<\/strong>, <strong>Jimin Dobson<\/strong>, violins 2<br \/>\n<strong>Val\u00e9rie Arsenault<\/strong>,<strong> Jacques-Andr\u00e9 Houle<\/strong>,<strong> Peter Lekx<\/strong>, altos<br \/>\n<strong>Amanda Keesmaat<\/strong>,<strong> Andrea Stewart<\/strong>, cellos<br \/>\n<strong>Shanti Natchtergaelem<\/strong>, contrebasse<br \/>\n<strong>Christophe Gauthier<\/strong>, organ<br \/>\n<span class=\"s2\"><strong>Joel Verkaik<\/strong>, h<\/span>autbois 1, hautbois d\u2019amour, hautbois de chasse<br \/>\n<span class=\"s2\"><strong>Amanda Kitik<\/strong>, hautbois 2, hautbois de chasse<br \/>\n<strong>Francis Pigeon<\/strong>, trumpet, cors<br \/>\n<\/span><strong>Mary Chalk<\/strong>, bassoon<\/p>\n<p class=\"p1\"><strong>Andrew McAnerney<\/strong>, direction<\/p>\n<\/div><\/section><\/p><\/div>\n","protected":false},"excerpt":{"rendered":"","protected":false},"author":2,"featured_media":0,"parent":0,"menu_order":0,"comment_status":"closed","ping_status":"closed","template":"","meta":{"episode_type":"","audio_file":"","cover_image":"","cover_image_id":"","duration":"","filesize":"","date_recorded":"","explicit":"","block":"","filesize_raw":""},"yst_prominent_words":[],"_links":{"self":[{"href":"https:\/\/smamontreal.ca\/en\/wp-json\/wp\/v2\/pages\/10359"}],"collection":[{"href":"https:\/\/smamontreal.ca\/en\/wp-json\/wp\/v2\/pages"}],"about":[{"href":"https:\/\/smamontreal.ca\/en\/wp-json\/wp\/v2\/types\/page"}],"author":[{"embeddable":true,"href":"https:\/\/smamontreal.ca\/en\/wp-json\/wp\/v2\/users\/2"}],"replies":[{"embeddable":true,"href":"https:\/\/smamontreal.ca\/en\/wp-json\/wp\/v2\/comments?post=10359"}],"version-history":[{"count":16,"href":"https:\/\/smamontreal.ca\/en\/wp-json\/wp\/v2\/pages\/10359\/revisions"}],"predecessor-version":[{"id":10896,"href":"https:\/\/smamontreal.ca\/en\/wp-json\/wp\/v2\/pages\/10359\/revisions\/10896"}],"wp:attachment":[{"href":"https:\/\/smamontreal.ca\/en\/wp-json\/wp\/v2\/media?parent=10359"}],"wp:term":[{"taxonomy":"yst_prominent_words","embeddable":true,"href":"https:\/\/smamontreal.ca\/en\/wp-json\/wp\/v2\/yst_prominent_words?post=10359"}],"curies":[{"name":"wp","href":"https:\/\/api.w.org\/{rel}","templated":true}]}}