{"id":10380,"date":"2021-08-23T19:18:58","date_gmt":"2021-08-23T23:18:58","guid":{"rendered":"https:\/\/smamontreal.ca\/?page_id=10380"},"modified":"2021-11-11T20:21:01","modified_gmt":"2021-11-12T01:21:01","slug":"frequences-de-byzance","status":"publish","type":"page","link":"https:\/\/smamontreal.ca\/en\/frequences-de-byzance\/","title":{"rendered":"FR\u00c9QUENCES DE BYZANCE"},"content":{"rendered":"<div class='flex_column av-all4nu-74c86ad91a03fcf797423aef5f2b1566 av_one_half  avia-builder-el-0  el_before_av_one_half  avia-builder-el-first  first flex_column_div '     ><p><div  class='avia-slideshow av-9g3fii-761992d47572a986799244a27d643d46 avia-slideshow-no scaling av_slideshow avia-slide-slider  avia-builder-el-1  el_before_av_social_share  avia-builder-el-first  av-slideshow-ui av-control-default av-slideshow-autoplay av-loop-endless av-loop-manual-endless av-default-height-applied avia-slideshow-1' data-slideshow-options=\"{&quot;animation&quot;:&quot;slide&quot;,&quot;autoplay&quot;:true,&quot;loop_autoplay&quot;:&quot;endless&quot;,&quot;interval&quot;:5,&quot;loop_manual&quot;:&quot;manual-endless&quot;,&quot;autoplay_stopper&quot;:false,&quot;noNavigation&quot;:false,&quot;bg_slider&quot;:false,&quot;keep_padding&quot;:false,&quot;hoverpause&quot;:false,&quot;show_slide_delay&quot;:0}\"  itemprop=\"image\" itemscope=\"itemscope\" itemtype=\"https:\/\/schema.org\/ImageObject\" ><ul class='avia-slideshow-inner ' style='padding-bottom: 111.92170818505%;'><li  class='avia-slideshow-slide av-9g3fii-761992d47572a986799244a27d643d46__0  av-single-slide slide-1 slide-odd'><div data-rel='slideshow-1' class='avia-slide-wrap '   ><img class=\"wp-image-10381 avia-img-lazy-loading-not-10381\"  src=\"https:\/\/smamontreal.ca\/wp-content\/uploads\/2021\/08\/SMAM_2021-22_pageweb_concertintime_1byzane_ENG_v1.jpg\" width=\"562\" height=\"629\" title='SMAM_2021-22_pageweb_concertintime_1byzane_ENG_v1' alt=''  itemprop=\"thumbnailUrl\" srcset=\"https:\/\/smamontreal.ca\/wp-content\/uploads\/2021\/08\/SMAM_2021-22_pageweb_concertintime_1byzane_ENG_v1.jpg 562w, https:\/\/smamontreal.ca\/wp-content\/uploads\/2021\/08\/SMAM_2021-22_pageweb_concertintime_1byzane_ENG_v1-268x300.jpg 268w, https:\/\/smamontreal.ca\/wp-content\/uploads\/2021\/08\/SMAM_2021-22_pageweb_concertintime_1byzane_ENG_v1-450x504.jpg 450w\" sizes=\"(max-width: 562px) 100vw, 562px\" \/><\/div><\/li><\/ul><\/div><br \/>\n<div  class='av-social-sharing-box av-68meqi-8385262a60b315a88bf068f1946d4684 av-social-sharing-box-minimal  avia-builder-el-2  el_after_av_slideshow  avia-builder-el-last  av-social-sharing-box-fullwidth'><div class=\"av-share-box\"><ul class=\"av-share-box-list noLightbox\"><li class='av-share-link av-social-link-facebook' ><a target=\"_blank\" aria-label=\"Share on Facebook\" href='https:\/\/www.facebook.com\/sharer.php?u=https:\/\/smamontreal.ca\/en\/frequences-de-byzance\/&#038;t=FR%C3%89QUENCES%20DE%20BYZANCE' aria-hidden='false' data-av_icon='\ue8f3' data-av_iconfont='entypo-fontello' title='' data-avia-related-tooltip='Share on Facebook' rel=\"noopener\"><span class='avia_hidden_link_text'>Share on Facebook<\/span><\/a><\/li><li class='av-share-link av-social-link-twitter' ><a target=\"_blank\" aria-label=\"Share on Twitter\" href='https:\/\/twitter.com\/share?text=FR%C3%89QUENCES%20DE%20BYZANCE&#038;url=https:\/\/smamontreal.ca\/en\/?p=10380' aria-hidden='false' data-av_icon='\ue8f1' data-av_iconfont='entypo-fontello' title='' data-avia-related-tooltip='Share on Twitter' rel=\"noopener\"><span class='avia_hidden_link_text'>Share on Twitter<\/span><\/a><\/li><li class='av-share-link av-social-link-mail' ><a  aria-label=\"Share by Mail\" href='mailto:?subject=FR%C3%89QUENCES%20DE%20BYZANCE&#038;body=https:\/\/smamontreal.ca\/en\/frequences-de-byzance\/' aria-hidden='false' data-av_icon='\ue805' data-av_iconfont='entypo-fontello' title='' data-avia-related-tooltip='Share by Mail'><span class='avia_hidden_link_text'>Share by Mail<\/span><\/a><\/li><\/ul><\/div><\/div><\/p><\/div>\n\n<style type=\"text\/css\" data-created_by=\"avia_inline_auto\" id=\"style-css-av-4xbqfu-957d91fccc011a04c479c01aa8ca2760\">\n.flex_column.av-4xbqfu-957d91fccc011a04c479c01aa8ca2760{\n-webkit-border-radius:0px 0px 0px 0px;\n-moz-border-radius:0px 0px 0px 0px;\nborder-radius:0px 0px 0px 0px;\n}\n<\/style>\n<div class='flex_column av-4xbqfu-957d91fccc011a04c479c01aa8ca2760 av_one_half  avia-builder-el-3  el_after_av_one_half  avia-builder-el-last  flex_column_div av-zero-column-padding '     ><p>\n<style type=\"text\/css\" data-created_by=\"avia_inline_auto\" id=\"style-css-av-kdv72q4t-ae3e5e09b4bb12df039abfe033e4141b\">\n#top .av_textblock_section.av-kdv72q4t-ae3e5e09b4bb12df039abfe033e4141b .avia_textblock{\ncolor:#000000;\n}\n<\/style>\n<section  class='av_textblock_section av-kdv72q4t-ae3e5e09b4bb12df039abfe033e4141b'  itemscope=\"itemscope\" itemtype=\"https:\/\/schema.org\/CreativeWork\" ><div class='avia_textblock av_inherit_color'  itemprop=\"text\" ><p><span style=\"color: #ffffff;\">&#8211;<\/span><strong><br \/>\nWednesday, November 3rd, 2021 \u2013 7:30 p.m.<\/strong><br \/>\n<strong>On demand until Thursday, November 11th, 2021<\/strong><br \/>\nBon-Pasteur Historic Chapel<br \/>\n<span class=\"TextRun BCX0 SCXW10563310\" lang=\"FR-CA\" xml:lang=\"FR-CA\" data-contrast=\"auto\"><span class=\"NormalTextRun BCX0 SCXW10563310\">100, Sherbrooke East, Montreal<\/span><\/span><br \/>\nSherbrooke Subway Station<\/p>\n<p><iframe loading=\"lazy\" title=\"YouTube video player\" src=\"https:\/\/www.youtube.com\/embed\/oY1xWGWWn2A\" width=\"560\" height=\"315\" frameborder=\"0\" allowfullscreen=\"allowfullscreen\"><\/iframe><\/p>\n<\/div><\/section><br \/>\n\n<style type=\"text\/css\" data-created_by=\"avia_inline_auto\" id=\"style-css-av-av_heading-492cc4092586eaa80a09ad4876611bd1\">\n#top .av-special-heading.av-av_heading-492cc4092586eaa80a09ad4876611bd1{\npadding-bottom:15px;\n}\nbody .av-special-heading.av-av_heading-492cc4092586eaa80a09ad4876611bd1 .av-special-heading-tag .heading-char{\nfont-size:25px;\n}\n.av-special-heading.av-av_heading-492cc4092586eaa80a09ad4876611bd1 .av-subheading{\nfont-size:10px;\n}\n<\/style>\n<div  class='av-special-heading av-av_heading-492cc4092586eaa80a09ad4876611bd1 av-special-heading-h3 meta-heading  avia-builder-el-5  el_after_av_textblock  el_before_av_textblock '><h3 class='av-special-heading-tag'  itemprop=\"headline\"  >SUMMARY<\/h3><div class=\"special-heading-border\"><div class=\"special-heading-inner-border\"><\/div><\/div><\/div><br \/>\n\n<style type=\"text\/css\" data-created_by=\"avia_inline_auto\" id=\"style-css-av-kdv6s4ke-c2a91250245ebf01307f7680a9011f35\">\n#top .av_textblock_section.av-kdv6s4ke-c2a91250245ebf01307f7680a9011f35 .avia_textblock{\ncolor:#000000;\n}\n<\/style>\n<section  class='av_textblock_section av-kdv6s4ke-c2a91250245ebf01307f7680a9011f35'  itemscope=\"itemscope\" itemtype=\"https:\/\/schema.org\/CreativeWork\" ><div class='avia_textblock av_inherit_color'  itemprop=\"text\" ><p class=\"p1\">A musical journey from the Byzantine Empire, with stops at different moments in time: from Syria, when the first Christians in the East sang their songs, to Constantinople, for its Phanariot Greek hymns and chants, as well as its classical Ottoman songs. A wonderful voyage in sound through these neighbouring regions that have given rise to musical traditions as rich as they are varied.<\/p>\n<section class=\"av_textblock_section\">\n<div class=\"avia_textblock av_inherit_color\"><\/div>\n<\/section>\n<\/div><\/section><br \/>\n\n<style type=\"text\/css\" data-created_by=\"avia_inline_auto\" id=\"style-css-av-av_heading-c4daf23f0ee8e1ea42659b9fd8a8276d\">\n#top .av-special-heading.av-av_heading-c4daf23f0ee8e1ea42659b9fd8a8276d{\npadding-bottom:15px;\n}\nbody .av-special-heading.av-av_heading-c4daf23f0ee8e1ea42659b9fd8a8276d .av-special-heading-tag .heading-char{\nfont-size:25px;\n}\n.av-special-heading.av-av_heading-c4daf23f0ee8e1ea42659b9fd8a8276d .av-subheading{\nfont-size:10px;\n}\n<\/style>\n<div  class='av-special-heading av-av_heading-c4daf23f0ee8e1ea42659b9fd8a8276d av-special-heading-h3 meta-heading  avia-builder-el-7  el_after_av_textblock  el_before_av_textblock '><h3 class='av-special-heading-tag'  itemprop=\"headline\"  >VIDEO PODCAST<\/h3><div class=\"special-heading-border\"><div class=\"special-heading-inner-border\"><\/div><\/div><\/div><br \/>\n<section  class='av_textblock_section av-kv9lpwio-5a112d47b206182776997cef7381218e'  itemscope=\"itemscope\" itemtype=\"https:\/\/schema.org\/CreativeWork\" ><div class='avia_textblock'  itemprop=\"text\" ><p><iframe loading=\"lazy\" width=\"560\" height=\"315\" src=\"https:\/\/www.youtube.com\/embed\/h35k1wIXdoY\" title=\"YouTube video player\" frameborder=\"0\" allow=\"accelerometer; autoplay; clipboard-write; encrypted-media; gyroscope; picture-in-picture\" allowfullscreen><\/iframe><\/p>\n<\/div><\/section><br \/>\n\n<style type=\"text\/css\" data-created_by=\"avia_inline_auto\" id=\"style-css-av-av_heading-351e8bf7d3e307d29854e7de8328ccc6\">\n#top .av-special-heading.av-av_heading-351e8bf7d3e307d29854e7de8328ccc6{\npadding-bottom:15px;\n}\nbody .av-special-heading.av-av_heading-351e8bf7d3e307d29854e7de8328ccc6 .av-special-heading-tag .heading-char{\nfont-size:25px;\n}\n.av-special-heading.av-av_heading-351e8bf7d3e307d29854e7de8328ccc6 .av-subheading{\nfont-size:10px;\n}\n<\/style>\n<div  class='av-special-heading av-av_heading-351e8bf7d3e307d29854e7de8328ccc6 av-special-heading-h3 meta-heading  avia-builder-el-9  el_after_av_textblock  el_before_av_button '><h3 class='av-special-heading-tag'  itemprop=\"headline\"  >PROGRAM<\/h3><div class=\"special-heading-border\"><div class=\"special-heading-inner-border\"><\/div><\/div><\/div><br \/>\n<div  class='avia-button-wrap av-kdv70gq3-81b3fdd2c43fbb95b51efdeebc4de590-wrap avia-button-left  avia-builder-el-10  el_after_av_heading  el_before_av_textblock ' >\n<style type=\"text\/css\" data-created_by=\"avia_inline_auto\" id=\"style-css-av-kdv70gq3-81b3fdd2c43fbb95b51efdeebc4de590\">\n#top #wrap_all .avia-button.av-kdv70gq3-81b3fdd2c43fbb95b51efdeebc4de590{\nbackground-color:#e6007e;\nborder-color:#e6007e;\ncolor:#ffffff;\n-webkit-transition:all 0.4s ease-in-out;\n-moz-transition:all 0.4s ease-in-out;\n-ms-transition:all 0.4s ease-in-out;\n-o-transition:all 0.4s ease-in-out;\ntransition:all 0.4s ease-in-out;\n}\n<\/style>\n<a href='https:\/\/smamontreal.ca\/wp-content\/uploads\/2021\/11\/Programme-Frequences.pdf' class='avia-button av-kdv70gq3-81b3fdd2c43fbb95b51efdeebc4de590 avia-icon_select-yes-left-icon avia-size-small avia-position-left' target=\"_blank\" rel=\"noopener noreferrer\"><span class='avia_button_icon avia_button_icon_left' aria-hidden='true' data-av_icon='\ue803' data-av_iconfont='entypo-fontello'><\/span><span class='avia_iconbox_title' >Read the concert program<\/span><\/a><\/div><br \/>\n\n<style type=\"text\/css\" data-created_by=\"avia_inline_auto\" id=\"style-css-av-kdv6tatr-c6bf96f33a42fa6a22151db99b8fa95a\">\n#top .av_textblock_section.av-kdv6tatr-c6bf96f33a42fa6a22151db99b8fa95a .avia_textblock{\ncolor:#000000;\n}\n<\/style>\n<section  class='av_textblock_section av-kdv6tatr-c6bf96f33a42fa6a22151db99b8fa95a'  itemscope=\"itemscope\" itemtype=\"https:\/\/schema.org\/CreativeWork\" ><div class='avia_textblock av_inherit_color'  itemprop=\"text\" ><p><em>Krathima Mode Ihos A&#8217;<\/em><br \/>\nHymne byzantin<br \/>\nGeorgios Kris (Istanbul, 1790)<\/p>\n<p><em>Btoulto yeldat doumoro<\/em><br \/>\nChant syro-maronite (VIIe si\u00e8cle)<\/p>\n<p><em>Irak Semai<\/em><br \/>\nAli Ufki (Istanbul, XVIIe si\u00e8cle)<\/p>\n<p><em>Moryomoran<\/em><br \/>\nChant syro-maronite<br \/>\n(R\u00e9gion de l&#8217;Assyrie, VIIe si\u00e8cle)<\/p>\n<p><i>Chqal nourono<\/i><br \/>\n(Chant Syro-maronite, VIIe si\u00e8cle)<\/p>\n<p><i>Emarleh<\/i><br \/>\nChant syro-maronite (VIIe si\u00e8cle)<\/p>\n<p><em>Einai ston kosmon \u2013 \u03b5\u03af\u03bd\u03b1\u03b9 \u03c3\u03c4\u03bf\u03bd \u03ba\u03cc\u03c3\u03bc\u03bf\u03bd \u03ba\u03b1\u03b9 \u03b1\u03bb\u03bb\u03ac \u03ba\u03b1\u03bb\u03bb\u03ae<\/em><br \/>\nPetros Peloponnesios (Chant Phanariote, Istanbul, XVIIIe si\u00e8cle)<\/p>\n<p><em>Terrenum Bestenegar Yuruk<\/em><br \/>\nHymne phanariote<br \/>\nTheodoros Fokaeus (Istanbul, 1843)<\/p>\n<p><em>Sto taxidhi tic zois mou \u2013 \u03c3\u03c4\u03bf \u03c4\u03b1\u03be\u03af\u03b4\u03b9 \u03c4\u03b7\u03c2 \u03b6\u03c9\u03ae\u03c2 \u03bc\u03bf\u03c5<\/em><br \/>\nChant Phanariote<br \/>\nPetros Peloponnesios (Istanbul, XVIIIe si\u00e8cle)<\/p>\n<p><em>Terk eyledi<\/em><br \/>\nZaharya Hanende (Istanbul, 1740)<\/p>\n<p><em>K\u00fcrd\u00eelihic\u00e2zk\u00e2r Saz Sem\u00e2\u00ee<\/em><br \/>\nKem\u00e2n\u00ee Tatyos Efendi (XIXe si\u00e8cle)<\/p>\n<p><em>San ta marmara tic polis \u2013 \u03a3\u03b1\u03bd \u03c4\u03b1 \u03bc\u03ac\u03c1\u03bc\u03b1\u03c1\u03b1 \u03c4\u03b7\u03c2 \u03a0\u03cc\u03bb\u03b7\u03c2<\/em><br \/>\nChant profane d\u2019Asie mineure (XIXe ou XXe si\u00e8cle)<\/p>\n<p><em>Karabourniotikos \u2013 \u039a\u03b1\u03c1\u03b1\u03bc\u03c0\u03bf\u03c5\u03c1\u03bd\u03b9\u03c9\u03c4\u03b9\u03ba\u03bf\u03c3<\/em><br \/>\nChant folklorique d\u2019Asie mineure (XIXe ou XXe si\u00e8cle)<\/p>\n<\/div><\/section><br \/>\n\n<style type=\"text\/css\" data-created_by=\"avia_inline_auto\" id=\"style-css-av-av_heading-8182d93e0321a4556f60c24594f3135e\">\n#top .av-special-heading.av-av_heading-8182d93e0321a4556f60c24594f3135e{\npadding-bottom:15px;\n}\nbody .av-special-heading.av-av_heading-8182d93e0321a4556f60c24594f3135e .av-special-heading-tag .heading-char{\nfont-size:25px;\n}\n.av-special-heading.av-av_heading-8182d93e0321a4556f60c24594f3135e .av-subheading{\nfont-size:10px;\n}\n<\/style>\n<div  class='av-special-heading av-av_heading-8182d93e0321a4556f60c24594f3135e av-special-heading-h3 meta-heading  avia-builder-el-12  el_after_av_textblock  el_before_av_textblock '><h3 class='av-special-heading-tag'  itemprop=\"headline\"  >DISTRIBUTION<\/h3><div class=\"special-heading-border\"><div class=\"special-heading-inner-border\"><\/div><\/div><\/div><br \/>\n\n<style type=\"text\/css\" data-created_by=\"avia_inline_auto\" id=\"style-css-av-kdv6w42d-59c4d3616ecac1f2eb22091be9bd520a\">\n#top .av_textblock_section.av-kdv6w42d-59c4d3616ecac1f2eb22091be9bd520a .avia_textblock{\ncolor:#000000;\n}\n<\/style>\n<section  class='av_textblock_section av-kdv6w42d-59c4d3616ecac1f2eb22091be9bd520a'  itemscope=\"itemscope\" itemtype=\"https:\/\/schema.org\/CreativeWork\" ><div class='avia_textblock av_inherit_color'  itemprop=\"text\" ><div><strong>Lamia Yared, chant<\/strong>, oud and Musical Direction<\/div>\n<div><strong>Abdul Wahab Kayyali<\/strong>, oud<\/div>\n<div><strong>Joseph Khoury<\/strong>, bendir et riqq<\/div>\n<div>\n<div><strong>Nizar Tabcharani<\/strong>, kanun<\/div>\n<div>\n<div><strong>Showan Tavakol<\/strong>, kemen\u00e7e<br \/>\n<strong>Sheila Hannigan<\/strong>, cello<\/div>\n<\/div>\n<\/div>\n<div>\n<p><strong>Olivier Kemeid<\/strong>, staging<\/p>\n<p><strong>Nikolaos Papageorgiou<\/strong>, arrangements<\/p>\n<\/div>\n<\/div><\/section><\/p><\/div>\n","protected":false},"excerpt":{"rendered":"","protected":false},"author":2,"featured_media":0,"parent":0,"menu_order":0,"comment_status":"closed","ping_status":"closed","template":"","meta":{"episode_type":"","audio_file":"","cover_image":"","cover_image_id":"","duration":"","filesize":"","date_recorded":"","explicit":"","block":"","filesize_raw":""},"yst_prominent_words":[],"_links":{"self":[{"href":"https:\/\/smamontreal.ca\/en\/wp-json\/wp\/v2\/pages\/10380"}],"collection":[{"href":"https:\/\/smamontreal.ca\/en\/wp-json\/wp\/v2\/pages"}],"about":[{"href":"https:\/\/smamontreal.ca\/en\/wp-json\/wp\/v2\/types\/page"}],"author":[{"embeddable":true,"href":"https:\/\/smamontreal.ca\/en\/wp-json\/wp\/v2\/users\/2"}],"replies":[{"embeddable":true,"href":"https:\/\/smamontreal.ca\/en\/wp-json\/wp\/v2\/comments?post=10380"}],"version-history":[{"count":18,"href":"https:\/\/smamontreal.ca\/en\/wp-json\/wp\/v2\/pages\/10380\/revisions"}],"predecessor-version":[{"id":10827,"href":"https:\/\/smamontreal.ca\/en\/wp-json\/wp\/v2\/pages\/10380\/revisions\/10827"}],"wp:attachment":[{"href":"https:\/\/smamontreal.ca\/en\/wp-json\/wp\/v2\/media?parent=10380"}],"wp:term":[{"taxonomy":"yst_prominent_words","embeddable":true,"href":"https:\/\/smamontreal.ca\/en\/wp-json\/wp\/v2\/yst_prominent_words?post=10380"}],"curies":[{"name":"wp","href":"https:\/\/api.w.org\/{rel}","templated":true}]}}