{"id":11055,"date":"2022-05-09T16:57:15","date_gmt":"2022-05-09T20:57:15","guid":{"rendered":"https:\/\/smamontreal.ca\/?page_id=11055"},"modified":"2022-11-29T19:07:11","modified_gmt":"2022-11-30T00:07:11","slug":"schutz-350","status":"publish","type":"page","link":"https:\/\/smamontreal.ca\/en\/schutz-350\/","title":{"rendered":"Sch\u00fctz 350"},"content":{"rendered":"<div class='flex_column av-all4nu-74c86ad91a03fcf797423aef5f2b1566 av_one_half  avia-builder-el-0  el_before_av_one_half  avia-builder-el-first  first flex_column_div '     ><p><div  class='avia-slideshow av-9g3fii-761992d47572a986799244a27d643d46 avia-slideshow-no scaling av_slideshow avia-slide-slider  avia-builder-el-1  el_before_av_social_share  avia-builder-el-first  av-slideshow-ui av-control-default av-slideshow-autoplay av-loop-endless av-loop-manual-endless av-default-height-applied avia-slideshow-1' data-slideshow-options=\"{&quot;animation&quot;:&quot;slide&quot;,&quot;autoplay&quot;:true,&quot;loop_autoplay&quot;:&quot;endless&quot;,&quot;interval&quot;:5,&quot;loop_manual&quot;:&quot;manual-endless&quot;,&quot;autoplay_stopper&quot;:false,&quot;noNavigation&quot;:false,&quot;bg_slider&quot;:false,&quot;keep_padding&quot;:false,&quot;hoverpause&quot;:false,&quot;show_slide_delay&quot;:0}\"  itemprop=\"image\" itemscope=\"itemscope\" itemtype=\"https:\/\/schema.org\/ImageObject\" ><ul class='avia-slideshow-inner ' style='padding-bottom: 111.92170818505%;'><li  class='avia-slideshow-slide av-9g3fii-761992d47572a986799244a27d643d46__0  av-single-slide slide-1 slide-odd'><div data-rel='slideshow-1' class='avia-slide-wrap '   ><img class=\"wp-image-11052 avia-img-lazy-loading-not-11052\"  src=\"https:\/\/smamontreal.ca\/wp-content\/uploads\/2022\/05\/SMAM_2022-23_pageweb_02_schutz350_BILINGUE_sanstexte_v3.jpg\" width=\"562\" height=\"629\" title='SMAM_2022-23_pageweb_02_schutz350_BILINGUE_sanstexte_v3' alt=''  itemprop=\"thumbnailUrl\" srcset=\"https:\/\/smamontreal.ca\/wp-content\/uploads\/2022\/05\/SMAM_2022-23_pageweb_02_schutz350_BILINGUE_sanstexte_v3.jpg 562w, https:\/\/smamontreal.ca\/wp-content\/uploads\/2022\/05\/SMAM_2022-23_pageweb_02_schutz350_BILINGUE_sanstexte_v3-268x300.jpg 268w, https:\/\/smamontreal.ca\/wp-content\/uploads\/2022\/05\/SMAM_2022-23_pageweb_02_schutz350_BILINGUE_sanstexte_v3-450x504.jpg 450w\" sizes=\"(max-width: 562px) 100vw, 562px\" \/><\/div><\/li><\/ul><\/div><br \/>\n<div  class='av-social-sharing-box av-68meqi-8385262a60b315a88bf068f1946d4684 av-social-sharing-box-minimal  avia-builder-el-2  el_after_av_slideshow  avia-builder-el-last  av-social-sharing-box-fullwidth'><div class=\"av-share-box\"><ul class=\"av-share-box-list noLightbox\"><li class='av-share-link av-social-link-facebook' ><a target=\"_blank\" aria-label=\"Share on Facebook\" href='https:\/\/www.facebook.com\/sharer.php?u=https:\/\/smamontreal.ca\/en\/schutz-350\/&#038;t=Sch%C3%BCtz%20350' aria-hidden='false' data-av_icon='\ue8f3' data-av_iconfont='entypo-fontello' title='' data-avia-related-tooltip='Share on Facebook' rel=\"noopener\"><span class='avia_hidden_link_text'>Share on Facebook<\/span><\/a><\/li><li class='av-share-link av-social-link-twitter' ><a target=\"_blank\" aria-label=\"Share on Twitter\" href='https:\/\/twitter.com\/share?text=Sch%C3%BCtz%20350&#038;url=https:\/\/smamontreal.ca\/en\/?p=11055' aria-hidden='false' data-av_icon='\ue8f1' data-av_iconfont='entypo-fontello' title='' data-avia-related-tooltip='Share on Twitter' rel=\"noopener\"><span class='avia_hidden_link_text'>Share on Twitter<\/span><\/a><\/li><li class='av-share-link av-social-link-mail' ><a  aria-label=\"Share by Mail\" href='mailto:?subject=Sch%C3%BCtz%20350&#038;body=https:\/\/smamontreal.ca\/en\/schutz-350\/' aria-hidden='false' data-av_icon='\ue805' data-av_iconfont='entypo-fontello' title='' data-avia-related-tooltip='Share by Mail'><span class='avia_hidden_link_text'>Share by Mail<\/span><\/a><\/li><\/ul><\/div><\/div><\/p><\/div>\n\n<style type=\"text\/css\" data-created_by=\"avia_inline_auto\" id=\"style-css-av-4xbqfu-957d91fccc011a04c479c01aa8ca2760\">\n.flex_column.av-4xbqfu-957d91fccc011a04c479c01aa8ca2760{\n-webkit-border-radius:0px 0px 0px 0px;\n-moz-border-radius:0px 0px 0px 0px;\nborder-radius:0px 0px 0px 0px;\n}\n<\/style>\n<div class='flex_column av-4xbqfu-957d91fccc011a04c479c01aa8ca2760 av_one_half  avia-builder-el-3  el_after_av_one_half  avia-builder-el-last  flex_column_div av-zero-column-padding '     ><p><div  class='avia-button-wrap av-kdv70gq3-acf1dbbea3834f6da8c8e871fe9e7cb9-wrap avia-button-right  avia-builder-el-4  el_before_av_textblock  avia-builder-el-first ' >\n<style type=\"text\/css\" data-created_by=\"avia_inline_auto\" id=\"style-css-av-kdv70gq3-acf1dbbea3834f6da8c8e871fe9e7cb9\">\n#top #wrap_all .avia-button.av-kdv70gq3-acf1dbbea3834f6da8c8e871fe9e7cb9{\nbackground-color:#e6007e;\nborder-color:#e6007e;\ncolor:#ffffff;\n-webkit-transition:all 0.4s ease-in-out;\n-moz-transition:all 0.4s ease-in-out;\n-ms-transition:all 0.4s ease-in-out;\n-o-transition:all 0.4s ease-in-out;\ntransition:all 0.4s ease-in-out;\n}\n<\/style>\n<a href='https:\/\/smamontreal-abonnement.tuxedobillet.com\/' class='avia-button av-kdv70gq3-acf1dbbea3834f6da8c8e871fe9e7cb9 avia-icon_select-yes-left-icon avia-size-small avia-position-right' target=\"_blank\" rel=\"noopener noreferrer\"><span class='avia_button_icon avia_button_icon_left' aria-hidden='true' data-av_icon='\ue817' data-av_iconfont='entypo-fontello'><\/span><span class='avia_iconbox_title' >Buy subscription<\/span><\/a><\/div><br \/>\n<section  class='av_textblock_section av-l3n0tt44-e51061683d43437e398a46aaa54866e2'  itemscope=\"itemscope\" itemtype=\"https:\/\/schema.org\/CreativeWork\" ><div class='avia_textblock'  itemprop=\"text\" ><p><span style=\"color: #ffffff;\">&#8211;<\/span><\/p>\n<\/div><\/section><br \/>\n<div  class='avia-button-wrap av-kdv70gq3-1-b6fc3a33574b6d1913a43c9644c475f9-wrap avia-button-right  avia-builder-el-6  el_after_av_textblock  el_before_av_textblock ' >\n<style type=\"text\/css\" data-created_by=\"avia_inline_auto\" id=\"style-css-av-kdv70gq3-1-b6fc3a33574b6d1913a43c9644c475f9\">\n#top #wrap_all .avia-button.av-kdv70gq3-1-b6fc3a33574b6d1913a43c9644c475f9{\nbackground-color:#e6007e;\nborder-color:#e6007e;\ncolor:#ffffff;\n-webkit-transition:all 0.4s ease-in-out;\n-moz-transition:all 0.4s ease-in-out;\n-ms-transition:all 0.4s ease-in-out;\n-o-transition:all 0.4s ease-in-out;\ntransition:all 0.4s ease-in-out;\n}\n<\/style>\n<a href='https:\/\/smamontreal-abonnement.tuxedobillet.com\/abonnement\/schutz-350' class='avia-button av-kdv70gq3-1-b6fc3a33574b6d1913a43c9644c475f9 avia-icon_select-yes-left-icon avia-size-small avia-position-right' target=\"_blank\" rel=\"noopener noreferrer\"><span class='avia_button_icon avia_button_icon_left' aria-hidden='true' data-av_icon='\ue817' data-av_iconfont='entypo-fontello'><\/span><span class='avia_iconbox_title' >Buy tickets<\/span><\/a><\/div><br \/>\n\n<style type=\"text\/css\" data-created_by=\"avia_inline_auto\" id=\"style-css-av-kdv72q4t-ae3e5e09b4bb12df039abfe033e4141b\">\n#top .av_textblock_section.av-kdv72q4t-ae3e5e09b4bb12df039abfe033e4141b .avia_textblock{\ncolor:#000000;\n}\n<\/style>\n<section  class='av_textblock_section av-kdv72q4t-ae3e5e09b4bb12df039abfe033e4141b'  itemscope=\"itemscope\" itemtype=\"https:\/\/schema.org\/CreativeWork\" ><div class='avia_textblock av_inherit_color'  itemprop=\"text\" ><p><span style=\"color: #ffffff;\">&#8211;<\/span><strong><br \/>\n<\/strong><\/p>\n<p><strong>Thursday, December 1st, 2022 \u2013 7:30 p.m.\u00a0<\/strong><i><span style=\"font-weight: 400;\"><br \/>\n<\/span><\/i>Bourgie Hall<br \/>\n1339 Sherbrooke West<br \/>\nMontr\u00e9al, H3G 1G2<span style=\"color: #ffffff;\">&#8211;<\/span><\/p>\n<p style=\"text-align: right;\">Bus : 24 &#8211; stop De la Montagne <img loading=\"lazy\" class=\"agency\" src=\"https:\/\/appassets.mvtdev.com\/index\/public-transit-resources\/img\/transit-types\/bus.svg\" alt=\"Bus\" width=\"20\" height=\"20\" \/><\/p>\n<div class=\"custom-ie-img-ctn flex-shrink-0 margin-right-thinner\" style=\"text-align: right;\"><span class=\"LrzXr\">Stations Guy-Concordia, Peel or Lucien-L\u2019Allier <a href=\"https:\/\/smamontreal.ca\/wp-content\/uploads\/2022\/05\/logo-metro.png\"><img loading=\"lazy\" class=\"alignnone wp-image-11042\" src=\"https:\/\/smamontreal.ca\/wp-content\/uploads\/2022\/05\/logo-metro.png\" alt=\"\" width=\"19\" height=\"19\" srcset=\"https:\/\/smamontreal.ca\/wp-content\/uploads\/2022\/05\/logo-metro.png 52w, https:\/\/smamontreal.ca\/wp-content\/uploads\/2022\/05\/logo-metro-36x36.png 36w\" sizes=\"(max-width: 19px) 100vw, 19px\" \/><\/a><\/span><\/div>\n<\/div><\/section><br \/>\n\n<style type=\"text\/css\" data-created_by=\"avia_inline_auto\" id=\"style-css-av-6b2ynj-83010c2c50b3f79eadaf78bbd4d17379\">\n#top .av-special-heading.av-6b2ynj-83010c2c50b3f79eadaf78bbd4d17379{\npadding-bottom:15px;\n}\nbody .av-special-heading.av-6b2ynj-83010c2c50b3f79eadaf78bbd4d17379 .av-special-heading-tag .heading-char{\nfont-size:25px;\n}\n.av-special-heading.av-6b2ynj-83010c2c50b3f79eadaf78bbd4d17379 .av-subheading{\nfont-size:10px;\n}\n<\/style>\n<div  class='av-special-heading av-6b2ynj-83010c2c50b3f79eadaf78bbd4d17379 av-special-heading-h3 meta-heading  avia-builder-el-8  el_after_av_textblock  el_before_av_textblock '><h3 class='av-special-heading-tag'  itemprop=\"headline\"  >PRESENTATION<\/h3><div class=\"special-heading-border\"><div class=\"special-heading-inner-border\"><\/div><\/div><\/div><br \/>\n\n<style type=\"text\/css\" data-created_by=\"avia_inline_auto\" id=\"style-css-av-kdv6s4ke-9b91ae2374b0082b1fc87de90a055a6a\">\n#top .av_textblock_section.av-kdv6s4ke-9b91ae2374b0082b1fc87de90a055a6a .avia_textblock{\ncolor:#000000;\n}\n<\/style>\n<section  class='av_textblock_section av-kdv6s4ke-9b91ae2374b0082b1fc87de90a055a6a'  itemscope=\"itemscope\" itemtype=\"https:\/\/schema.org\/CreativeWork\" ><div class='avia_textblock av_inherit_color'  itemprop=\"text\" ><p class=\"p1\"><span style=\"font-weight: 400;\">The most important German composer before Bach, Heinrich Sch\u00fctz, who died at the age of 87 in 1672, was regarded as the father of German music\u2014both for his genius and for his tireless pedagogical activity. A disciple of Gabrieli and Monteverdi, he adapted the new Italian forms to the German language and to the Lutheran faith in compositions of great depth. Composed towards the end of his life, his Christmas Story still delights, with freshness and expressive truth conveyed through its melodic charm and the choice of instruments accompanying each character.\u00a0<\/span><\/p>\n<section class=\"av_textblock_section\">\n<div class=\"avia_textblock av_inherit_color\"><\/div>\n<\/section>\n<\/div><\/section><br \/>\n\n<style type=\"text\/css\" data-created_by=\"avia_inline_auto\" id=\"style-css-av-1cesai7-5ad707c8fb50af57f4889069edb0ed96\">\n#top .av-special-heading.av-1cesai7-5ad707c8fb50af57f4889069edb0ed96{\npadding-bottom:15px;\n}\nbody .av-special-heading.av-1cesai7-5ad707c8fb50af57f4889069edb0ed96 .av-special-heading-tag .heading-char{\nfont-size:25px;\n}\n.av-special-heading.av-1cesai7-5ad707c8fb50af57f4889069edb0ed96 .av-subheading{\nfont-size:10px;\n}\n<\/style>\n<div  class='av-special-heading av-1cesai7-5ad707c8fb50af57f4889069edb0ed96 av-special-heading-h3 meta-heading  avia-builder-el-10  el_after_av_textblock  el_before_av_button '><h3 class='av-special-heading-tag'  itemprop=\"headline\"  >PROGRAM<\/h3><div class=\"special-heading-border\"><div class=\"special-heading-inner-border\"><\/div><\/div><\/div><br \/>\n<div  class='avia-button-wrap av-lb2w11ne-7c35f23808aa8b59ec89655c5ef97c78-wrap avia-button-left  avia-builder-el-11  el_after_av_heading  el_before_av_button ' >\n<style type=\"text\/css\" data-created_by=\"avia_inline_auto\" id=\"style-css-av-lb2w11ne-7c35f23808aa8b59ec89655c5ef97c78\">\n#top #wrap_all .avia-button.av-lb2w11ne-7c35f23808aa8b59ec89655c5ef97c78{\nbackground-color:#e6007e;\nborder-color:#e6007e;\ncolor:#ffffff;\n-webkit-transition:all 0.4s ease-in-out;\n-moz-transition:all 0.4s ease-in-out;\n-ms-transition:all 0.4s ease-in-out;\n-o-transition:all 0.4s ease-in-out;\ntransition:all 0.4s ease-in-out;\n}\n<\/style>\n<a href='https:\/\/smamontreal.ca\/wp-content\/uploads\/2022\/11\/programme-SCHUTZ-v29nov-1.pdf' class='avia-button av-lb2w11ne-7c35f23808aa8b59ec89655c5ef97c78 avia-icon_select-yes-left-icon avia-size-small avia-position-left' target=\"_blank\" rel=\"noopener noreferrer\"><span class='avia_button_icon avia_button_icon_left' aria-hidden='true' data-av_icon='\ue817' data-av_iconfont='entypo-fontello'><\/span><span class='avia_iconbox_title' >Read the concert program<\/span><\/a><\/div><br \/>\n<div  class='avia-button-wrap av-lb2w21i7-ecb0586796c2f87581b6969c2e7e3522-wrap avia-button-left  avia-builder-el-12  el_after_av_button  el_before_av_textblock ' >\n<style type=\"text\/css\" data-created_by=\"avia_inline_auto\" id=\"style-css-av-lb2w21i7-ecb0586796c2f87581b6969c2e7e3522\">\n#top #wrap_all .avia-button.av-lb2w21i7-ecb0586796c2f87581b6969c2e7e3522{\nbackground-color:#e6007e;\nborder-color:#e6007e;\ncolor:#ffffff;\n-webkit-transition:all 0.4s ease-in-out;\n-moz-transition:all 0.4s ease-in-out;\n-ms-transition:all 0.4s ease-in-out;\n-o-transition:all 0.4s ease-in-out;\ntransition:all 0.4s ease-in-out;\n}\n<\/style>\n<a href='https:\/\/smamontreal.ca\/wp-content\/uploads\/2022\/11\/Textes-chante\u0301s-Schutz-350.pdf' class='avia-button av-lb2w21i7-ecb0586796c2f87581b6969c2e7e3522 avia-icon_select-yes-left-icon avia-size-small avia-position-left' target=\"_blank\" rel=\"noopener noreferrer\"><span class='avia_button_icon avia_button_icon_left' aria-hidden='true' data-av_icon='\ue817' data-av_iconfont='entypo-fontello'><\/span><span class='avia_iconbox_title' >Read the lyrics<\/span><\/a><\/div><br \/>\n\n<style type=\"text\/css\" data-created_by=\"avia_inline_auto\" id=\"style-css-av-kdv6tatr-a6fcacf5fda38ddd3bdfa8466b0be30b\">\n#top .av_textblock_section.av-kdv6tatr-a6fcacf5fda38ddd3bdfa8466b0be30b .avia_textblock{\ncolor:#000000;\n}\n<\/style>\n<section  class='av_textblock_section av-kdv6tatr-a6fcacf5fda38ddd3bdfa8466b0be30b'  itemscope=\"itemscope\" itemtype=\"https:\/\/schema.org\/CreativeWork\" ><div class='avia_textblock av_inherit_color'  itemprop=\"text\" ><p><b>Heinrich Sch\u00fctz <\/b><span style=\"font-weight: 400;\">(1585-1672)<\/span><\/p>\n<p>Concerto <em>Cantate Domino<\/em> \u00e0 8 voix en deux ch\u0153urs et basse continue, SWV 463 (manus., 1650-1651)<\/p>\n<p>Motet <em>Die Himmel erz\u00e4hlen die Ehre Gottes<\/em> \u00e0 6 voix et basse continue, SWV 386\u00a0(<em>Geistliche Chormusik<\/em>, Dresde, 1648)<\/p>\n<p>Concerto <em>Nun danket alle Gott<\/em> \u00e0 10 voix en deux ch\u0153urs et basse continue, SWV 418 (<em>Symphoni\u00e6 Sacr\u00e6 III<\/em>, Dresde, 1650)<\/p>\n<p>Concerto <em>Warum toben die Heiden<\/em> \u00e0 16 voix en quatre ch\u0153urs et basse continue, SWV 23 (<em>Psalmen Davids<\/em>, Dresde, 1619)<\/p>\n<p>Motet <em>Ein Kind ist uns geboren<\/em> \u00e0 6 voix et basse continue, SWV\u00a0384 (<em>Geistliche Chormusik<\/em>, Dresde, 1648)<\/p>\n<p>Concerto <em>Magnificat anima mea<\/em> \u00e0 12 voix en trois ch\u0153urs, 2 violons, 3 trombones et basse continue, SWV 468 (manus., 1665)<\/p>\n<p>Pause<\/p>\n<p><em>Historia der Geburt Jesu Christi<\/em> [Histoire de la naissance de J\u00e9sus Christ] pour solistes, 2 violons, 2 altos, 2 fl\u00fbtes \u00e0 bec, 2 cornets \u00e0 bouquin, 2 trombones, basson et basse continue, SWV\u00a0435 (Dresde, 1660-1664)<\/p>\n<p>Concerto <em>Hodie Christus natus<\/em> est \u00e0 6 voix et basse continue, SWV\u00a0456 (manus., 1640-1650)<\/p>\n<p><em><span style=\"font-weight: 400;\">\u00a0<\/span><\/em><\/p>\n<p><span style=\"font-weight: 400;\">\u00a0<\/span><\/p>\n<\/div><\/section><br \/>\n\n<style type=\"text\/css\" data-created_by=\"avia_inline_auto\" id=\"style-css-av-rxpnlb-c16bed29583f28d18a1e3606c9866c54\">\n#top .av-special-heading.av-rxpnlb-c16bed29583f28d18a1e3606c9866c54{\npadding-bottom:15px;\n}\nbody .av-special-heading.av-rxpnlb-c16bed29583f28d18a1e3606c9866c54 .av-special-heading-tag .heading-char{\nfont-size:25px;\n}\n.av-special-heading.av-rxpnlb-c16bed29583f28d18a1e3606c9866c54 .av-subheading{\nfont-size:10px;\n}\n<\/style>\n<div  class='av-special-heading av-rxpnlb-c16bed29583f28d18a1e3606c9866c54 av-special-heading-h3 meta-heading  avia-builder-el-14  el_after_av_textblock  el_before_av_textblock '><h3 class='av-special-heading-tag'  itemprop=\"headline\"  >DISTRIBUTION<\/h3><div class=\"special-heading-border\"><div class=\"special-heading-inner-border\"><\/div><\/div><\/div><br \/>\n\n<style type=\"text\/css\" data-created_by=\"avia_inline_auto\" id=\"style-css-av-kdv6w42d-7bbfd8b33db721bfa998ace83e6d3af7\">\n#top .av_textblock_section.av-kdv6w42d-7bbfd8b33db721bfa998ace83e6d3af7 .avia_textblock{\ncolor:#000000;\n}\n<\/style>\n<section  class='av_textblock_section av-kdv6w42d-7bbfd8b33db721bfa998ace83e6d3af7'  itemscope=\"itemscope\" itemtype=\"https:\/\/schema.org\/CreativeWork\" ><div class='avia_textblock av_inherit_color'  itemprop=\"text\" ><p><span style=\"font-weight: 400;\"><strong>Solistes<\/strong><br \/>\n<strong>Marie Magistry<\/strong>, soprano<br \/>\n<strong>Michiel Schrey<\/strong>, tenor<br \/>\n<strong>John Giffen<\/strong>, bass<br \/>\n<\/span><\/p>\n<p class=\"p1\"><strong>Choristes-Solistes<\/strong><br \/>\n<strong>Jos\u00e9e Lalonde<\/strong> et <strong>Marie-Andr\u00e9e Mathieu<\/strong><span class=\"s1\">, altos<\/span><br \/>\n<strong>Kerry Bursey<\/strong> et <strong>Arthur Tanguay-Labrosse<\/strong><span class=\"s1\">, tenors<br \/>\n<\/span><strong>Fran\u00e7ois-Nicolas Guertin<\/strong> et <strong>William Kraushaar<\/strong><span class=\"s1\">, basses<\/span><\/p>\n<p class=\"p1\"><strong>Choristes<\/strong><br \/>\n<strong>Megan Chartrand<\/strong>,<strong> Rebecca Dowd Lekx<\/strong>, <strong>Stephanie Manias<\/strong>, s<span class=\"s1\">opranos<br \/>\n<\/span><strong>Charlotte Cumberbirch<\/strong>, <strong>Marie-Jos\u00e9e Goyette<\/strong>, altos<br \/>\n<strong>Justin Jalea<\/strong>, te<span class=\"s1\">nor<br \/>\n<\/span><strong>Victor Chisholm<\/strong>, bass<\/p>\n<p><span style=\"font-weight: 400;\"><strong>Instrumentistes<\/strong><br \/>\n<\/span><strong>Sallynee Amawat<\/strong>, violin 1<br \/>\n<strong>Shin Jimin<\/strong>, violin 2<br \/>\n<strong>Jacques-Andr\u00e9 Houle<\/strong>, <strong>Margaret Little<\/strong>, altos<br \/>\n<strong>Amanda Keesmaat<\/strong>, violone<br \/>\n<strong>Vincent Lauzer<\/strong>, <strong>Alexa Raine-Wright<\/strong>, recorder<br \/>\n<strong>Matthew Jennejohn<\/strong>, <strong>Shawn Spicer<\/strong>, c<span class=\"s1\">ornets<br \/>\n<\/span><strong>Trevor Dix<\/strong>, sackbut<span class=\"s1\"><br \/>\n<\/span><strong>Peter Christensen<\/strong>, <strong>Dominique Lortie<\/strong>, t<span class=\"s1\">rombones<br \/>\n<\/span><strong>Antoine Malette-Ch\u00e9nier<\/strong>, h<span class=\"s1\">arp<br \/>\n<\/span><strong>Mary Chalk<\/strong>, b<span class=\"s1\">assoon<br \/>\n<\/span><strong>Christophe Gauthier<\/strong>, organ<\/p>\n<p><strong>Andrew McAnerney<\/strong>, musical direction<\/p>\n<\/div><\/section><\/p><\/div>\n","protected":false},"excerpt":{"rendered":"","protected":false},"author":2,"featured_media":11052,"parent":0,"menu_order":0,"comment_status":"closed","ping_status":"closed","template":"","meta":{"episode_type":"","audio_file":"","cover_image":"","cover_image_id":"","duration":"","filesize":"","date_recorded":"","explicit":"","block":"","filesize_raw":""},"yst_prominent_words":[],"_links":{"self":[{"href":"https:\/\/smamontreal.ca\/en\/wp-json\/wp\/v2\/pages\/11055"}],"collection":[{"href":"https:\/\/smamontreal.ca\/en\/wp-json\/wp\/v2\/pages"}],"about":[{"href":"https:\/\/smamontreal.ca\/en\/wp-json\/wp\/v2\/types\/page"}],"author":[{"embeddable":true,"href":"https:\/\/smamontreal.ca\/en\/wp-json\/wp\/v2\/users\/2"}],"replies":[{"embeddable":true,"href":"https:\/\/smamontreal.ca\/en\/wp-json\/wp\/v2\/comments?post=11055"}],"version-history":[{"count":20,"href":"https:\/\/smamontreal.ca\/en\/wp-json\/wp\/v2\/pages\/11055\/revisions"}],"predecessor-version":[{"id":11809,"href":"https:\/\/smamontreal.ca\/en\/wp-json\/wp\/v2\/pages\/11055\/revisions\/11809"}],"wp:featuredmedia":[{"embeddable":true,"href":"https:\/\/smamontreal.ca\/en\/wp-json\/wp\/v2\/media\/11052"}],"wp:attachment":[{"href":"https:\/\/smamontreal.ca\/en\/wp-json\/wp\/v2\/media?parent=11055"}],"wp:term":[{"taxonomy":"yst_prominent_words","embeddable":true,"href":"https:\/\/smamontreal.ca\/en\/wp-json\/wp\/v2\/yst_prominent_words?post=11055"}],"curies":[{"name":"wp","href":"https:\/\/api.w.org\/{rel}","templated":true}]}}