{"id":11146,"date":"2022-05-09T19:12:45","date_gmt":"2022-05-09T23:12:45","guid":{"rendered":"https:\/\/smamontreal.ca\/?page_id=11146"},"modified":"2023-04-24T23:07:54","modified_gmt":"2023-04-25T03:07:54","slug":"triste-plaisir-et-douloureuse-joie-2","status":"publish","type":"page","link":"https:\/\/smamontreal.ca\/en\/triste-plaisir-et-douloureuse-joie-2\/","title":{"rendered":"Triste plaisir et douloureuse joie"},"content":{"rendered":"<div class='flex_column av-all4nu-74c86ad91a03fcf797423aef5f2b1566 av_one_half  avia-builder-el-0  el_before_av_one_half  avia-builder-el-first  first flex_column_div '     ><p><div  class='avia-slideshow av-9g3fii-761992d47572a986799244a27d643d46 avia-slideshow-no scaling av_slideshow avia-slide-slider  avia-builder-el-1  el_before_av_social_share  avia-builder-el-first  av-slideshow-ui av-control-default av-slideshow-autoplay av-loop-endless av-loop-manual-endless av-default-height-applied avia-slideshow-1' data-slideshow-options=\"{&quot;animation&quot;:&quot;slide&quot;,&quot;autoplay&quot;:true,&quot;loop_autoplay&quot;:&quot;endless&quot;,&quot;interval&quot;:5,&quot;loop_manual&quot;:&quot;manual-endless&quot;,&quot;autoplay_stopper&quot;:false,&quot;noNavigation&quot;:false,&quot;bg_slider&quot;:false,&quot;keep_padding&quot;:false,&quot;hoverpause&quot;:false,&quot;show_slide_delay&quot;:0}\"  itemprop=\"image\" itemscope=\"itemscope\" itemtype=\"https:\/\/schema.org\/ImageObject\" ><ul class='avia-slideshow-inner ' style='padding-bottom: 111.92170818505%;'><li  class='avia-slideshow-slide av-9g3fii-761992d47572a986799244a27d643d46__0  av-single-slide slide-1 slide-odd'><div data-rel='slideshow-1' class='avia-slide-wrap '   ><img class=\"wp-image-11144 avia-img-lazy-loading-not-11144\"  src=\"https:\/\/smamontreal.ca\/wp-content\/uploads\/2022\/05\/SMAM_2022-23_pageweb_concertintime_04_tristeplaisir_BILINGUE_sanstexte_v3.jpg\" width=\"562\" height=\"629\" title='SMAM_2022-23_pageweb_concertintime_04_tristeplaisir_BILINGUE_sanstexte_v3' alt=''  itemprop=\"thumbnailUrl\" srcset=\"https:\/\/smamontreal.ca\/wp-content\/uploads\/2022\/05\/SMAM_2022-23_pageweb_concertintime_04_tristeplaisir_BILINGUE_sanstexte_v3.jpg 562w, https:\/\/smamontreal.ca\/wp-content\/uploads\/2022\/05\/SMAM_2022-23_pageweb_concertintime_04_tristeplaisir_BILINGUE_sanstexte_v3-268x300.jpg 268w, https:\/\/smamontreal.ca\/wp-content\/uploads\/2022\/05\/SMAM_2022-23_pageweb_concertintime_04_tristeplaisir_BILINGUE_sanstexte_v3-450x504.jpg 450w\" sizes=\"(max-width: 562px) 100vw, 562px\" \/><\/div><\/li><\/ul><\/div><br \/>\n<div  class='av-social-sharing-box av-68meqi-8385262a60b315a88bf068f1946d4684 av-social-sharing-box-minimal  avia-builder-el-2  el_after_av_slideshow  avia-builder-el-last  av-social-sharing-box-fullwidth'><div class=\"av-share-box\"><ul class=\"av-share-box-list noLightbox\"><li class='av-share-link av-social-link-facebook' ><a target=\"_blank\" aria-label=\"Share on Facebook\" href='https:\/\/www.facebook.com\/sharer.php?u=https:\/\/smamontreal.ca\/en\/triste-plaisir-et-douloureuse-joie-2\/&#038;t=Triste%20plaisir%20et%20douloureuse%20joie' aria-hidden='false' data-av_icon='\ue8f3' data-av_iconfont='entypo-fontello' title='' data-avia-related-tooltip='Share on Facebook' rel=\"noopener\"><span class='avia_hidden_link_text'>Share on Facebook<\/span><\/a><\/li><li class='av-share-link av-social-link-twitter' ><a target=\"_blank\" aria-label=\"Share on Twitter\" href='https:\/\/twitter.com\/share?text=Triste%20plaisir%20et%20douloureuse%20joie&#038;url=https:\/\/smamontreal.ca\/en\/?p=11146' aria-hidden='false' data-av_icon='\ue8f1' data-av_iconfont='entypo-fontello' title='' data-avia-related-tooltip='Share on Twitter' rel=\"noopener\"><span class='avia_hidden_link_text'>Share on Twitter<\/span><\/a><\/li><li class='av-share-link av-social-link-mail' ><a  aria-label=\"Share by Mail\" href='mailto:?subject=Triste%20plaisir%20et%20douloureuse%20joie&#038;body=https:\/\/smamontreal.ca\/en\/triste-plaisir-et-douloureuse-joie-2\/' aria-hidden='false' data-av_icon='\ue805' data-av_iconfont='entypo-fontello' title='' data-avia-related-tooltip='Share by Mail'><span class='avia_hidden_link_text'>Share by Mail<\/span><\/a><\/li><\/ul><\/div><\/div><\/p><\/div>\n\n<style type=\"text\/css\" data-created_by=\"avia_inline_auto\" id=\"style-css-av-4xbqfu-957d91fccc011a04c479c01aa8ca2760\">\n.flex_column.av-4xbqfu-957d91fccc011a04c479c01aa8ca2760{\n-webkit-border-radius:0px 0px 0px 0px;\n-moz-border-radius:0px 0px 0px 0px;\nborder-radius:0px 0px 0px 0px;\n}\n<\/style>\n<div class='flex_column av-4xbqfu-957d91fccc011a04c479c01aa8ca2760 av_one_half  avia-builder-el-3  el_after_av_one_half  avia-builder-el-last  flex_column_div av-zero-column-padding '     ><p><div  class='avia-button-wrap av-kdv70gq3-a03f4d81e1314b6503b8a7819eaa741d-wrap avia-button-right  avia-builder-el-4  el_before_av_textblock  avia-builder-el-first ' >\n<style type=\"text\/css\" data-created_by=\"avia_inline_auto\" id=\"style-css-av-kdv70gq3-a03f4d81e1314b6503b8a7819eaa741d\">\n#top #wrap_all .avia-button.av-kdv70gq3-a03f4d81e1314b6503b8a7819eaa741d{\nbackground-color:#e6007e;\nborder-color:#e6007e;\ncolor:#ffffff;\n-webkit-transition:all 0.4s ease-in-out;\n-moz-transition:all 0.4s ease-in-out;\n-ms-transition:all 0.4s ease-in-out;\n-o-transition:all 0.4s ease-in-out;\ntransition:all 0.4s ease-in-out;\n}\n<\/style>\n<a href='https:\/\/smamontreal-abonnement.tuxedobillet.com\/' class='avia-button av-kdv70gq3-a03f4d81e1314b6503b8a7819eaa741d avia-icon_select-yes-left-icon avia-size-small avia-position-right' target=\"_blank\" rel=\"noopener noreferrer\"><span class='avia_button_icon avia_button_icon_left' aria-hidden='true' data-av_icon='\ue817' data-av_iconfont='entypo-fontello'><\/span><span class='avia_iconbox_title' >Buy subscription <\/span><\/a><\/div><br \/>\n<section  class='av_textblock_section av-l3n1i8mo-bda513002113897a8b90b2da99da853a'  itemscope=\"itemscope\" itemtype=\"https:\/\/schema.org\/CreativeWork\" ><div class='avia_textblock'  itemprop=\"text\" ><p><span style=\"color: #ffffff;\">&#8211;<\/span><\/p>\n<\/div><\/section><br \/>\n<div  class='avia-button-wrap av-kdv70gq3-683eba88f28a48563bed769e7224408b-wrap avia-button-right  avia-builder-el-6  el_after_av_textblock  el_before_av_textblock ' >\n<style type=\"text\/css\" data-created_by=\"avia_inline_auto\" id=\"style-css-av-kdv70gq3-683eba88f28a48563bed769e7224408b\">\n#top #wrap_all .avia-button.av-kdv70gq3-683eba88f28a48563bed769e7224408b{\nbackground-color:#e6007e;\nborder-color:#e6007e;\ncolor:#ffffff;\n-webkit-transition:all 0.4s ease-in-out;\n-moz-transition:all 0.4s ease-in-out;\n-ms-transition:all 0.4s ease-in-out;\n-o-transition:all 0.4s ease-in-out;\ntransition:all 0.4s ease-in-out;\n}\n<\/style>\n<a href='https:\/\/smamontreal-abonnement.tuxedobillet.com\/abonnement\/triste-plaisir-et-douloureuse-joie' class='avia-button av-kdv70gq3-683eba88f28a48563bed769e7224408b avia-icon_select-yes-left-icon avia-size-small avia-position-right' target=\"_blank\" rel=\"noopener noreferrer\"><span class='avia_button_icon avia_button_icon_left' aria-hidden='true' data-av_icon='\ue817' data-av_iconfont='entypo-fontello'><\/span><span class='avia_iconbox_title' >Buy tickets <\/span><\/a><\/div><br \/>\n\n<style type=\"text\/css\" data-created_by=\"avia_inline_auto\" id=\"style-css-av-kdv72q4t-fd2b7c6b5ffebda735d114c3fe01b54d\">\n#top .av_textblock_section.av-kdv72q4t-fd2b7c6b5ffebda735d114c3fe01b54d .avia_textblock{\ncolor:#000000;\n}\n<\/style>\n<section  class='av_textblock_section av-kdv72q4t-fd2b7c6b5ffebda735d114c3fe01b54d'  itemscope=\"itemscope\" itemtype=\"https:\/\/schema.org\/CreativeWork\" ><div class='avia_textblock av_inherit_color'  itemprop=\"text\" ><p><span style=\"color: #ffffff;\">&#8211;<\/span><strong><br \/>\n<\/strong><\/p>\n<p><strong>Wednesday, April 26th, 2023 \u2013 7:30 p.m.<br \/>\n<\/strong><i><\/i>Chapelle historique du Bon-Pasteur<br \/>\n100 Sherbrooke East<br \/>\nMontr\u00e9al, H2X 1C3<span style=\"color: #ffffff;\">&#8211;<\/span><\/p>\n<p style=\"text-align: right;\">Bus : 24 &#8211; stop Saint-Laurent <img loading=\"lazy\" class=\"agency\" src=\"https:\/\/appassets.mvtdev.com\/index\/public-transit-resources\/img\/transit-types\/bus.svg\" alt=\"Bus\" width=\"20\" height=\"20\" \/><\/p>\n<div class=\"custom-ie-img-ctn flex-shrink-0 margin-right-thinner\" style=\"text-align: right;\"><span class=\"LrzXr\">Station Sherbrooke \/ Station Saint-Laurent <a href=\"https:\/\/smamontreal.ca\/wp-content\/uploads\/2022\/05\/logo-metro.png\"><img loading=\"lazy\" class=\"alignnone wp-image-11042\" src=\"https:\/\/smamontreal.ca\/wp-content\/uploads\/2022\/05\/logo-metro.png\" alt=\"\" width=\"19\" height=\"19\" srcset=\"https:\/\/smamontreal.ca\/wp-content\/uploads\/2022\/05\/logo-metro.png 52w, https:\/\/smamontreal.ca\/wp-content\/uploads\/2022\/05\/logo-metro-36x36.png 36w\" sizes=\"(max-width: 19px) 100vw, 19px\" \/><\/a><\/span><\/div>\n<\/div><\/section><br \/>\n\n<style type=\"text\/css\" data-created_by=\"avia_inline_auto\" id=\"style-css-av-5iqqbu-084e66c6a80d34c8cdb26c6c0dfbf556\">\n#top .av-special-heading.av-5iqqbu-084e66c6a80d34c8cdb26c6c0dfbf556{\npadding-bottom:15px;\n}\nbody .av-special-heading.av-5iqqbu-084e66c6a80d34c8cdb26c6c0dfbf556 .av-special-heading-tag .heading-char{\nfont-size:25px;\n}\n.av-special-heading.av-5iqqbu-084e66c6a80d34c8cdb26c6c0dfbf556 .av-subheading{\nfont-size:10px;\n}\n<\/style>\n<div  class='av-special-heading av-5iqqbu-084e66c6a80d34c8cdb26c6c0dfbf556 av-special-heading-h3 meta-heading  avia-builder-el-8  el_after_av_textblock  el_before_av_textblock '><h3 class='av-special-heading-tag'  itemprop=\"headline\"  >PRESENTATION<\/h3><div class=\"special-heading-border\"><div class=\"special-heading-inner-border\"><\/div><\/div><\/div><br \/>\n\n<style type=\"text\/css\" data-created_by=\"avia_inline_auto\" id=\"style-css-av-kdv6s4ke-c2a91250245ebf01307f7680a9011f35\">\n#top .av_textblock_section.av-kdv6s4ke-c2a91250245ebf01307f7680a9011f35 .avia_textblock{\ncolor:#000000;\n}\n<\/style>\n<section  class='av_textblock_section av-kdv6s4ke-c2a91250245ebf01307f7680a9011f35'  itemscope=\"itemscope\" itemtype=\"https:\/\/schema.org\/CreativeWork\" ><div class='avia_textblock av_inherit_color'  itemprop=\"text\" ><p class=\"p1\"><span style=\"font-weight: 400;\">In a monastery, a mystical abbess composes rhapsodic songs to the glory of God. Below the window of a woman married to a wealthy lord, a troubadour sings of his ardent love. In a vast gothic cathedral, pilgrims begin a few songs of devotion to the Virgin at the end of their long journey. Around a banquet table, some noblemen enjoy the bounty of their hunt to the sounds of a joyful estampie\u2026 Many are the songs and instrumental pieces of the Middle Ages that accompanied activities of daily life, for both the poor peasantry and the wealthy nobility.<\/span><\/p>\n<section class=\"av_textblock_section\">\n<div class=\"avia_textblock av_inherit_color\"><\/div>\n<\/section>\n<\/div><\/section><br \/>\n\n<style type=\"text\/css\" data-created_by=\"avia_inline_auto\" id=\"style-css-av-13dewh6-42eefc98bd4c189b066d0b607f340533\">\n#top .av-special-heading.av-13dewh6-42eefc98bd4c189b066d0b607f340533{\npadding-bottom:15px;\n}\nbody .av-special-heading.av-13dewh6-42eefc98bd4c189b066d0b607f340533 .av-special-heading-tag .heading-char{\nfont-size:25px;\n}\n.av-special-heading.av-13dewh6-42eefc98bd4c189b066d0b607f340533 .av-subheading{\nfont-size:10px;\n}\n<\/style>\n<div  class='av-special-heading av-13dewh6-42eefc98bd4c189b066d0b607f340533 av-special-heading-h3 meta-heading  avia-builder-el-10  el_after_av_textblock  el_before_av_button '><h3 class='av-special-heading-tag'  itemprop=\"headline\"  >PROGRAM<\/h3><div class=\"special-heading-border\"><div class=\"special-heading-inner-border\"><\/div><\/div><\/div><br \/>\n<div  class='avia-button-wrap av-lgvoet5m-89e1d29bec1f2c2ae08087c74ca14088-wrap avia-button-left  avia-builder-el-11  el_after_av_heading  el_before_av_textblock ' >\n<style type=\"text\/css\" data-created_by=\"avia_inline_auto\" id=\"style-css-av-lgvoet5m-89e1d29bec1f2c2ae08087c74ca14088\">\n#top #wrap_all .avia-button.av-lgvoet5m-89e1d29bec1f2c2ae08087c74ca14088{\nbackground-color:#e6007e;\nborder-color:#e6007e;\ncolor:#ffffff;\n-webkit-transition:all 0.4s ease-in-out;\n-moz-transition:all 0.4s ease-in-out;\n-ms-transition:all 0.4s ease-in-out;\n-o-transition:all 0.4s ease-in-out;\ntransition:all 0.4s ease-in-out;\n}\n<\/style>\n<a href='https:\/\/smamontreal.ca\/wp-content\/uploads\/2023\/04\/Programme_Triste-plaisir_web.pdf' class='avia-button av-lgvoet5m-89e1d29bec1f2c2ae08087c74ca14088 avia-icon_select-no avia-size-small avia-position-left' target=\"_blank\" rel=\"noopener noreferrer\"><span class='avia_iconbox_title' >Read the concert program<\/span><\/a><\/div><br \/>\n\n<style type=\"text\/css\" data-created_by=\"avia_inline_auto\" id=\"style-css-av-kdv6tatr-a6fcacf5fda38ddd3bdfa8466b0be30b\">\n#top .av_textblock_section.av-kdv6tatr-a6fcacf5fda38ddd3bdfa8466b0be30b .avia_textblock{\ncolor:#000000;\n}\n<\/style>\n<section  class='av_textblock_section av-kdv6tatr-a6fcacf5fda38ddd3bdfa8466b0be30b'  itemscope=\"itemscope\" itemtype=\"https:\/\/schema.org\/CreativeWork\" ><div class='avia_textblock av_inherit_color'  itemprop=\"text\" ><p class=\"p1\"><b>Hildegard von Bingen<\/b> (1098 &#8211; 1179)<br \/>\n<em>O quam mirabilis (Antiphon)<\/em><\/p>\n<p class=\"p1\"><em><b>Le Livre vermeil de Montserrat<\/b><\/em><i>,<\/i> vers 1370<br \/>\n<em>Maria matrem<\/em><\/p>\n<p class=\"p1\"><b>Guiraut de Bornelh<\/b> (1138 &#8211; 1215)<br \/>\n<em>Reis glorios<\/em><\/p>\n<p class=\"p1\"><b>Guillaume de Machaut<\/b> (v. 1300 \u2013 1377)<br \/>\n<em>Douce dame jolie<\/em><\/p>\n<p class=\"p1\"><em><b>Cantigas de Santa Maria<\/b><\/em> (XIII<span class=\"s1\">e<\/span> si\u00e8cle)<br \/>\n<em>Santa maria amar<\/em><\/p>\n<p class=\"p1\"><b>Giovanni da Firenze (da Cascia) <\/b>(1270 \u2013 v. 1350)<br \/>\n<em>Io son un pellegrin<\/em><\/p>\n<p class=\"p1\"><b>Anonyme<\/b> (XIV<span class=\"s1\">e<\/span> si\u00e8cle)<br \/>\n<em>Saltarello<\/em><\/p>\n<p class=\"p1\"><b>Jaufr\u00e9 Rudel<\/b> (v. 1130 \u2013\u00a0?)<br \/>\n<em>Quand lo rossignol<\/em><\/p>\n<p class=\"p1\"><b>Jehan de Lescurel<\/b> (fin XIII<span class=\"s1\">e<\/span> s. \u2013 d\u00e9but XIV<span class=\"s1\">e<\/span> s.)<br \/>\n<em>Dis t\u2019en plus<\/em><\/p>\n<p class=\"p1\"><b>Johannes Ciconia<\/b>\u00a0(v. 1370 \u2013 1412)<br \/>\n<em>Oh rosa bella<\/em><\/p>\n<p class=\"p1\"><strong><em>Manuscrit du Roy<\/em><\/strong> (XIII<span class=\"s1\">e<\/span> si\u00e8cle)<br \/>\n<em>Quarte estampie royale<\/em><\/p>\n<p><i><\/i><b> Comtesse Beatriz de Dia<\/b> (v. 1175 \u2013 v. 1212)<br \/>\n<em>A chantar<\/em><\/p>\n<p class=\"p1\"><b>Gilles Binchois<\/b> (v. 1400 \u2013 1460)<br \/>\n<em>Triste plaisir et douloureuse joie<\/em><\/p>\n<p class=\"p1\"><b><i>Codex Faenza<\/i><\/b><i> <\/i>(XV<span class=\"s1\">e<\/span> si\u00e8cle)<br \/>\n<em>Constantia<\/em><\/p>\n<p class=\"p1\"><b>Guillaume de Machaut<\/b><br \/>\n<em>Amours me fait d\u00e9sirer<\/em><\/p>\n<p class=\"p1\"><b>Trouv\u00e8re anonyme<\/b> (XIII<span class=\"s1\">e<\/span> si\u00e8cle)<br \/>\n<em>Quant le rossignol s\u2019\u00e9crie<\/em><br \/>\n<em> Dehors Loncpr\u00e9<\/em><\/p>\n<p class=\"p1\"><b>Guillaume Dufay<\/b> (1397 \u2013 1474)<br \/>\n<em>Ce moys de mai<\/em><\/p>\n<p class=\"p1\"><strong><em>Le Livre vermeil de Montserrat<\/em><\/strong><i>,<\/i> vers 1370<br \/>\n<em>Stella splendens<\/em><\/p>\n<\/div><\/section><br \/>\n\n<style type=\"text\/css\" data-created_by=\"avia_inline_auto\" id=\"style-css-av-31bf9m-fd73e47ffcd927bdebf718ca4d79da94\">\n#top .av-special-heading.av-31bf9m-fd73e47ffcd927bdebf718ca4d79da94{\npadding-bottom:15px;\n}\nbody .av-special-heading.av-31bf9m-fd73e47ffcd927bdebf718ca4d79da94 .av-special-heading-tag .heading-char{\nfont-size:25px;\n}\n.av-special-heading.av-31bf9m-fd73e47ffcd927bdebf718ca4d79da94 .av-subheading{\nfont-size:10px;\n}\n<\/style>\n<div  class='av-special-heading av-31bf9m-fd73e47ffcd927bdebf718ca4d79da94 av-special-heading-h3 meta-heading  avia-builder-el-13  el_after_av_textblock  el_before_av_textblock '><h3 class='av-special-heading-tag'  itemprop=\"headline\"  >DISTRIBUTION<\/h3><div class=\"special-heading-border\"><div class=\"special-heading-inner-border\"><\/div><\/div><\/div><br \/>\n\n<style type=\"text\/css\" data-created_by=\"avia_inline_auto\" id=\"style-css-av-kdv6w42d-7bbfd8b33db721bfa998ace83e6d3af7\">\n#top .av_textblock_section.av-kdv6w42d-7bbfd8b33db721bfa998ace83e6d3af7 .avia_textblock{\ncolor:#000000;\n}\n<\/style>\n<section  class='av_textblock_section av-kdv6w42d-7bbfd8b33db721bfa998ace83e6d3af7'  itemscope=\"itemscope\" itemtype=\"https:\/\/schema.org\/CreativeWork\" ><div class='avia_textblock av_inherit_color'  itemprop=\"text\" ><p><span style=\"font-weight: 400;\"><strong>Ghislaine Deschambault<\/strong>, voice<br \/>\n<strong>Antoine Malette-Ch\u00e9nier<\/strong>, gothic harp<br \/>\n<strong>\u00c9milie Br\u00fbl\u00e9<\/strong>, violin and vielle<\/span><\/p>\n<\/div><\/section><\/p><\/div>\n","protected":false},"excerpt":{"rendered":"","protected":false},"author":2,"featured_media":11143,"parent":0,"menu_order":0,"comment_status":"closed","ping_status":"closed","template":"","meta":{"episode_type":"","audio_file":"","cover_image":"","cover_image_id":"","duration":"","filesize":"","date_recorded":"","explicit":"","block":"","filesize_raw":""},"yst_prominent_words":[],"_links":{"self":[{"href":"https:\/\/smamontreal.ca\/en\/wp-json\/wp\/v2\/pages\/11146"}],"collection":[{"href":"https:\/\/smamontreal.ca\/en\/wp-json\/wp\/v2\/pages"}],"about":[{"href":"https:\/\/smamontreal.ca\/en\/wp-json\/wp\/v2\/types\/page"}],"author":[{"embeddable":true,"href":"https:\/\/smamontreal.ca\/en\/wp-json\/wp\/v2\/users\/2"}],"replies":[{"embeddable":true,"href":"https:\/\/smamontreal.ca\/en\/wp-json\/wp\/v2\/comments?post=11146"}],"version-history":[{"count":12,"href":"https:\/\/smamontreal.ca\/en\/wp-json\/wp\/v2\/pages\/11146\/revisions"}],"predecessor-version":[{"id":12246,"href":"https:\/\/smamontreal.ca\/en\/wp-json\/wp\/v2\/pages\/11146\/revisions\/12246"}],"wp:featuredmedia":[{"embeddable":true,"href":"https:\/\/smamontreal.ca\/en\/wp-json\/wp\/v2\/media\/11143"}],"wp:attachment":[{"href":"https:\/\/smamontreal.ca\/en\/wp-json\/wp\/v2\/media?parent=11146"}],"wp:term":[{"taxonomy":"yst_prominent_words","embeddable":true,"href":"https:\/\/smamontreal.ca\/en\/wp-json\/wp\/v2\/yst_prominent_words?post=11146"}],"curies":[{"name":"wp","href":"https:\/\/api.w.org\/{rel}","templated":true}]}}