{"id":13893,"date":"2024-04-08T12:14:34","date_gmt":"2024-04-08T16:14:34","guid":{"rendered":"https:\/\/smamontreal.ca\/?page_id=13893"},"modified":"2024-04-16T11:16:32","modified_gmt":"2024-04-16T15:16:32","slug":"mtl-1849-big-concert","status":"publish","type":"page","link":"https:\/\/smamontreal.ca\/en\/mtl-1849-big-concert\/","title":{"rendered":"MTL 1849 \u00ab BIG CONCERT \u00bb"},"content":{"rendered":"<div class='flex_column av-all4nu-74c86ad91a03fcf797423aef5f2b1566 av_one_half  avia-builder-el-0  el_before_av_one_half  avia-builder-el-first  first flex_column_div '     ><p><div  class='avia-slideshow av-9g3fii-627406c57cab9e48f27e7e54c8107a4c avia-slideshow-no scaling av_slideshow avia-slide-slider  avia-builder-el-1  el_before_av_social_share  avia-builder-el-first  av-slideshow-ui av-control-default av-slideshow-autoplay av-loop-endless av-loop-manual-endless av-default-height-applied avia-slideshow-1' data-slideshow-options=\"{&quot;animation&quot;:&quot;slide&quot;,&quot;autoplay&quot;:true,&quot;loop_autoplay&quot;:&quot;endless&quot;,&quot;interval&quot;:5,&quot;loop_manual&quot;:&quot;manual-endless&quot;,&quot;autoplay_stopper&quot;:false,&quot;noNavigation&quot;:false,&quot;bg_slider&quot;:false,&quot;keep_padding&quot;:false,&quot;hoverpause&quot;:false,&quot;show_slide_delay&quot;:0}\"  itemprop=\"image\" itemscope=\"itemscope\" itemtype=\"https:\/\/schema.org\/ImageObject\" ><ul class='avia-slideshow-inner ' style='padding-bottom: 150.9234828496%;'><li  class='avia-slideshow-slide av-9g3fii-627406c57cab9e48f27e7e54c8107a4c__0  av-single-slide slide-1 slide-odd'><div data-rel='slideshow-1' class='avia-slide-wrap '   ><img class=\"wp-image-13881 avia-img-lazy-loading-not-13881\"  src=\"https:\/\/smamontreal.ca\/wp-content\/uploads\/2024\/04\/Visuel-MTL-1849.png\" width=\"758\" height=\"1144\" title='Visuel MTL 1849' alt=''  itemprop=\"thumbnailUrl\" srcset=\"https:\/\/smamontreal.ca\/wp-content\/uploads\/2024\/04\/Visuel-MTL-1849.png 758w, https:\/\/smamontreal.ca\/wp-content\/uploads\/2024\/04\/Visuel-MTL-1849-199x300.png 199w, https:\/\/smamontreal.ca\/wp-content\/uploads\/2024\/04\/Visuel-MTL-1849-682x1030.png 682w, https:\/\/smamontreal.ca\/wp-content\/uploads\/2024\/04\/Visuel-MTL-1849-467x705.png 467w, https:\/\/smamontreal.ca\/wp-content\/uploads\/2024\/04\/Visuel-MTL-1849-450x679.png 450w\" sizes=\"(max-width: 758px) 100vw, 758px\" \/><\/div><\/li><\/ul><\/div><br \/>\n<div  class='av-social-sharing-box av-68meqi-8385262a60b315a88bf068f1946d4684 av-social-sharing-box-minimal  avia-builder-el-2  el_after_av_slideshow  avia-builder-el-last  av-social-sharing-box-fullwidth'><div class=\"av-share-box\"><ul class=\"av-share-box-list noLightbox\"><li class='av-share-link av-social-link-facebook' ><a target=\"_blank\" aria-label=\"Share on Facebook\" href='https:\/\/www.facebook.com\/sharer.php?u=https:\/\/smamontreal.ca\/en\/mtl-1849-big-concert\/&#038;t=MTL%201849%20%C2%AB%20BIG%20CONCERT%20%C2%BB' aria-hidden='false' data-av_icon='\ue8f3' data-av_iconfont='entypo-fontello' title='' data-avia-related-tooltip='Share on Facebook' rel=\"noopener\"><span class='avia_hidden_link_text'>Share on Facebook<\/span><\/a><\/li><li class='av-share-link av-social-link-twitter' ><a target=\"_blank\" aria-label=\"Share on Twitter\" href='https:\/\/twitter.com\/share?text=MTL%201849%20%C2%AB%20BIG%20CONCERT%20%C2%BB&#038;url=https:\/\/smamontreal.ca\/en\/?p=13893' aria-hidden='false' data-av_icon='\ue8f1' data-av_iconfont='entypo-fontello' title='' data-avia-related-tooltip='Share on Twitter' rel=\"noopener\"><span class='avia_hidden_link_text'>Share on Twitter<\/span><\/a><\/li><li class='av-share-link av-social-link-mail' ><a  aria-label=\"Share by Mail\" href='mailto:?subject=MTL%201849%20%C2%AB%20BIG%20CONCERT%20%C2%BB&#038;body=https:\/\/smamontreal.ca\/en\/mtl-1849-big-concert\/' aria-hidden='false' data-av_icon='\ue805' data-av_iconfont='entypo-fontello' title='' data-avia-related-tooltip='Share by Mail'><span class='avia_hidden_link_text'>Share by Mail<\/span><\/a><\/li><\/ul><\/div><\/div><\/p><\/div>\n\n<style type=\"text\/css\" data-created_by=\"avia_inline_auto\" id=\"style-css-av-4xbqfu-957d91fccc011a04c479c01aa8ca2760\">\n.flex_column.av-4xbqfu-957d91fccc011a04c479c01aa8ca2760{\n-webkit-border-radius:0px 0px 0px 0px;\n-moz-border-radius:0px 0px 0px 0px;\nborder-radius:0px 0px 0px 0px;\n}\n<\/style>\n<div class='flex_column av-4xbqfu-957d91fccc011a04c479c01aa8ca2760 av_one_half  avia-builder-el-3  el_after_av_one_half  avia-builder-el-last  flex_column_div av-zero-column-padding '     ><p><div  class='avia-button-wrap av-kdv70gq3-3ab69b928148bffd66fab65aebe30ac5-wrap avia-button-right  avia-builder-el-4  el_before_av_textblock  avia-builder-el-first ' >\n<style type=\"text\/css\" data-created_by=\"avia_inline_auto\" id=\"style-css-av-kdv70gq3-3ab69b928148bffd66fab65aebe30ac5\">\n#top #wrap_all .avia-button.av-kdv70gq3-3ab69b928148bffd66fab65aebe30ac5{\nbackground-color:#e6007e;\nborder-color:#e6007e;\ncolor:#ffffff;\n-webkit-transition:all 0.4s ease-in-out;\n-moz-transition:all 0.4s ease-in-out;\n-ms-transition:all 0.4s ease-in-out;\n-o-transition:all 0.4s ease-in-out;\ntransition:all 0.4s ease-in-out;\n}\n<\/style>\n<a href='https:\/\/lepointdevente.com\/billets\/mtl1849-grandconcert-27avril' class='avia-button av-kdv70gq3-3ab69b928148bffd66fab65aebe30ac5 avia-icon_select-yes-left-icon avia-size-small avia-position-right' target=\"_blank\" rel=\"noopener noreferrer\"><span class='avia_button_icon avia_button_icon_left' aria-hidden='true' data-av_icon='\ue817' data-av_iconfont='entypo-fontello'><\/span><span class='avia_iconbox_title' >Buy Tickets <\/span><\/a><\/div><br \/>\n\n<style type=\"text\/css\" data-created_by=\"avia_inline_auto\" id=\"style-css-av-kdv72q4t-fd2b7c6b5ffebda735d114c3fe01b54d\">\n#top .av_textblock_section.av-kdv72q4t-fd2b7c6b5ffebda735d114c3fe01b54d .avia_textblock{\ncolor:#000000;\n}\n<\/style>\n<section  class='av_textblock_section av-kdv72q4t-fd2b7c6b5ffebda735d114c3fe01b54d'  itemscope=\"itemscope\" itemtype=\"https:\/\/schema.org\/CreativeWork\" ><div class='avia_textblock av_inherit_color'  itemprop=\"text\" ><p><span style=\"color: #ffffff;\">&#8211;<\/span><strong><br \/>\n<\/strong><\/p>\n<p><strong>Saturday, april 27th, 2024 &#8211; 7:30 pm<\/strong><i><span style=\"font-weight: 400;\"><br \/>\n<\/span><\/i>Chapelle Notre-Dame-de-Bon-Secours<br \/>\n400 Rue Saint-Paul Est<br \/>\nMontr\u00e9al, H2Y 1H4<\/p>\n<p><img loading=\"lazy\" class=\"agency\" src=\"https:\/\/appassets.mvtdev.com\/index\/public-transit-resources\/img\/transit-types\/bus.svg\" alt=\"Bus\" width=\"20\" height=\"20\" \/> Bus : 170, 350, 355, 358, 363, 364, 365, 445<br \/>\n<img loading=\"lazy\" src=\"data:image\/png;base64,iVBORw0KGgoAAAANSUhEUgAAADQAAAA0CAYAAADFeBvrAAAAGXRFWHRTb2Z0d2FyZQBBZG9iZSBJbWFnZVJlYWR5ccllPAAAA4RpVFh0WE1MOmNvbS5hZG9iZS54bXAAAAAAADw\/eHBhY2tldCBiZWdpbj0i77u\/IiBpZD0iVzVNME1wQ2VoaUh6cmVTek5UY3prYzlkIj8+IDx4OnhtcG1ldGEgeG1sbnM6eD0iYWRvYmU6bnM6bWV0YS8iIHg6eG1wdGs9IkFkb2JlIFhNUCBDb3JlIDUuNi1jMDE0IDc5LjE1Njc5NywgMjAxNC8wOC8yMC0wOTo1MzowMiAgICAgICAgIj4gPHJkZjpSREYgeG1sbnM6cmRmPSJodHRwOi8vd3d3LnczLm9yZy8xOTk5LzAyLzIyLXJkZi1zeW50YXgtbnMjIj4gPHJkZjpEZXNjcmlwdGlvbiByZGY6YWJvdXQ9IiIgeG1sbnM6eG1wTU09Imh0dHA6Ly9ucy5hZG9iZS5jb20veGFwLzEuMC9tbS8iIHhtbG5zOnN0UmVmPSJodHRwOi8vbnMuYWRvYmUuY29tL3hhcC8xLjAvc1R5cGUvUmVzb3VyY2VSZWYjIiB4bWxuczp4bXA9Imh0dHA6Ly9ucy5hZG9iZS5jb20veGFwLzEuMC8iIHhtcE1NOk9yaWdpbmFsRG9jdW1lbnRJRD0ieG1wLmRpZDo5MTJiOGZjZi1jYTQyLTQ0YjMtODVjZi03MGExNmQ0YmI1NTIiIHhtcE1NOkRvY3VtZW50SUQ9InhtcC5kaWQ6NzE0RjUyNjhERTkwMTFFNEJBOTVBOEY1NUM2MzE0ODAiIHhtcE1NOkluc3RhbmNlSUQ9InhtcC5paWQ6NzE0RjUyNjdERTkwMTFFNEJBOTVBOEY1NUM2MzE0ODAiIHhtcDpDcmVhdG9yVG9vbD0iQWRvYmUgUGhvdG9zaG9wIENDIDIwMTQgKFdpbmRvd3MpIj4gPHhtcE1NOkRlcml2ZWRGcm9tIHN0UmVmOmluc3RhbmNlSUQ9InhtcC5paWQ6NmM3ZDY2YjgtODQzMS1kYzRhLThkOWMtY2JlOGVkMzM1MGMyIiBzdFJlZjpkb2N1bWVudElEPSJhZG9iZTpkb2NpZDpwaG90b3Nob3A6Yzg4MjM1ZTQtZGU4ZC0xMWU0LWFlY2ItZDIzM2ZlMWY2ZDE3Ii8+IDwvcmRmOkRlc2NyaXB0aW9uPiA8L3JkZjpSREY+IDwveDp4bXBtZXRhPiA8P3hwYWNrZXQgZW5kPSJyIj8+EueJHwAABUVJREFUeNrsWn9oVVUcv3srMVyRbqsUwR8YK5CHEMNGMBQMRUI2ikQYIfpfRU1eMJiOBC0QHLiQBBEaOpCi3JAcmYKQOogRqPhHs0AEmdPUoSlYutnnS58rhy\/nx33v3b3XG33hw3n33nO+3+\/n3nO+55zveVUR5OWGV15E8TnQCsyOKkvGgX6g87eRX69XkczPwIKosuUKsLy6tq7uC\/xYGVW+PA\/MybCbTRdpzVTgmPHJ7KemSPF94AIwAlwD7vF+DTAXaACywKy0DadJ6CrQBxwFhhFxHvkqIxiJ7UZgHdAGzE\/DCYlyj4vUcQ7YAQyAxGQhCuCDdP0WoAtYVi5CfwAdQC+IPE7j7cKXKhQbgV1AfSE6MgXaPgEsBZGvfGTgYE2Se7GILtEpummjJGNoD5CzdS+Oi7WcCuK5baGqdhH1pDzFGX5Qjzdc30CdNfjZDbRPJaEuGNtpIfI0iveBT9TgvuLQs4BdS3AV7Xej\/BK6Hxqk5IVtwbNbHKOpd7k9DjLLUZznlyskUs1n2\/PUpbvhTj5PlZD055yFzAcozgCvphATRMcZ6tSSSzqmMgmjWZseMzD8KYq9Kc9lomsvdUeq+7XRl6IJdcggtXyZ7VO4hNmuvxR96CiWkEyavYrM6yh6SrAu66EtU3rpU8GEdpjzDAzMQHEIqC4BIbFxiDafzFOhiJcJrM0G1L0PgSUlXD0voU1TBuhb3oT6zEDAN5Urw5Ygp77SJBfBeRM6qq7fAuaVgdA82vb5FiQk+5lhde\/tMm7ctO1h+piY0AXLfmZFGQmtUCH8ETeQiQmNqFBdW6bu9qTb0QenjyFC19T1Yke9H4HJFB2fpE6bLA746CV0T13b9v778elXo9wAPEyBjOjYQJ37Lc9nBXwsaoN3hNsF6c\/fcA\/0ZxFkpO1a6oqo+4jeXRezOK2xGIxljIvVCWOQnuSG7mYBZKTNSuqI9U1wMTpm1Lsb8NFLaK66vmz8fknWVOZkRyd+QdGk6oZE6jaxbaQm8V7asvlg89FLqEE5exvFqHHrXeAYDD+r6v2O4g1XSNVTg9RlG5OM6DxGG7GM0genjyFCWeYHTDmlrlfJPdSrV6Qk+jQDP3nIyLNm1jXJ1NPOKp9t+pbNh5BElEZ171tLvdeAIRhYpEjdQSHR6jtLG7m3mnVMJ0XHEHVGAduNjsjrjXLr1PWgGqTmivgsHMoqUg+AnCVHIBmjB4qMtD3rWMmP0bbPt0SE2pjRjB35mwlAVxA5jfrN+YY4tjntGuRik7bj+hlGwLwJSTamRd3b51pyQJ4DjsNgax5kpO5xtnUtwfapey2+7FJoYu1iejb+Sn+h2ARMOOrPlP6ONpsTkNnMsTHTUUVsbKLNuI340lXMFnwZk4HmGBgKbPRE5wEY3+ohI88OBOznaMuUjVEgmZ8kWS+po6WWzI8kALcG2spxZ3ucl+AblqThR4F2n6HNNmXvBRQXo0ASP+npgyT51lhycx9H\/+affUmTr4H3+PsgsN5Td4JfpkfZkS\/5A\/BmGnm5iIq6LSG4h5PoJU9bIfA94SNziZOtLUXWnYRMvqvtdrypbRZSQ5y1tzjmqfiFuBwaY9usZcxEtJn4BKKQAy\/fccoMbiXe4erbtcsd5XJGotygOc+obpb3cUqhJ3gnuIW4EQjNc1AsMuYZ2QJctiw0I0sA6EvazdIgFEe\/\/9yR5P+Hxh6ZNsf6rkRlxf\/xQu+nmoiSivTd8Wj6yLgQ6p9GhPqFUGfkPn6vJBEOndW3b928X1tXdxgXMgkuBJ6ptG4GiP+Sdb3+jwADAIWL82t0Zk9IAAAAAElFTkSuQmCC\" alt=\"M\u00e9tro\" width=\"20\" height=\"20\" \/> Station Champs-de-Mars<\/p>\n<\/div><\/section><br \/>\n\n<style type=\"text\/css\" data-created_by=\"avia_inline_auto\" id=\"style-css-av-1k16z7k-1bd3b2135a0b8bb6f57549cc09b0905b\">\n#top .av-special-heading.av-1k16z7k-1bd3b2135a0b8bb6f57549cc09b0905b{\npadding-bottom:15px;\n}\nbody .av-special-heading.av-1k16z7k-1bd3b2135a0b8bb6f57549cc09b0905b .av-special-heading-tag .heading-char{\nfont-size:25px;\n}\n.av-special-heading.av-1k16z7k-1bd3b2135a0b8bb6f57549cc09b0905b .av-subheading{\nfont-size:10px;\n}\n<\/style>\n<div  class='av-special-heading av-1k16z7k-1bd3b2135a0b8bb6f57549cc09b0905b av-special-heading-h3 meta-heading  avia-builder-el-6  el_after_av_textblock  el_before_av_button '><h3 class='av-special-heading-tag'  itemprop=\"headline\"  >SUMMARY<\/h3><div class=\"special-heading-border\"><div class=\"special-heading-inner-border\"><\/div><\/div><\/div><br \/>\n<div  class='avia-button-wrap av-lur5ktfx-336b12a714843088571093fd1e3d0789-wrap avia-button-left  avia-builder-el-7  el_after_av_heading  el_before_av_textblock ' >\n<style type=\"text\/css\" data-created_by=\"avia_inline_auto\" id=\"style-css-av-lur5ktfx-336b12a714843088571093fd1e3d0789\">\n#top #wrap_all .avia-button.av-lur5ktfx-336b12a714843088571093fd1e3d0789{\nbackground-color:#e6007e;\nborder-color:#e6007e;\ncolor:#ffffff;\n-webkit-transition:all 0.4s ease-in-out;\n-moz-transition:all 0.4s ease-in-out;\n-ms-transition:all 0.4s ease-in-out;\n-o-transition:all 0.4s ease-in-out;\ntransition:all 0.4s ease-in-out;\n}\n<\/style>\n<a href='https:\/\/smamontreal.ca\/wp-content\/uploads\/2024\/04\/PaI\u0300C_MTL1849_Concert_FR.pdf' class='avia-button av-lur5ktfx-336b12a714843088571093fd1e3d0789 avia-icon_select-yes-left-icon avia-size-small avia-position-left' target=\"_blank\" rel=\"noopener noreferrer\"><span class='avia_button_icon avia_button_icon_left' aria-hidden='true' data-av_icon='\ue803' data-av_iconfont='entypo-fontello'><\/span><span class='avia_iconbox_title' >Read the concert program<\/span><\/a><\/div><br \/>\n\n<style type=\"text\/css\" data-created_by=\"avia_inline_auto\" id=\"style-css-av-kdv6s4ke-9b91ae2374b0082b1fc87de90a055a6a\">\n#top .av_textblock_section.av-kdv6s4ke-9b91ae2374b0082b1fc87de90a055a6a .avia_textblock{\ncolor:#000000;\n}\n<\/style>\n<section  class='av_textblock_section av-kdv6s4ke-9b91ae2374b0082b1fc87de90a055a6a'  itemscope=\"itemscope\" itemtype=\"https:\/\/schema.org\/CreativeWork\" ><div class='avia_textblock av_inherit_color'  itemprop=\"text\" ><p class=\"p1\">As part of the commemoration of the 175 years since the Montreal Parliament was burned down, Pointe-\u00e0-Calli\u00e8re, Montr\u00e9al Archaeology and History Complex, in collaboration with Marguerite-Bourgeoys Historic Site, is proposing a concert to reminisce on this event and that<br \/>\nperiod in the history on Montr\u00e9al.<\/p>\n<p>Throughout this concert, listeners will discover music heard in the province, from New France to the 19 th century, including works from France, Great Britain, the first local compositions, and a few religious songs conserved among the Abenaki nation. You will also hear the works of Handel and Haydn that were performed during the Grand Concert of October 5 th 1843 at St. Anne\u2019s market, the very place that would become Montr\u00e9al\u2019s Parliament from 1844 to 1849.<\/p>\n<p>Take a plunge into the 19th century and discover the musical universe of Montr\u00e9al of this historical period.<\/p>\n<p>In collaboration with<br \/>\n<a href=\"https:\/\/smamontreal.ca\/wp-content\/uploads\/2024\/04\/logo_PAC.png\"><img loading=\"lazy\" class=\"alignnone  wp-image-13886\" src=\"https:\/\/smamontreal.ca\/wp-content\/uploads\/2024\/04\/logo_PAC.png\" alt=\"\" width=\"232\" height=\"78\" \/><\/a><\/p>\n<section class=\"av_textblock_section\">\n<div class=\"avia_textblock av_inherit_color\"><\/div>\n<\/section>\n<\/div><\/section><br \/>\n\n<style type=\"text\/css\" data-created_by=\"avia_inline_auto\" id=\"style-css-av-19d48v4-9573ba5f84d5d529af80fc87cf1113ed\">\n#top .av-special-heading.av-19d48v4-9573ba5f84d5d529af80fc87cf1113ed{\npadding-bottom:15px;\n}\nbody .av-special-heading.av-19d48v4-9573ba5f84d5d529af80fc87cf1113ed .av-special-heading-tag .heading-char{\nfont-size:25px;\n}\n.av-special-heading.av-19d48v4-9573ba5f84d5d529af80fc87cf1113ed .av-subheading{\nfont-size:10px;\n}\n<\/style>\n<div  class='av-special-heading av-19d48v4-9573ba5f84d5d529af80fc87cf1113ed av-special-heading-h3 meta-heading  avia-builder-el-9  el_after_av_textblock  el_before_av_textblock '><h3 class='av-special-heading-tag'  itemprop=\"headline\"  >PROGRAM<\/h3><div class=\"special-heading-border\"><div class=\"special-heading-inner-border\"><\/div><\/div><\/div><br \/>\n\n<style type=\"text\/css\" data-created_by=\"avia_inline_auto\" id=\"style-css-av-kdv6tatr-a6fcacf5fda38ddd3bdfa8466b0be30b\">\n#top .av_textblock_section.av-kdv6tatr-a6fcacf5fda38ddd3bdfa8466b0be30b .avia_textblock{\ncolor:#000000;\n}\n<\/style>\n<section  class='av_textblock_section av-kdv6tatr-a6fcacf5fda38ddd3bdfa8466b0be30b'  itemscope=\"itemscope\" itemtype=\"https:\/\/schema.org\/CreativeWork\" ><div class='avia_textblock av_inherit_color'  itemprop=\"text\" ><p><strong>Charles-Amador Martin<\/strong> (1648-1711)<br \/>\n<em>Prose de la Sainte Famille<\/em> in musical plainsong<br \/>\n(the most ancient classical composition in Qu\u00e9bec)<\/p>\n<p><strong>Anonymes fran\u00e7ais<\/strong> et <strong>Jean-Baptiste Geoffroy<\/strong> (1601-1675)<br \/>\nFour motets from the Abenaki mission of Saint-Francois-de-Sales (Odanak)<em><br \/>\nO quam suavis<\/em> (in abenaki \u2013 or W\u00f4banakiak)<br \/>\n<em>\u00a0 \u00a0 \u00a0 \u00a0 \u00a0 \u00a0 Ave Maria<\/em> (in abenaki)<br \/>\n<em>\u00a0 \u00a0 \u00a0 \u00a0 \u00a0 \u00a0 Inviolata<\/em> (en latin)<br \/>\n<em>\u00a0 \u00a0 \u00a0 \u00a0 \u00a0 \u00a0 Ego sum panis<\/em> (Geoffroy; in latin)<\/p>\n<p><strong>Anonymes fran\u00e7ais<\/strong><br \/>\nTwo compositions for organ in B flat major, from the <em>Livre d\u2019Orgue de Montr\u00e9al<\/em>, a manuscript brought to Montr\u00e9al by <strong>Jean Girard<\/strong> (1696-1765), organist and music master at Notre-Dame church.<br \/>\n<em>\u00a0 \u00a0 \u00a0 \u00a0 \u00a0 \u00a0 <\/em>[untitled]<br \/>\n<em>\u00a0 \u00a0 \u00a0 \u00a0 \u00a0 \u00a0 <\/em>Human voice<\/p>\n<p><strong>French Anonyme<\/strong> and <strong>Artus aux Cousteaux<\/strong> (ca. 1590-1656)<br \/>\nTwo motets for the <em>V\u00eapres du Petit S\u00e9minaire<\/em><br \/>\n<em>\u00a0 \u00a0 \u00a0 \u00a0 \u00a0 \u00a0 Antienne Beata es Maria<\/em> (ursulines, ca.1700)<br \/>\n<em>\u00a0 \u00a0 \u00a0 \u00a0 \u00a0 \u00a0 Magnificat<\/em> du 2e ton (aux Cousteaux)<\/p>\n<p><strong>George Frideric Handel<\/strong> (1685-1759)<br \/>\n<strong>Franz Joseph Haydn<\/strong> (1732-1809)<br \/>\nNumbers played during the Grand Concert on October 5th 1843 at St-Anne\u2019s Market, Montr\u00e9al<em><br \/>\n<\/em><em> \u00a0 \u00a0 \u00a0 \u00a0 \u00a0 \u00a0 Messiah<\/em> overture (Handel)<em><br \/>\n<\/em><em>\u00a0 \u00a0 \u00a0 \u00a0 \u00a0 \u00a0 <\/em>Accompanied recitative \u00ab\u00a0<em>Comfort Ye<\/em>\u00a0\u00bb and air \u00ab\u00a0<em>Every valley\u00a0<\/em>\u00bb, from the<em> Messiah<br \/>\n<\/em><em>\u00a0 \u00a0 \u00a0 \u00a0 \u00a0 \u00a0 <\/em>Choir \u00ab<em>\u00a0Heavens are telling\u00a0<\/em>\u00bb, from <em>The Creation <\/em>(Haydn)<em><br \/>\n<\/em><em>\u00a0 \u00a0 \u00a0 \u00a0 \u00a0 \u00a0 <\/em>Accompanied recitative \u00ab\u00a0<em>Oh worse than death <\/em>\u00bb and air \u00ab <em>Angels ever bright and fair<\/em>\u00a0\u00bb, from <em>Theodora <\/em>(Handel)<em><br \/>\n<\/em><em>\u00a0 \u00a0 \u00a0 \u00a0 \u00a0 \u00a0 <\/em>Air \u00ab\u00a0<em>With verdure\u00a0clad\u00a0<\/em>\u00bb, from <em>The Creation<\/em> (Haydn)<em><br \/>\n<\/em><em>\u00a0 \u00a0 \u00a0 \u00a0 \u00a0 \u00a0 <\/em>Choir \u00ab\u00a0<em>Hallelujah\u00a0<\/em>\u00bb, from <em>Messiah<\/em><\/p>\n<\/div><\/section><br \/>\n\n<style type=\"text\/css\" data-created_by=\"avia_inline_auto\" id=\"style-css-av-whfuxs-5af7df3d5a36bb8713557e2c3da174e3\">\n#top .av-special-heading.av-whfuxs-5af7df3d5a36bb8713557e2c3da174e3{\npadding-bottom:15px;\n}\nbody .av-special-heading.av-whfuxs-5af7df3d5a36bb8713557e2c3da174e3 .av-special-heading-tag .heading-char{\nfont-size:25px;\n}\n.av-special-heading.av-whfuxs-5af7df3d5a36bb8713557e2c3da174e3 .av-subheading{\nfont-size:10px;\n}\n<\/style>\n<div  class='av-special-heading av-whfuxs-5af7df3d5a36bb8713557e2c3da174e3 av-special-heading-h3 meta-heading  avia-builder-el-11  el_after_av_textblock  el_before_av_textblock '><h3 class='av-special-heading-tag'  itemprop=\"headline\"  >DISTRIBUTION<\/h3><div class=\"special-heading-border\"><div class=\"special-heading-inner-border\"><\/div><\/div><\/div><br \/>\n\n<style type=\"text\/css\" data-created_by=\"avia_inline_auto\" id=\"style-css-av-kdv6w42d-7bbfd8b33db721bfa998ace83e6d3af7\">\n#top .av_textblock_section.av-kdv6w42d-7bbfd8b33db721bfa998ace83e6d3af7 .avia_textblock{\ncolor:#000000;\n}\n<\/style>\n<section  class='av_textblock_section av-kdv6w42d-7bbfd8b33db721bfa998ace83e6d3af7'  itemscope=\"itemscope\" itemtype=\"https:\/\/schema.org\/CreativeWork\" ><div class='avia_textblock av_inherit_color'  itemprop=\"text\" ><p><strong>Marie Magistry<\/strong>, soloist soprano<br \/>\n<strong>Jos\u00e9e Lalonde<\/strong>, alto<br \/>\n<strong>Haitham Haidar<\/strong>, soloist tenor<br \/>\n<strong>John Giffen<\/strong>, bass<\/p>\n<p><strong>No\u00e9my Gagnon-Lafrenais<\/strong>, violin 1<br \/>\n<strong>Julie Rivest<\/strong>, violin 2<br \/>\n<strong>Jacques-Andr\u00e9 Houle<\/strong>, alto<br \/>\n<strong>Amanda Keesmaat<\/strong>, cello<br \/>\n<strong>Christophe Gauthier<\/strong>, organ<\/p>\n<p><strong>Andrew McAnerney<\/strong>, conductor<\/p>\n<\/div><\/section><\/p><\/div>\n","protected":false},"excerpt":{"rendered":"","protected":false},"author":2,"featured_media":13881,"parent":0,"menu_order":0,"comment_status":"closed","ping_status":"closed","template":"","meta":{"episode_type":"","audio_file":"","cover_image":"","cover_image_id":"","duration":"","filesize":"","date_recorded":"","explicit":"","block":"","filesize_raw":""},"yst_prominent_words":[],"_links":{"self":[{"href":"https:\/\/smamontreal.ca\/en\/wp-json\/wp\/v2\/pages\/13893"}],"collection":[{"href":"https:\/\/smamontreal.ca\/en\/wp-json\/wp\/v2\/pages"}],"about":[{"href":"https:\/\/smamontreal.ca\/en\/wp-json\/wp\/v2\/types\/page"}],"author":[{"embeddable":true,"href":"https:\/\/smamontreal.ca\/en\/wp-json\/wp\/v2\/users\/2"}],"replies":[{"embeddable":true,"href":"https:\/\/smamontreal.ca\/en\/wp-json\/wp\/v2\/comments?post=13893"}],"version-history":[{"count":9,"href":"https:\/\/smamontreal.ca\/en\/wp-json\/wp\/v2\/pages\/13893\/revisions"}],"predecessor-version":[{"id":13919,"href":"https:\/\/smamontreal.ca\/en\/wp-json\/wp\/v2\/pages\/13893\/revisions\/13919"}],"wp:featuredmedia":[{"embeddable":true,"href":"https:\/\/smamontreal.ca\/en\/wp-json\/wp\/v2\/media\/13881"}],"wp:attachment":[{"href":"https:\/\/smamontreal.ca\/en\/wp-json\/wp\/v2\/media?parent=13893"}],"wp:term":[{"taxonomy":"yst_prominent_words","embeddable":true,"href":"https:\/\/smamontreal.ca\/en\/wp-json\/wp\/v2\/yst_prominent_words?post=13893"}],"curies":[{"name":"wp","href":"https:\/\/api.w.org\/{rel}","templated":true}]}}