{"id":15449,"date":"2025-04-15T18:29:20","date_gmt":"2025-04-15T22:29:20","guid":{"rendered":"https:\/\/smamontreal.ca\/?page_id=15449"},"modified":"2025-11-21T20:53:35","modified_gmt":"2025-11-22T01:53:35","slug":"dun-seul-soleil","status":"publish","type":"page","link":"https:\/\/smamontreal.ca\/en\/dun-seul-soleil\/","title":{"rendered":"D&#8217;un seul soleil"},"content":{"rendered":"<div class='flex_column av-473adh5-2ec5b86ead6b962f6fc1a1ae8cd63bd5 av_one_half  avia-builder-el-0  el_before_av_one_half  avia-builder-el-first  first flex_column_div '     ><p><div  class='avia-slideshow av-m9j2llx9-dbc537c5017f28a4faa7059c501981db avia-slideshow-no scaling av_slideshow avia-slide-slider  avia-builder-el-1  el_before_av_social_share  avia-builder-el-first  av-slideshow-ui av-control-default av-slideshow-autoplay av-loop-endless av-loop-manual-endless av-default-height-applied avia-slideshow-1' data-slideshow-options=\"{&quot;animation&quot;:&quot;slide&quot;,&quot;autoplay&quot;:true,&quot;loop_autoplay&quot;:&quot;endless&quot;,&quot;interval&quot;:5,&quot;loop_manual&quot;:&quot;manual-endless&quot;,&quot;autoplay_stopper&quot;:false,&quot;noNavigation&quot;:false,&quot;bg_slider&quot;:false,&quot;keep_padding&quot;:false,&quot;hoverpause&quot;:false,&quot;show_slide_delay&quot;:0}\"  itemprop=\"image\" itemscope=\"itemscope\" itemtype=\"https:\/\/schema.org\/ImageObject\" ><ul class='avia-slideshow-inner ' style='padding-bottom: 111.87019641332%;'><li  class='avia-slideshow-slide av-m9j2llx9-dbc537c5017f28a4faa7059c501981db__0  av-single-slide slide-1 slide-odd'><div data-rel='slideshow-1' class='avia-slide-wrap '   ><img class=\"wp-image-15450 avia-img-lazy-loading-not-15450\"  src=\"https:\/\/smamontreal.ca\/wp-content\/uploads\/2025\/04\/SMAM_2024-25_pageweb_concertintime_2_dunseulsoleil_ENG_v1.jpg\" width=\"1171\" height=\"1310\" title='SMAM_2024-25_pageweb_concertintime_2_dunseulsoleil_ENG_v1' alt=''  itemprop=\"thumbnailUrl\" srcset=\"https:\/\/smamontreal.ca\/wp-content\/uploads\/2025\/04\/SMAM_2024-25_pageweb_concertintime_2_dunseulsoleil_ENG_v1.jpg 1171w, https:\/\/smamontreal.ca\/wp-content\/uploads\/2025\/04\/SMAM_2024-25_pageweb_concertintime_2_dunseulsoleil_ENG_v1-268x300.jpg 268w, https:\/\/smamontreal.ca\/wp-content\/uploads\/2025\/04\/SMAM_2024-25_pageweb_concertintime_2_dunseulsoleil_ENG_v1-921x1030.jpg 921w, https:\/\/smamontreal.ca\/wp-content\/uploads\/2025\/04\/SMAM_2024-25_pageweb_concertintime_2_dunseulsoleil_ENG_v1-768x859.jpg 768w, https:\/\/smamontreal.ca\/wp-content\/uploads\/2025\/04\/SMAM_2024-25_pageweb_concertintime_2_dunseulsoleil_ENG_v1-630x705.jpg 630w, https:\/\/smamontreal.ca\/wp-content\/uploads\/2025\/04\/SMAM_2024-25_pageweb_concertintime_2_dunseulsoleil_ENG_v1-450x503.jpg 450w\" sizes=\"(max-width: 1171px) 100vw, 1171px\" \/><\/div><\/li><\/ul><\/div><br \/>\n<div  class='av-social-sharing-box av-c6i2yh-af9f03bbd18f8a85317d92d4abd81c69 av-social-sharing-box-minimal  avia-builder-el-2  el_after_av_slideshow  avia-builder-el-last  av-social-sharing-box-fullwidth'><div class=\"av-share-box\"><ul class=\"av-share-box-list noLightbox\"><li class='av-share-link av-social-link-facebook' ><a target=\"_blank\" aria-label=\"Share on Facebook\" href='https:\/\/www.facebook.com\/sharer.php?u=https:\/\/smamontreal.ca\/en\/dun-seul-soleil\/&#038;t=D%E2%80%99un%20seul%20soleil' aria-hidden='false' data-av_icon='\ue8f3' data-av_iconfont='entypo-fontello' title='' data-avia-related-tooltip='Share on Facebook' rel=\"noopener\"><span class='avia_hidden_link_text'>Share on Facebook<\/span><\/a><\/li><li class='av-share-link av-social-link-twitter' ><a target=\"_blank\" aria-label=\"Share on Twitter\" href='https:\/\/twitter.com\/share?text=D%E2%80%99un%20seul%20soleil&#038;url=https:\/\/smamontreal.ca\/en\/?p=15449' aria-hidden='false' data-av_icon='\ue8f1' data-av_iconfont='entypo-fontello' title='' data-avia-related-tooltip='Share on Twitter' rel=\"noopener\"><span class='avia_hidden_link_text'>Share on Twitter<\/span><\/a><\/li><li class='av-share-link av-social-link-mail' ><a  aria-label=\"Share by Mail\" href='mailto:?subject=D%E2%80%99un%20seul%20soleil&#038;body=https:\/\/smamontreal.ca\/en\/dun-seul-soleil\/' aria-hidden='false' data-av_icon='\ue805' data-av_iconfont='entypo-fontello' title='' data-avia-related-tooltip='Share by Mail'><span class='avia_hidden_link_text'>Share by Mail<\/span><\/a><\/li><\/ul><\/div><\/div><\/p><\/div>\n\n<style type=\"text\/css\" data-created_by=\"avia_inline_auto\" id=\"style-css-av-a6irx5-7314ccacca5fb77828d4a7d7cfb12923\">\n.flex_column.av-a6irx5-7314ccacca5fb77828d4a7d7cfb12923{\n-webkit-border-radius:0px 0px 0px 0px;\n-moz-border-radius:0px 0px 0px 0px;\nborder-radius:0px 0px 0px 0px;\n}\n<\/style>\n<div class='flex_column av-a6irx5-7314ccacca5fb77828d4a7d7cfb12923 av_one_half  avia-builder-el-3  el_after_av_one_half  avia-builder-el-last  flex_column_div av-zero-column-padding '     ><p><section  class='av_textblock_section av-2aerbbt-e94d900d779ee8e8f77ea43d5a9ca788'  itemscope=\"itemscope\" itemtype=\"https:\/\/schema.org\/CreativeWork\" ><div class='avia_textblock'  itemprop=\"text\" ><p><span style=\"color: #ffffff;\">&#8211;<\/span><\/p>\n<\/div><\/section><br \/>\n\n<style type=\"text\/css\" data-created_by=\"avia_inline_auto\" id=\"style-css-av-m9j2mq2x-e964cbaf2541a82907c3e4f3d497d38a\">\n#top .av_textblock_section.av-m9j2mq2x-e964cbaf2541a82907c3e4f3d497d38a .avia_textblock{\ncolor:#000000;\n}\n<\/style>\n<section  class='av_textblock_section av-m9j2mq2x-e964cbaf2541a82907c3e4f3d497d38a'  itemscope=\"itemscope\" itemtype=\"https:\/\/schema.org\/CreativeWork\" ><div class='avia_textblock av_inherit_color'  itemprop=\"text\" ><p><span style=\"color: #ffffff;\">&#8211;<\/span><strong><br \/>\n<\/strong><\/p>\n<p><strong>Wednesday, november 12, 2025 \u2013 7:30 pm<br \/>\n<\/strong><i><\/i>Chapelle Notre-Dame-de-Bon-Secours<br \/>\n400, rue Saint-Paul Est<br \/>\nMontr\u00e9al, H2Y 1H4<\/p>\n<p><img loading=\"lazy\" class=\"agency\" src=\"https:\/\/appassets.mvtdev.com\/index\/public-transit-resources\/img\/transit-types\/bus.svg\" alt=\"Bus\" width=\"20\" height=\"20\" \/>\u00a0Bus : 170, 30, 350, 355, 364, 365<br \/>\n<img loading=\"lazy\" src=\"data:image\/png;base64,iVBORw0KGgoAAAANSUhEUgAAADQAAAA0CAYAAADFeBvrAAAAGXRFWHRTb2Z0d2FyZQBBZG9iZSBJbWFnZVJlYWR5ccllPAAAA4RpVFh0WE1MOmNvbS5hZG9iZS54bXAAAAAAADw\/eHBhY2tldCBiZWdpbj0i77u\/IiBpZD0iVzVNME1wQ2VoaUh6cmVTek5UY3prYzlkIj8+IDx4OnhtcG1ldGEgeG1sbnM6eD0iYWRvYmU6bnM6bWV0YS8iIHg6eG1wdGs9IkFkb2JlIFhNUCBDb3JlIDUuNi1jMDE0IDc5LjE1Njc5NywgMjAxNC8wOC8yMC0wOTo1MzowMiAgICAgICAgIj4gPHJkZjpSREYgeG1sbnM6cmRmPSJodHRwOi8vd3d3LnczLm9yZy8xOTk5LzAyLzIyLXJkZi1zeW50YXgtbnMjIj4gPHJkZjpEZXNjcmlwdGlvbiByZGY6YWJvdXQ9IiIgeG1sbnM6eG1wTU09Imh0dHA6Ly9ucy5hZG9iZS5jb20veGFwLzEuMC9tbS8iIHhtbG5zOnN0UmVmPSJodHRwOi8vbnMuYWRvYmUuY29tL3hhcC8xLjAvc1R5cGUvUmVzb3VyY2VSZWYjIiB4bWxuczp4bXA9Imh0dHA6Ly9ucy5hZG9iZS5jb20veGFwLzEuMC8iIHhtcE1NOk9yaWdpbmFsRG9jdW1lbnRJRD0ieG1wLmRpZDo5MTJiOGZjZi1jYTQyLTQ0YjMtODVjZi03MGExNmQ0YmI1NTIiIHhtcE1NOkRvY3VtZW50SUQ9InhtcC5kaWQ6NzE0RjUyNjhERTkwMTFFNEJBOTVBOEY1NUM2MzE0ODAiIHhtcE1NOkluc3RhbmNlSUQ9InhtcC5paWQ6NzE0RjUyNjdERTkwMTFFNEJBOTVBOEY1NUM2MzE0ODAiIHhtcDpDcmVhdG9yVG9vbD0iQWRvYmUgUGhvdG9zaG9wIENDIDIwMTQgKFdpbmRvd3MpIj4gPHhtcE1NOkRlcml2ZWRGcm9tIHN0UmVmOmluc3RhbmNlSUQ9InhtcC5paWQ6NmM3ZDY2YjgtODQzMS1kYzRhLThkOWMtY2JlOGVkMzM1MGMyIiBzdFJlZjpkb2N1bWVudElEPSJhZG9iZTpkb2NpZDpwaG90b3Nob3A6Yzg4MjM1ZTQtZGU4ZC0xMWU0LWFlY2ItZDIzM2ZlMWY2ZDE3Ii8+IDwvcmRmOkRlc2NyaXB0aW9uPiA8L3JkZjpSREY+IDwveDp4bXBtZXRhPiA8P3hwYWNrZXQgZW5kPSJyIj8+EueJHwAABUVJREFUeNrsWn9oVVUcv3srMVyRbqsUwR8YK5CHEMNGMBQMRUI2ikQYIfpfRU1eMJiOBC0QHLiQBBEaOpCi3JAcmYKQOogRqPhHs0AEmdPUoSlYutnnS58rhy\/nx33v3b3XG33hw3n33nO+3+\/n3nO+55zveVUR5OWGV15E8TnQCsyOKkvGgX6g87eRX69XkczPwIKosuUKsLy6tq7uC\/xYGVW+PA\/MybCbTRdpzVTgmPHJ7KemSPF94AIwAlwD7vF+DTAXaACywKy0DadJ6CrQBxwFhhFxHvkqIxiJ7UZgHdAGzE\/DCYlyj4vUcQ7YAQyAxGQhCuCDdP0WoAtYVi5CfwAdQC+IPE7j7cKXKhQbgV1AfSE6MgXaPgEsBZGvfGTgYE2Se7GILtEpummjJGNoD5CzdS+Oi7WcCuK5baGqdhH1pDzFGX5Qjzdc30CdNfjZDbRPJaEuGNtpIfI0iveBT9TgvuLQs4BdS3AV7Xej\/BK6Hxqk5IVtwbNbHKOpd7k9DjLLUZznlyskUs1n2\/PUpbvhTj5PlZD055yFzAcozgCvphATRMcZ6tSSSzqmMgmjWZseMzD8KYq9Kc9lomsvdUeq+7XRl6IJdcggtXyZ7VO4hNmuvxR96CiWkEyavYrM6yh6SrAu66EtU3rpU8GEdpjzDAzMQHEIqC4BIbFxiDafzFOhiJcJrM0G1L0PgSUlXD0voU1TBuhb3oT6zEDAN5Urw5Ygp77SJBfBeRM6qq7fAuaVgdA82vb5FiQk+5lhde\/tMm7ctO1h+piY0AXLfmZFGQmtUCH8ETeQiQmNqFBdW6bu9qTb0QenjyFC19T1Yke9H4HJFB2fpE6bLA746CV0T13b9v778elXo9wAPEyBjOjYQJ37Lc9nBXwsaoN3hNsF6c\/fcA\/0ZxFkpO1a6oqo+4jeXRezOK2xGIxljIvVCWOQnuSG7mYBZKTNSuqI9U1wMTpm1Lsb8NFLaK66vmz8fknWVOZkRyd+QdGk6oZE6jaxbaQm8V7asvlg89FLqEE5exvFqHHrXeAYDD+r6v2O4g1XSNVTg9RlG5OM6DxGG7GM0genjyFCWeYHTDmlrlfJPdSrV6Qk+jQDP3nIyLNm1jXJ1NPOKp9t+pbNh5BElEZ171tLvdeAIRhYpEjdQSHR6jtLG7m3mnVMJ0XHEHVGAduNjsjrjXLr1PWgGqTmivgsHMoqUg+AnCVHIBmjB4qMtD3rWMmP0bbPt0SE2pjRjB35mwlAVxA5jfrN+YY4tjntGuRik7bj+hlGwLwJSTamRd3b51pyQJ4DjsNgax5kpO5xtnUtwfapey2+7FJoYu1iejb+Sn+h2ARMOOrPlP6ONpsTkNnMsTHTUUVsbKLNuI340lXMFnwZk4HmGBgKbPRE5wEY3+ohI88OBOznaMuUjVEgmZ8kWS+po6WWzI8kALcG2spxZ3ucl+AblqThR4F2n6HNNmXvBRQXo0ASP+npgyT51lhycx9H\/+affUmTr4H3+PsgsN5Td4JfpkfZkS\/5A\/BmGnm5iIq6LSG4h5PoJU9bIfA94SNziZOtLUXWnYRMvqvtdrypbRZSQ5y1tzjmqfiFuBwaY9usZcxEtJn4BKKQAy\/fccoMbiXe4erbtcsd5XJGotygOc+obpb3cUqhJ3gnuIW4EQjNc1AsMuYZ2QJctiw0I0sA6EvazdIgFEe\/\/9yR5P+Hxh6ZNsf6rkRlxf\/xQu+nmoiSivTd8Wj6yLgQ6p9GhPqFUGfkPn6vJBEOndW3b928X1tXdxgXMgkuBJ6ptG4GiP+Sdb3+jwADAIWL82t0Zk9IAAAAAElFTkSuQmCC\" alt=\"M\u00e9tro\" width=\"20\" height=\"20\" \/>\u00a0M\u00e9tro : Champs-de-Mars<\/p>\n<\/div><\/section><br \/>\n\n<style type=\"text\/css\" data-created_by=\"avia_inline_auto\" id=\"style-css-av-1i1xhi1-52ccb556624f8e58f6d529060cbd903e\">\n#top .av-special-heading.av-1i1xhi1-52ccb556624f8e58f6d529060cbd903e{\npadding-bottom:15px;\n}\nbody .av-special-heading.av-1i1xhi1-52ccb556624f8e58f6d529060cbd903e .av-special-heading-tag .heading-char{\nfont-size:25px;\n}\n.av-special-heading.av-1i1xhi1-52ccb556624f8e58f6d529060cbd903e .av-subheading{\nfont-size:10px;\n}\n<\/style>\n<div  class='av-special-heading av-1i1xhi1-52ccb556624f8e58f6d529060cbd903e av-special-heading-h3 meta-heading  avia-builder-el-6  el_after_av_textblock  el_before_av_textblock '><h3 class='av-special-heading-tag'  itemprop=\"headline\"  >SUMMARY<\/h3><div class=\"special-heading-border\"><div class=\"special-heading-inner-border\"><\/div><\/div><\/div><br \/>\n\n<style type=\"text\/css\" data-created_by=\"avia_inline_auto\" id=\"style-css-av-m9j2ocyh-bcb448af1e376ccacc7cfc589b5fa622\">\n#top .av_textblock_section.av-m9j2ocyh-bcb448af1e376ccacc7cfc589b5fa622 .avia_textblock{\ncolor:#000000;\n}\n<\/style>\n<section  class='av_textblock_section av-m9j2ocyh-bcb448af1e376ccacc7cfc589b5fa622'  itemscope=\"itemscope\" itemtype=\"https:\/\/schema.org\/CreativeWork\" ><div class='avia_textblock av_inherit_color'  itemprop=\"text\" ><p>Blending voice and instruments, this concert offers the most beautiful of the <em>Chansons nouvelles compos\u00e9es par plusieurs auteurs<\/em>, contained in the 16 volumes published by Nicolas du Chemin from 1549 to 1567. Illustrating the refinement and artistic concerns of the French Renaissance, this program speaks of love, nature, and the passing of the seasons, in a subtle balance of poetry and music.<\/p>\n<\/div><\/section><br \/>\n\n<style type=\"text\/css\" data-created_by=\"avia_inline_auto\" id=\"style-css-av-zp4h6h-6cb6705a71bb716d674f1243304c0539\">\n#top .av-special-heading.av-zp4h6h-6cb6705a71bb716d674f1243304c0539{\npadding-bottom:15px;\n}\nbody .av-special-heading.av-zp4h6h-6cb6705a71bb716d674f1243304c0539 .av-special-heading-tag .heading-char{\nfont-size:25px;\n}\n.av-special-heading.av-zp4h6h-6cb6705a71bb716d674f1243304c0539 .av-subheading{\nfont-size:10px;\n}\n<\/style>\n<div  class='av-special-heading av-zp4h6h-6cb6705a71bb716d674f1243304c0539 av-special-heading-h3 meta-heading  avia-builder-el-8  el_after_av_textblock  el_before_av_button '><h3 class='av-special-heading-tag'  itemprop=\"headline\"  >PROGRAM<\/h3><div class=\"special-heading-border\"><div class=\"special-heading-inner-border\"><\/div><\/div><\/div><br \/>\n<div  class='avia-button-wrap av-m9j2lul3-e71e7088d2d6a6a26310010b9586c723-wrap avia-button-left  avia-builder-el-9  el_after_av_heading  el_before_av_button ' >\n<style type=\"text\/css\" data-created_by=\"avia_inline_auto\" id=\"style-css-av-m9j2lul3-e71e7088d2d6a6a26310010b9586c723\">\n#top #wrap_all .avia-button.av-m9j2lul3-e71e7088d2d6a6a26310010b9586c723{\nbackground-color:#e6007e;\nborder-color:#e6007e;\ncolor:#ffffff;\n-webkit-transition:all 0.4s ease-in-out;\n-moz-transition:all 0.4s ease-in-out;\n-ms-transition:all 0.4s ease-in-out;\n-o-transition:all 0.4s ease-in-out;\ntransition:all 0.4s ease-in-out;\n}\n<\/style>\n<a href='https:\/\/drive.google.com\/file\/d\/10xi1xCbmsmZabVEzM9ixQLJV-PlCKPAV\/view?usp=sharing' class='avia-button av-m9j2lul3-e71e7088d2d6a6a26310010b9586c723 avia-icon_select-yes-left-icon avia-size-small avia-position-left' target=\"_blank\" rel=\"noopener noreferrer\"><span class='avia_button_icon avia_button_icon_left' aria-hidden='true' data-av_icon='\ue803' data-av_iconfont='entypo-fontello'><\/span><span class='avia_iconbox_title' >Read the concert program<\/span><\/a><\/div><br \/>\n<div  class='avia-button-wrap av-mi9mxptm-97ffa8b0804fd8ff446a13b15dbe35b1-wrap avia-button-left  avia-builder-el-10  el_after_av_button  el_before_av_textblock ' >\n<style type=\"text\/css\" data-created_by=\"avia_inline_auto\" id=\"style-css-av-mi9mxptm-97ffa8b0804fd8ff446a13b15dbe35b1\">\n#top #wrap_all .avia-button.av-mi9mxptm-97ffa8b0804fd8ff446a13b15dbe35b1{\nbackground-color:#e6007e;\nborder-color:#e6007e;\ncolor:#ffffff;\n-webkit-transition:all 0.4s ease-in-out;\n-moz-transition:all 0.4s ease-in-out;\n-ms-transition:all 0.4s ease-in-out;\n-o-transition:all 0.4s ease-in-out;\ntransition:all 0.4s ease-in-out;\n}\n<\/style>\n<a href='https:\/\/drive.google.com\/file\/d\/1EQu4S5pqrFMeavmljZErGqQ-6NZsV7bh\/view?usp=sharing' class='avia-button av-mi9mxptm-97ffa8b0804fd8ff446a13b15dbe35b1 avia-icon_select-yes-left-icon avia-size-small avia-position-left' target=\"_blank\" rel=\"noopener noreferrer\"><span class='avia_button_icon avia_button_icon_left' aria-hidden='true' data-av_icon='\ue803' data-av_iconfont='entypo-fontello'><\/span><span class='avia_iconbox_title' >Read the lyrics<\/span><\/a><\/div><br \/>\n\n<style type=\"text\/css\" data-created_by=\"avia_inline_auto\" id=\"style-css-av-m9j2olx6-ae635467d2d79468ec62fa07a3c51ab1\">\n#top .av_textblock_section.av-m9j2olx6-ae635467d2d79468ec62fa07a3c51ab1 .avia_textblock{\ncolor:#000000;\n}\n<\/style>\n<section  class='av_textblock_section av-m9j2olx6-ae635467d2d79468ec62fa07a3c51ab1'  itemscope=\"itemscope\" itemtype=\"https:\/\/schema.org\/CreativeWork\" ><div class='avia_textblock av_inherit_color'  itemprop=\"text\" ><p class=\"p2\"><b>Pierre Certon <\/b>(v. 1510\u20131572)<span class=\"s2\"><br \/>\n<\/span><em>Gentil rossignol cazanier &#8211; Treisiesme livre,<\/em> Du Chemin, 1557<b> <\/b><\/p>\n<p class=\"p2\"><b>Estienne du Tertre <\/b>(fl. 1549\u20131557)\u00a0<span class=\"s2\"><br \/>\n<\/span><em>Voicy le printemps qui rid &#8211; Dixiesme livre,<\/em> Du Chemin, 1552<\/p>\n<p class=\"p2\"><b>Pierre Phal\u00e8se, fils <\/b>(v. 1545\u20131629)<br \/>\n<em>La Parma &#038; saltarello &#8211; Recueil de danseries, contenant presque toutes sortes de danses<\/em><i>,<\/i> 1583<\/p>\n<p class=\"p2\"><b>Michel de Menehou <\/b>(fl. 1557\u20131568)<b><br \/>\n<\/b><em>Moys amoureux, moys vestu de verdure &#8211; Treisiesme livre<\/em>, Du Chemin, 1557<\/p>\n<p class=\"p2\"><b>Francesco de Layolle <\/b>(1492\u2013v. 1540)<br \/>\n<em>Doulce memoire &#8211; Le Parangon des Chansons, livre 4<\/em>, Jacques Moderne, 1539<\/p>\n<p class=\"p2\"><b>Diego Ortiz<\/b> (v.1517\u2013v.1570) <b><br \/>\n<\/b><em>Recercada primera sobre Doulce Memoire<span class=\"Apple-converted-space\"><br \/>\n<\/span>Recercada segunda sobre Doulce Memoire <\/em><br \/>\n<em>Recercada quarta sobre Doulce Memoire<\/em><br \/>\n<em>Trattado de glosas<\/em>, 1553<\/p>\n<p class=\"p2\"><b>Jehan H\u00e9rissant <\/b>(fl. 1550\u20131560)<br \/>\n<em>Amour estant au coing d\u2019un bois cach\u00e9 &#8211; Quatorsiesme livre<\/em>, Du Chemin, 1559<\/p>\n<p class=\"p2\"><b>Cl\u00e9ment Janequin <\/b>(v.1495\u2013v.1560) <span class=\"s2\">*<\/span><b><br \/>\n<\/b><em>Sur l\u2019aub\u00e9pin qui est en fleur &#8211; Sixiesme livre<\/em>, Du Chemin, 1550<\/p>\n<p class=\"p2\"><b>Tylman Susato <\/b>(v.1500\u2013v.1564)<br \/>\n<em>Pavane Mille regretz<span class=\"Apple-converted-space\">\u00a0 <\/span>(Dancerye)<\/em> &#8211; Danserye, 1551<\/p>\n<p class=\"p2\"><b>Estienne du Tertre <\/b> <span class=\"s2\">*<\/span><b><br \/>\n<\/b><em>Petit jardin \u00e0 V\u00e9nus consacr\u00e9 &#8211; Septiesme livre<\/em>, Du Chemin 1550<\/p>\n<p class=\"p2\"><b>Robert Godart <\/b> (XVI<span class=\"s3\">e<\/span> s.) <span class=\"s2\">*<br \/>\n<\/span><em>J\u2019ai le fruit desir\u00e9 &#8211; Cinquiesme livre<\/em>, Du Chemin, 1550<\/p>\n<p class=\"p2\"><b>Claudin de Sermisy<\/b> (v. 1490\u20131562)<br \/>\n<em>Au joli bois &#8211; 31 Chansons musicales<\/em>, Attaingnant, 1529<\/p>\n<p class=\"p2\"><b>Pierre Phal\u00e8se<\/b> (v. 1510\u2013v. 1575)<br \/>\n<em>Galliarde Au joly bois &#8211; Premier Livre de Danseries<\/em>, 1571<\/p>\n<p class=\"p2\"><b>Tylman Susato<br \/>\n<\/b><em>Le ioli boys &#8211; Danserye<\/em>, 1551<\/p>\n<p class=\"p2\"><b>Giulio Segni <\/b>(1498\u20131561)<br \/>\n<em>Phantasie instrumentale 10 &#8211; Musicque de joie<\/em>, Jacques Moderne, v. 1550<\/p>\n<p class=\"p2\"><b>Claude Gervaise <\/b>(fl. 1540\u20131558)<span class=\"s2\"><br \/>\n<\/span><em>Il n\u2019est que d\u2019estre sur l\u2019herbette &#8211; Sixiesme livre<\/em>, Du Chemin, 1550<\/p>\n<p class=\"p2\"><b>Claude Goudimel <\/b>(v.1514\u20131572)<span class=\"s2\"><br \/>\n<\/span><em>Si la roze croist sans l\u2019espine &#8211; Septiesme livre<\/em><i>, <\/i>Du Chemin 1550<\/p>\n<p class=\"p2\"><b>Claude Gervaise<br \/>\n<\/b><em>Pavane Passemaize avec sa Galliard &#8211; Danceries, livre 6<\/em>, 1555<\/p>\n<p class=\"p2\"><b>Le Rat<\/b> (fl. 1549\u20131557)<b><br \/>\n<\/b><em>Soleil qui tout voit par ma foy &#8211; Septiesme livre<\/em>, Du Chemin 1550<\/p>\n<p class=\"p2\"><b>Claude Goudimel <\/b>(v. 1514\u20131572)<span class=\"s2\"><br \/>\n<\/span><em>Tant de beault\u00e9 n\u2019a elle pas &#8211; Huitiesme livre<\/em>, Du Chemin, 1550<\/p>\n<p class=\"p2\"><b>Cl\u00e9ment Janequin <\/b>(v. 1495\u2013v. 1560)<br \/>\n<em>Aller my fault sur la verdure arr. Attaingnant &#8211; 25 Chansons musicales reduictes en la tabulature<\/em>, Attaingnant, 1530<\/p>\n<p class=\"p2\"><b>Eustache du Caurroy <\/b>(1549\u20131609)<br \/>\n<span class=\"s4\"><i>Fantaisie no. 29 &#038; 31 sur Une jeune fillette<\/i> &#8211; Fantasies a 3, 4, 5 et 6 parties, 1610<\/span><\/p>\n<p class=\"p2\"><b>Claude Goudimel <\/b>(v. 1514\u20131572)<span class=\"s2\"><br \/>\n<\/span><em>Amour longtemps &#8211; Unziesme livre<\/em>, Du Chemin, 1554<\/p>\n<p class=\"p2\"><b>Cl\u00e9ment Janequin <\/b>(v. 1495\u2013v. 1560)<span class=\"s2\"><br \/>\n<\/span><em>D\u2019un seul soleil vient toute ma lumi\u00e8re &#8211; Huitiesme livre<\/em>, Du Chemin, 1550<\/p>\n<\/div><\/section><br \/>\n\n<style type=\"text\/css\" data-created_by=\"avia_inline_auto\" id=\"style-css-av-vhd32x-6a3646971d099b75d0589273acffcfaa\">\n#top .av-special-heading.av-vhd32x-6a3646971d099b75d0589273acffcfaa{\npadding-bottom:15px;\n}\nbody .av-special-heading.av-vhd32x-6a3646971d099b75d0589273acffcfaa .av-special-heading-tag .heading-char{\nfont-size:25px;\n}\n.av-special-heading.av-vhd32x-6a3646971d099b75d0589273acffcfaa .av-subheading{\nfont-size:10px;\n}\n<\/style>\n<div  class='av-special-heading av-vhd32x-6a3646971d099b75d0589273acffcfaa av-special-heading-h3 meta-heading  avia-builder-el-12  el_after_av_textblock  el_before_av_textblock '><h3 class='av-special-heading-tag'  itemprop=\"headline\"  >DISTRIBUTION<\/h3><div class=\"special-heading-border\"><div class=\"special-heading-inner-border\"><\/div><\/div><\/div><br \/>\n\n<style type=\"text\/css\" data-created_by=\"avia_inline_auto\" id=\"style-css-av-m9j2pj8a-636899fdd4ed01da5af5968d2a906b96\">\n#top .av_textblock_section.av-m9j2pj8a-636899fdd4ed01da5af5968d2a906b96 .avia_textblock{\ncolor:#000000;\n}\n<\/style>\n<section  class='av_textblock_section av-m9j2pj8a-636899fdd4ed01da5af5968d2a906b96'  itemscope=\"itemscope\" itemtype=\"https:\/\/schema.org\/CreativeWork\" ><div class='avia_textblock av_inherit_color'  itemprop=\"text\" ><p><strong>Philippe Gagn\u00e9<\/strong>, tenor<\/p>\n<p><strong>Joanna Marsden<\/strong>, Renaissance transverse flute<br \/>\n<strong>Margaret Little<\/strong>,\u00a0viola da gamba<br \/>\n<strong>Christophe Gauthier<\/strong>, harpsichord<\/p>\n<\/div><\/section><\/p><\/div>\n","protected":false},"excerpt":{"rendered":"","protected":false},"author":2,"featured_media":15450,"parent":0,"menu_order":0,"comment_status":"closed","ping_status":"closed","template":"","meta":{"episode_type":"","audio_file":"","cover_image":"","cover_image_id":"","duration":"","filesize":"","date_recorded":"","explicit":"","block":"","filesize_raw":""},"yst_prominent_words":[],"_links":{"self":[{"href":"https:\/\/smamontreal.ca\/en\/wp-json\/wp\/v2\/pages\/15449"}],"collection":[{"href":"https:\/\/smamontreal.ca\/en\/wp-json\/wp\/v2\/pages"}],"about":[{"href":"https:\/\/smamontreal.ca\/en\/wp-json\/wp\/v2\/types\/page"}],"author":[{"embeddable":true,"href":"https:\/\/smamontreal.ca\/en\/wp-json\/wp\/v2\/users\/2"}],"replies":[{"embeddable":true,"href":"https:\/\/smamontreal.ca\/en\/wp-json\/wp\/v2\/comments?post=15449"}],"version-history":[{"count":19,"href":"https:\/\/smamontreal.ca\/en\/wp-json\/wp\/v2\/pages\/15449\/revisions"}],"predecessor-version":[{"id":16691,"href":"https:\/\/smamontreal.ca\/en\/wp-json\/wp\/v2\/pages\/15449\/revisions\/16691"}],"wp:featuredmedia":[{"embeddable":true,"href":"https:\/\/smamontreal.ca\/en\/wp-json\/wp\/v2\/media\/15450"}],"wp:attachment":[{"href":"https:\/\/smamontreal.ca\/en\/wp-json\/wp\/v2\/media?parent=15449"}],"wp:term":[{"taxonomy":"yst_prominent_words","embeddable":true,"href":"https:\/\/smamontreal.ca\/en\/wp-json\/wp\/v2\/yst_prominent_words?post=15449"}],"curies":[{"name":"wp","href":"https:\/\/api.w.org\/{rel}","templated":true}]}}