{"id":15471,"date":"2025-04-15T18:58:13","date_gmt":"2025-04-15T22:58:13","guid":{"rendered":"https:\/\/smamontreal.ca\/?page_id=15471"},"modified":"2026-03-10T16:51:01","modified_gmt":"2026-03-10T20:51:01","slug":"echos-de-mesopotamie","status":"publish","type":"page","link":"https:\/\/smamontreal.ca\/en\/echos-de-mesopotamie\/","title":{"rendered":"\u00c9chos de M\u00e9sopotamie"},"content":{"rendered":"<div class='flex_column av-4df0odr-b356e4199df3607ac9019f93dd291ded av_one_half  avia-builder-el-0  el_before_av_one_half  avia-builder-el-first  first flex_column_div '     ><p><div  class='avia-slideshow av-m9j3jkr1-0ef01b14e484d3441a472899a93d8e7b avia-slideshow-no scaling av_slideshow avia-slide-slider  avia-builder-el-1  el_before_av_social_share  avia-builder-el-first  av-slideshow-ui av-control-default av-slideshow-autoplay av-loop-endless av-loop-manual-endless av-default-height-applied avia-slideshow-1' data-slideshow-options=\"{&quot;animation&quot;:&quot;slide&quot;,&quot;autoplay&quot;:true,&quot;loop_autoplay&quot;:&quot;endless&quot;,&quot;interval&quot;:5,&quot;loop_manual&quot;:&quot;manual-endless&quot;,&quot;autoplay_stopper&quot;:false,&quot;noNavigation&quot;:false,&quot;bg_slider&quot;:false,&quot;keep_padding&quot;:false,&quot;hoverpause&quot;:false,&quot;show_slide_delay&quot;:0}\"  itemprop=\"image\" itemscope=\"itemscope\" itemtype=\"https:\/\/schema.org\/ImageObject\" ><ul class='avia-slideshow-inner ' style='padding-bottom: 111.87019641332%;'><li  class='avia-slideshow-slide av-m9j3jkr1-0ef01b14e484d3441a472899a93d8e7b__0  av-single-slide slide-1 slide-odd'><div data-rel='slideshow-1' class='avia-slide-wrap '   ><img class=\"wp-image-15472 avia-img-lazy-loading-not-15472\"  src=\"https:\/\/smamontreal.ca\/wp-content\/uploads\/2025\/04\/SMAM_2024-25_pageweb_concertintime_4_echosdemesopotamie_ENG_v1.jpg\" width=\"1171\" height=\"1310\" title='SMAM_2024-25_pageweb_concertintime_4_echosdemesopotamie_ENG_v1' alt=''  itemprop=\"thumbnailUrl\" srcset=\"https:\/\/smamontreal.ca\/wp-content\/uploads\/2025\/04\/SMAM_2024-25_pageweb_concertintime_4_echosdemesopotamie_ENG_v1.jpg 1171w, https:\/\/smamontreal.ca\/wp-content\/uploads\/2025\/04\/SMAM_2024-25_pageweb_concertintime_4_echosdemesopotamie_ENG_v1-268x300.jpg 268w, https:\/\/smamontreal.ca\/wp-content\/uploads\/2025\/04\/SMAM_2024-25_pageweb_concertintime_4_echosdemesopotamie_ENG_v1-921x1030.jpg 921w, https:\/\/smamontreal.ca\/wp-content\/uploads\/2025\/04\/SMAM_2024-25_pageweb_concertintime_4_echosdemesopotamie_ENG_v1-768x859.jpg 768w, https:\/\/smamontreal.ca\/wp-content\/uploads\/2025\/04\/SMAM_2024-25_pageweb_concertintime_4_echosdemesopotamie_ENG_v1-630x705.jpg 630w, https:\/\/smamontreal.ca\/wp-content\/uploads\/2025\/04\/SMAM_2024-25_pageweb_concertintime_4_echosdemesopotamie_ENG_v1-450x503.jpg 450w\" sizes=\"(max-width: 1171px) 100vw, 1171px\" \/><\/div><\/li><\/ul><\/div><br \/>\n<div  class='av-social-sharing-box av-3mpo1vz-94aefe0da1f54eaea67ab3b7db1cc22d av-social-sharing-box-minimal  avia-builder-el-2  el_after_av_slideshow  avia-builder-el-last  av-social-sharing-box-fullwidth'><div class=\"av-share-box\"><ul class=\"av-share-box-list noLightbox\"><li class='av-share-link av-social-link-facebook' ><a target=\"_blank\" aria-label=\"Share on Facebook\" href='https:\/\/www.facebook.com\/sharer.php?u=https:\/\/smamontreal.ca\/en\/echos-de-mesopotamie\/&#038;t=%C3%89chos%20de%20M%C3%A9sopotamie' aria-hidden='false' data-av_icon='\ue8f3' data-av_iconfont='entypo-fontello' title='' data-avia-related-tooltip='Share on Facebook' rel=\"noopener\"><span class='avia_hidden_link_text'>Share on Facebook<\/span><\/a><\/li><li class='av-share-link av-social-link-twitter' ><a target=\"_blank\" aria-label=\"Share on Twitter\" href='https:\/\/twitter.com\/share?text=%C3%89chos%20de%20M%C3%A9sopotamie&#038;url=https:\/\/smamontreal.ca\/en\/?p=15471' aria-hidden='false' data-av_icon='\ue8f1' data-av_iconfont='entypo-fontello' title='' data-avia-related-tooltip='Share on Twitter' rel=\"noopener\"><span class='avia_hidden_link_text'>Share on Twitter<\/span><\/a><\/li><li class='av-share-link av-social-link-mail' ><a  aria-label=\"Share by Mail\" href='mailto:?subject=%C3%89chos%20de%20M%C3%A9sopotamie&#038;body=https:\/\/smamontreal.ca\/en\/echos-de-mesopotamie\/' aria-hidden='false' data-av_icon='\ue805' data-av_iconfont='entypo-fontello' title='' data-avia-related-tooltip='Share by Mail'><span class='avia_hidden_link_text'>Share by Mail<\/span><\/a><\/li><\/ul><\/div><\/div><\/p><\/div>\n\n<style type=\"text\/css\" data-created_by=\"avia_inline_auto\" id=\"style-css-av-34002wf-b6fde5f1ca1cf9c00466fcce844a69ca\">\n.flex_column.av-34002wf-b6fde5f1ca1cf9c00466fcce844a69ca{\n-webkit-border-radius:0px 0px 0px 0px;\n-moz-border-radius:0px 0px 0px 0px;\nborder-radius:0px 0px 0px 0px;\n}\n<\/style>\n<div class='flex_column av-34002wf-b6fde5f1ca1cf9c00466fcce844a69ca av_one_half  avia-builder-el-3  el_after_av_one_half  avia-builder-el-last  flex_column_div av-zero-column-padding '     ><p><section  class='av_textblock_section av-27wqkof-83cbde9b759cc38bfa90933a94ada99a'  itemscope=\"itemscope\" itemtype=\"https:\/\/schema.org\/CreativeWork\" ><div class='avia_textblock'  itemprop=\"text\" ><p><span style=\"color: #ffffff;\">&#8211;<\/span><\/p>\n<\/div><\/section><br \/>\n<div  class='avia-button-wrap av-m9j3kd88-38e6d2b957f3e237213bd83b73036e29-wrap avia-button-right  avia-builder-el-5  el_after_av_textblock  el_before_av_textblock ' >\n<style type=\"text\/css\" data-created_by=\"avia_inline_auto\" id=\"style-css-av-m9j3kd88-38e6d2b957f3e237213bd83b73036e29\">\n#top #wrap_all .avia-button.av-m9j3kd88-38e6d2b957f3e237213bd83b73036e29{\nbackground-color:#e6007e;\nborder-color:#e6007e;\ncolor:#ffffff;\n-webkit-transition:all 0.4s ease-in-out;\n-moz-transition:all 0.4s ease-in-out;\n-ms-transition:all 0.4s ease-in-out;\n-o-transition:all 0.4s ease-in-out;\ntransition:all 0.4s ease-in-out;\n}\n<\/style>\n<a href='https:\/\/smamontreal.tuxedobillet.com\/main\/echos-de-mesopotamie' class='avia-button av-m9j3kd88-38e6d2b957f3e237213bd83b73036e29 avia-icon_select-yes-left-icon avia-size-small avia-position-right' target=\"_blank\" rel=\"noopener noreferrer\"><span class='avia_button_icon avia_button_icon_left' aria-hidden='true' data-av_icon='\ue817' data-av_iconfont='entypo-fontello'><\/span><span class='avia_iconbox_title' >Buy Tickets <\/span><\/a><\/div><br \/>\n\n<style type=\"text\/css\" data-created_by=\"avia_inline_auto\" id=\"style-css-av-m9j3l2f1-1b26a0eca34fb35813d6ae804e8fbb13\">\n#top .av_textblock_section.av-m9j3l2f1-1b26a0eca34fb35813d6ae804e8fbb13 .avia_textblock{\ncolor:#000000;\n}\n<\/style>\n<section  class='av_textblock_section av-m9j3l2f1-1b26a0eca34fb35813d6ae804e8fbb13'  itemscope=\"itemscope\" itemtype=\"https:\/\/schema.org\/CreativeWork\" ><div class='avia_textblock av_inherit_color'  itemprop=\"text\" ><p><span style=\"color: #ffffff;\">&#8211;<\/span><strong><br \/>\n<\/strong><\/p>\n<p><strong>NEW DATE: Thursday, March 19, 2026 \u2013 7:30 p.m.<br \/>\n<\/strong><span style=\"color: #ff0000;\"><strong data-start=\"53\" data-end=\"88\">Postponed due to freezing rain:<\/strong> <del>Wednesday, March 11, 2026 \u2013 7:30 p.m.<\/del><\/span><br \/>\nChapelle Notre-Dame-de-Bon-Secours<br \/>\n400, rue Saint-Paul Est<br \/>\nMontr\u00e9al, H2Y 1H4<\/p>\n<p><img loading=\"lazy\" class=\"agency\" src=\"https:\/\/appassets.mvtdev.com\/index\/public-transit-resources\/img\/transit-types\/bus.svg\" alt=\"Bus\" width=\"20\" height=\"20\" \/>\u00a0Bus : 170, 30, 350, 355, 364, 365<br \/>\n<img loading=\"lazy\" src=\"data:image\/png;base64,iVBORw0KGgoAAAANSUhEUgAAADQAAAA0CAYAAADFeBvrAAAAGXRFWHRTb2Z0d2FyZQBBZG9iZSBJbWFnZVJlYWR5ccllPAAAA4RpVFh0WE1MOmNvbS5hZG9iZS54bXAAAAAAADw\/eHBhY2tldCBiZWdpbj0i77u\/IiBpZD0iVzVNME1wQ2VoaUh6cmVTek5UY3prYzlkIj8+IDx4OnhtcG1ldGEgeG1sbnM6eD0iYWRvYmU6bnM6bWV0YS8iIHg6eG1wdGs9IkFkb2JlIFhNUCBDb3JlIDUuNi1jMDE0IDc5LjE1Njc5NywgMjAxNC8wOC8yMC0wOTo1MzowMiAgICAgICAgIj4gPHJkZjpSREYgeG1sbnM6cmRmPSJodHRwOi8vd3d3LnczLm9yZy8xOTk5LzAyLzIyLXJkZi1zeW50YXgtbnMjIj4gPHJkZjpEZXNjcmlwdGlvbiByZGY6YWJvdXQ9IiIgeG1sbnM6eG1wTU09Imh0dHA6Ly9ucy5hZG9iZS5jb20veGFwLzEuMC9tbS8iIHhtbG5zOnN0UmVmPSJodHRwOi8vbnMuYWRvYmUuY29tL3hhcC8xLjAvc1R5cGUvUmVzb3VyY2VSZWYjIiB4bWxuczp4bXA9Imh0dHA6Ly9ucy5hZG9iZS5jb20veGFwLzEuMC8iIHhtcE1NOk9yaWdpbmFsRG9jdW1lbnRJRD0ieG1wLmRpZDo5MTJiOGZjZi1jYTQyLTQ0YjMtODVjZi03MGExNmQ0YmI1NTIiIHhtcE1NOkRvY3VtZW50SUQ9InhtcC5kaWQ6NzE0RjUyNjhERTkwMTFFNEJBOTVBOEY1NUM2MzE0ODAiIHhtcE1NOkluc3RhbmNlSUQ9InhtcC5paWQ6NzE0RjUyNjdERTkwMTFFNEJBOTVBOEY1NUM2MzE0ODAiIHhtcDpDcmVhdG9yVG9vbD0iQWRvYmUgUGhvdG9zaG9wIENDIDIwMTQgKFdpbmRvd3MpIj4gPHhtcE1NOkRlcml2ZWRGcm9tIHN0UmVmOmluc3RhbmNlSUQ9InhtcC5paWQ6NmM3ZDY2YjgtODQzMS1kYzRhLThkOWMtY2JlOGVkMzM1MGMyIiBzdFJlZjpkb2N1bWVudElEPSJhZG9iZTpkb2NpZDpwaG90b3Nob3A6Yzg4MjM1ZTQtZGU4ZC0xMWU0LWFlY2ItZDIzM2ZlMWY2ZDE3Ii8+IDwvcmRmOkRlc2NyaXB0aW9uPiA8L3JkZjpSREY+IDwveDp4bXBtZXRhPiA8P3hwYWNrZXQgZW5kPSJyIj8+EueJHwAABUVJREFUeNrsWn9oVVUcv3srMVyRbqsUwR8YK5CHEMNGMBQMRUI2ikQYIfpfRU1eMJiOBC0QHLiQBBEaOpCi3JAcmYKQOogRqPhHs0AEmdPUoSlYutnnS58rhy\/nx33v3b3XG33hw3n33nO+3+\/n3nO+55zveVUR5OWGV15E8TnQCsyOKkvGgX6g87eRX69XkczPwIKosuUKsLy6tq7uC\/xYGVW+PA\/MybCbTRdpzVTgmPHJ7KemSPF94AIwAlwD7vF+DTAXaACywKy0DadJ6CrQBxwFhhFxHvkqIxiJ7UZgHdAGzE\/DCYlyj4vUcQ7YAQyAxGQhCuCDdP0WoAtYVi5CfwAdQC+IPE7j7cKXKhQbgV1AfSE6MgXaPgEsBZGvfGTgYE2Se7GILtEpummjJGNoD5CzdS+Oi7WcCuK5baGqdhH1pDzFGX5Qjzdc30CdNfjZDbRPJaEuGNtpIfI0iveBT9TgvuLQs4BdS3AV7Xej\/BK6Hxqk5IVtwbNbHKOpd7k9DjLLUZznlyskUs1n2\/PUpbvhTj5PlZD055yFzAcozgCvphATRMcZ6tSSSzqmMgmjWZseMzD8KYq9Kc9lomsvdUeq+7XRl6IJdcggtXyZ7VO4hNmuvxR96CiWkEyavYrM6yh6SrAu66EtU3rpU8GEdpjzDAzMQHEIqC4BIbFxiDafzFOhiJcJrM0G1L0PgSUlXD0voU1TBuhb3oT6zEDAN5Urw5Ygp77SJBfBeRM6qq7fAuaVgdA82vb5FiQk+5lhde\/tMm7ctO1h+piY0AXLfmZFGQmtUCH8ETeQiQmNqFBdW6bu9qTb0QenjyFC19T1Yke9H4HJFB2fpE6bLA746CV0T13b9v778elXo9wAPEyBjOjYQJ37Lc9nBXwsaoN3hNsF6c\/fcA\/0ZxFkpO1a6oqo+4jeXRezOK2xGIxljIvVCWOQnuSG7mYBZKTNSuqI9U1wMTpm1Lsb8NFLaK66vmz8fknWVOZkRyd+QdGk6oZE6jaxbaQm8V7asvlg89FLqEE5exvFqHHrXeAYDD+r6v2O4g1XSNVTg9RlG5OM6DxGG7GM0genjyFCWeYHTDmlrlfJPdSrV6Qk+jQDP3nIyLNm1jXJ1NPOKp9t+pbNh5BElEZ171tLvdeAIRhYpEjdQSHR6jtLG7m3mnVMJ0XHEHVGAduNjsjrjXLr1PWgGqTmivgsHMoqUg+AnCVHIBmjB4qMtD3rWMmP0bbPt0SE2pjRjB35mwlAVxA5jfrN+YY4tjntGuRik7bj+hlGwLwJSTamRd3b51pyQJ4DjsNgax5kpO5xtnUtwfapey2+7FJoYu1iejb+Sn+h2ARMOOrPlP6ONpsTkNnMsTHTUUVsbKLNuI340lXMFnwZk4HmGBgKbPRE5wEY3+ohI88OBOznaMuUjVEgmZ8kWS+po6WWzI8kALcG2spxZ3ucl+AblqThR4F2n6HNNmXvBRQXo0ASP+npgyT51lhycx9H\/+affUmTr4H3+PsgsN5Td4JfpkfZkS\/5A\/BmGnm5iIq6LSG4h5PoJU9bIfA94SNziZOtLUXWnYRMvqvtdrypbRZSQ5y1tzjmqfiFuBwaY9usZcxEtJn4BKKQAy\/fccoMbiXe4erbtcsd5XJGotygOc+obpb3cUqhJ3gnuIW4EQjNc1AsMuYZ2QJctiw0I0sA6EvazdIgFEe\/\/9yR5P+Hxh6ZNsf6rkRlxf\/xQu+nmoiSivTd8Wj6yLgQ6p9GhPqFUGfkPn6vJBEOndW3b928X1tXdxgXMgkuBJ6ptG4GiP+Sdb3+jwADAIWL82t0Zk9IAAAAAElFTkSuQmCC\" alt=\"M\u00e9tro\" width=\"20\" height=\"20\" \/> M\u00e9tro : Champ-de-Mars<\/p>\n<\/div><\/section><br \/>\n\n<style type=\"text\/css\" data-created_by=\"avia_inline_auto\" id=\"style-css-av-1q0lpan-3df958ebbdbfd76893a9ead2ee721df6\">\n#top .av-special-heading.av-1q0lpan-3df958ebbdbfd76893a9ead2ee721df6{\npadding-bottom:15px;\n}\nbody .av-special-heading.av-1q0lpan-3df958ebbdbfd76893a9ead2ee721df6 .av-special-heading-tag .heading-char{\nfont-size:25px;\n}\n.av-special-heading.av-1q0lpan-3df958ebbdbfd76893a9ead2ee721df6 .av-subheading{\nfont-size:10px;\n}\n<\/style>\n<div  class='av-special-heading av-1q0lpan-3df958ebbdbfd76893a9ead2ee721df6 av-special-heading-h3 meta-heading  avia-builder-el-7  el_after_av_textblock  el_before_av_textblock '><h3 class='av-special-heading-tag'  itemprop=\"headline\"  >SUMMARY<\/h3><div class=\"special-heading-border\"><div class=\"special-heading-inner-border\"><\/div><\/div><\/div><br \/>\n\n<style type=\"text\/css\" data-created_by=\"avia_inline_auto\" id=\"style-css-av-m9j3llkt-2450ce60cde156549237450f1d803e40\">\n#top .av_textblock_section.av-m9j3llkt-2450ce60cde156549237450f1d803e40 .avia_textblock{\ncolor:#000000;\n}\n<\/style>\n<section  class='av_textblock_section av-m9j3llkt-2450ce60cde156549237450f1d803e40'  itemscope=\"itemscope\" itemtype=\"https:\/\/schema.org\/CreativeWork\" ><div class='avia_textblock av_inherit_color'  itemprop=\"text\" ><p>Under the direction of Lamia Yared, Ensemble Urmawi\u2014named after 13th century musician and theoretician \u1e62af\u012b al-D\u012bn al-Urmaw\u012b, who was born in Iran and died in Baghdad\u2014introduces us to Persian and Arabic classical music of the 18th and 19th centuries. A journey high- lighting the history, poetry, and refinement of the Abbasid heritage.<\/p>\n<\/div><\/section><br \/>\n\n<style type=\"text\/css\" data-created_by=\"avia_inline_auto\" id=\"style-css-av-3zo87j-bae1c76f6461e53fa5f08b571c2a6d19\">\n#top .av-special-heading.av-3zo87j-bae1c76f6461e53fa5f08b571c2a6d19{\npadding-bottom:15px;\n}\nbody .av-special-heading.av-3zo87j-bae1c76f6461e53fa5f08b571c2a6d19 .av-special-heading-tag .heading-char{\nfont-size:25px;\n}\n.av-special-heading.av-3zo87j-bae1c76f6461e53fa5f08b571c2a6d19 .av-subheading{\nfont-size:10px;\n}\n<\/style>\n<div  class='av-special-heading av-3zo87j-bae1c76f6461e53fa5f08b571c2a6d19 av-special-heading-h3 meta-heading  avia-builder-el-9  el_after_av_textblock  el_before_av_textblock '><h3 class='av-special-heading-tag'  itemprop=\"headline\"  >PROGRAM<\/h3><div class=\"special-heading-border\"><div class=\"special-heading-inner-border\"><\/div><\/div><\/div><br \/>\n\n<style type=\"text\/css\" data-created_by=\"avia_inline_auto\" id=\"style-css-av-m9j3rbki-8ffcfd4fbd37737623e1b798bae77b12\">\n#top .av_textblock_section.av-m9j3rbki-8ffcfd4fbd37737623e1b798bae77b12 .avia_textblock{\ncolor:#000000;\n}\n<\/style>\n<section  class='av_textblock_section av-m9j3rbki-8ffcfd4fbd37737623e1b798bae77b12'  itemscope=\"itemscope\" itemtype=\"https:\/\/schema.org\/CreativeWork\" ><div class='avia_textblock av_inherit_color'  itemprop=\"text\" ><p class=\"p1\"><strong>Mohammasi Rost<br \/>\n<\/strong><i>Pi\u00e8ce instrumentale ouzb\u00e8que<\/i>, XVIII<sup>e<\/sup> si\u00e8cle<\/p>\n<p class=\"p1\"><strong>Tabe Banafsheh<br \/>\n<\/strong><i>Le tourbillon de la violette<br \/>\n<\/i>Tasnif du r\u00e9pertoire persan, Sama Hozour, XVIII<sup>e<\/sup> si\u00e8cle<\/p>\n<p class=\"p1\"><strong>Bassimoun \u2018an la al<br \/>\n<\/strong><i>Un sourire venu d\u2019au-del\u00e0 des perles<br \/>\n<\/i>Muwashah compos\u00e9 par Saleh El Mehdi, Tunisie, XX<sup>e<\/sup> s. et po\u00e9sie Al Shahab al Mousli<\/p>\n<p class=\"p1\"><strong>Ya Ghazali Kayfa \u2018Anni Ab\u2019adouk<br \/>\n<\/strong><i>\u00d4 ma gazelle, comment t\u2019ont-ils \u00e9loign\u00e9e de moi ?<\/i><i><\/i><\/p>\n<p class=\"p1\"><strong>B\u00e2z<br \/>\n<\/strong><i>Le retour de Simorgh<br \/>\n<\/i>Composition par Showan Tavakol sur le po\u00e8me de Rumi<\/p>\n<p class=\"p1\"><strong>Dhatou l\u2019wishah<br \/>\n<\/strong><i>Cette dame au ch\u00e2le<br \/>\n<\/i>Muwashah anonyme, Syrie<\/p>\n<p class=\"p1\"><strong>Dar kare golab w gol<br \/>\n<\/strong><i>Entre la rose et l\u2019eau de rose, le d\u00e9cret \u00e9ternel : l\u2019une expos\u00e9e, l\u2019autre <\/i><i>voil\u00e9e.<br \/>\n<\/i>Tasnif du r\u00e9pertoire persan par Mazaqi Ajam pour l\u2019empereur de perse Shah Abbas, XVI<sup>e<\/sup> si\u00e8cle po\u00e8me de Hafez Shirazi.<\/p>\n<p class=\"p1\"><strong>Improvisation sur le mode Sahari<br \/>\n<\/strong>pour violoncelle et kamanche<\/p>\n<p class=\"p1\"><strong>Nazar Deli<br \/>\n<\/strong><i>Le regard du c\u0153ur fragile, tir\u00e9 du r\u00e9pertoire persan<\/i><\/p>\n<p class=\"p1\"><strong>Ala Sabbikoum<br \/>\n<\/strong><i>\u00d4 vos nobles, soyez bienveillants<br \/>\n<\/i>Safi Al din Al Urmawi<i>, <\/i>tir\u00e9 du manuscrit de Safi Al Din Al Urmawi,<br \/>\n<i>Ourmiye Iran<\/i><\/p>\n<p class=\"p1\"><strong>Renge Dashti<br \/>\n<\/strong>Pi\u00e8ce instrumentale folklorique persane<\/p>\n<p class=\"p1\"><strong>Fika koullou ma ara hasan<br \/>\n<\/strong><i>En toi je vois toute la beaut\u00e9<br \/>\n<\/i>Muwashah, Syrie<\/p>\n<p class=\"p1\"><strong>Sal noujoum al layl<br \/>\n<\/strong><i>Demande aux \u00e9toiles de la nuit, elles te parleront de moi<br \/>\n<\/i>Muwashah anonyme, Syrie<\/p>\n<\/div><\/section><br \/>\n\n<style type=\"text\/css\" data-created_by=\"avia_inline_auto\" id=\"style-css-av-ptkeq7-af20ea960ff1586b7eb23195d1fbc1ba\">\n#top .av-special-heading.av-ptkeq7-af20ea960ff1586b7eb23195d1fbc1ba{\npadding-bottom:15px;\n}\nbody .av-special-heading.av-ptkeq7-af20ea960ff1586b7eb23195d1fbc1ba .av-special-heading-tag .heading-char{\nfont-size:25px;\n}\n.av-special-heading.av-ptkeq7-af20ea960ff1586b7eb23195d1fbc1ba .av-subheading{\nfont-size:10px;\n}\n<\/style>\n<div  class='av-special-heading av-ptkeq7-af20ea960ff1586b7eb23195d1fbc1ba av-special-heading-h3 meta-heading  avia-builder-el-11  el_after_av_textblock  el_before_av_textblock '><h3 class='av-special-heading-tag'  itemprop=\"headline\"  >DISTRIBUTION<\/h3><div class=\"special-heading-border\"><div class=\"special-heading-inner-border\"><\/div><\/div><\/div><br \/>\n\n<style type=\"text\/css\" data-created_by=\"avia_inline_auto\" id=\"style-css-av-m9j3sj3e-cb3fdb1ca8b7ea5ece57295a3b267e25\">\n#top .av_textblock_section.av-m9j3sj3e-cb3fdb1ca8b7ea5ece57295a3b267e25 .avia_textblock{\ncolor:#000000;\n}\n<\/style>\n<section  class='av_textblock_section av-m9j3sj3e-cb3fdb1ca8b7ea5ece57295a3b267e25'  itemscope=\"itemscope\" itemtype=\"https:\/\/schema.org\/CreativeWork\" ><div class='avia_textblock av_inherit_color'  itemprop=\"text\" ><p><strong>Urmawi Ensemble<\/strong><\/p>\n<p><strong>Lamia Yared<\/strong>, voice, oud and direction<br \/>\n<strong>Showan Tavakol<\/strong>, kamancheh and compositions<br \/>\n<strong>Sheila Hannigan<\/strong>, cello<br \/>\n<strong>Joseph Khoury<\/strong>, riq and daf<br \/>\n<strong>Nizar Tabcharani<\/strong>, qanun<br \/>\n<strong>Aymen Trabelsi<\/strong>, nay<\/p>\n<\/div><\/section><\/p><\/div>\n","protected":false},"excerpt":{"rendered":"","protected":false},"author":2,"featured_media":15472,"parent":0,"menu_order":0,"comment_status":"closed","ping_status":"closed","template":"","meta":{"episode_type":"","audio_file":"","cover_image":"","cover_image_id":"","duration":"","filesize":"","date_recorded":"","explicit":"","block":"","filesize_raw":""},"yst_prominent_words":[],"_links":{"self":[{"href":"https:\/\/smamontreal.ca\/en\/wp-json\/wp\/v2\/pages\/15471"}],"collection":[{"href":"https:\/\/smamontreal.ca\/en\/wp-json\/wp\/v2\/pages"}],"about":[{"href":"https:\/\/smamontreal.ca\/en\/wp-json\/wp\/v2\/types\/page"}],"author":[{"embeddable":true,"href":"https:\/\/smamontreal.ca\/en\/wp-json\/wp\/v2\/users\/2"}],"replies":[{"embeddable":true,"href":"https:\/\/smamontreal.ca\/en\/wp-json\/wp\/v2\/comments?post=15471"}],"version-history":[{"count":21,"href":"https:\/\/smamontreal.ca\/en\/wp-json\/wp\/v2\/pages\/15471\/revisions"}],"predecessor-version":[{"id":17148,"href":"https:\/\/smamontreal.ca\/en\/wp-json\/wp\/v2\/pages\/15471\/revisions\/17148"}],"wp:featuredmedia":[{"embeddable":true,"href":"https:\/\/smamontreal.ca\/en\/wp-json\/wp\/v2\/media\/15472"}],"wp:attachment":[{"href":"https:\/\/smamontreal.ca\/en\/wp-json\/wp\/v2\/media?parent=15471"}],"wp:term":[{"taxonomy":"yst_prominent_words","embeddable":true,"href":"https:\/\/smamontreal.ca\/en\/wp-json\/wp\/v2\/yst_prominent_words?post=15471"}],"curies":[{"name":"wp","href":"https:\/\/api.w.org\/{rel}","templated":true}]}}