{"id":17241,"date":"2026-03-30T21:11:50","date_gmt":"2026-03-31T01:11:50","guid":{"rendered":"https:\/\/smamontreal.ca\/?page_id=17241"},"modified":"2026-04-08T10:11:31","modified_gmt":"2026-04-08T14:11:31","slug":"souffles-dalbion","status":"publish","type":"page","link":"https:\/\/smamontreal.ca\/en\/souffles-dalbion\/","title":{"rendered":"Souffles d&#8217;Albion"},"content":{"rendered":"<div class='flex_column av-3xrdncp-0877743c75abeed670437ba026ab98d2 av_one_half  avia-builder-el-0  el_before_av_one_half  avia-builder-el-first  first flex_column_div '     ><p><div  class='avia-slideshow av-mndx3yah-10d22f1fb5849784acc28f4ff2149c19 avia-slideshow-no scaling av_slideshow avia-slide-slider  avia-builder-el-1  el_before_av_social_share  avia-builder-el-first  av-slideshow-ui av-control-default av-slideshow-autoplay av-loop-endless av-loop-manual-endless av-default-height-applied avia-slideshow-1' data-slideshow-options=\"{&quot;animation&quot;:&quot;slide&quot;,&quot;autoplay&quot;:true,&quot;loop_autoplay&quot;:&quot;endless&quot;,&quot;interval&quot;:5,&quot;loop_manual&quot;:&quot;manual-endless&quot;,&quot;autoplay_stopper&quot;:false,&quot;noNavigation&quot;:false,&quot;bg_slider&quot;:false,&quot;keep_padding&quot;:false,&quot;hoverpause&quot;:false,&quot;show_slide_delay&quot;:0}\"  itemprop=\"image\" itemscope=\"itemscope\" itemtype=\"https:\/\/schema.org\/ImageObject\" ><ul class='avia-slideshow-inner ' style='padding-bottom: 111.87019641332%;'><li  class='avia-slideshow-slide av-mndx3yah-10d22f1fb5849784acc28f4ff2149c19__0  av-single-slide slide-1 slide-odd'><div data-rel='slideshow-1' class='avia-slide-wrap '   ><img class=\"wp-image-17273 avia-img-lazy-loading-not-17273\"  src=\"https:\/\/smamontreal.ca\/wp-content\/uploads\/2026\/03\/SMAM_2026-27_pageweb_concertserie_1_soufflealbion_ENG_v1.jpg\" width=\"1171\" height=\"1310\" title='SMAM_2026-27_pageweb_concertserie_1_soufflealbion_ENG_v1' alt=''  itemprop=\"thumbnailUrl\" srcset=\"https:\/\/smamontreal.ca\/wp-content\/uploads\/2026\/03\/SMAM_2026-27_pageweb_concertserie_1_soufflealbion_ENG_v1.jpg 1171w, https:\/\/smamontreal.ca\/wp-content\/uploads\/2026\/03\/SMAM_2026-27_pageweb_concertserie_1_soufflealbion_ENG_v1-268x300.jpg 268w, https:\/\/smamontreal.ca\/wp-content\/uploads\/2026\/03\/SMAM_2026-27_pageweb_concertserie_1_soufflealbion_ENG_v1-921x1030.jpg 921w, https:\/\/smamontreal.ca\/wp-content\/uploads\/2026\/03\/SMAM_2026-27_pageweb_concertserie_1_soufflealbion_ENG_v1-768x859.jpg 768w, https:\/\/smamontreal.ca\/wp-content\/uploads\/2026\/03\/SMAM_2026-27_pageweb_concertserie_1_soufflealbion_ENG_v1-630x705.jpg 630w\" sizes=\"(max-width: 1171px) 100vw, 1171px\" \/><\/div><\/li><\/ul><\/div><br \/>\n<div  class='av-social-sharing-box av-3gr1bo9-0776445b5d6141d3121f1aff00545350 av-social-sharing-box-minimal  avia-builder-el-2  el_after_av_slideshow  avia-builder-el-last  av-social-sharing-box-fullwidth'><div class=\"av-share-box\"><ul class=\"av-share-box-list noLightbox\"><li class='av-share-link av-social-link-facebook' ><a target=\"_blank\" aria-label=\"Share on Facebook\" href='https:\/\/www.facebook.com\/sharer.php?u=https:\/\/smamontreal.ca\/en\/souffles-dalbion\/&#038;t=Souffles%20d%E2%80%99Albion' aria-hidden='false' data-av_icon='\ue8f3' data-av_iconfont='entypo-fontello' title='' data-avia-related-tooltip='Share on Facebook' rel=\"noopener\"><span class='avia_hidden_link_text'>Share on Facebook<\/span><\/a><\/li><li class='av-share-link av-social-link-twitter' ><a target=\"_blank\" aria-label=\"Share on Twitter\" href='https:\/\/twitter.com\/share?text=Souffles%20d%E2%80%99Albion&#038;url=https:\/\/smamontreal.ca\/en\/?p=17241' aria-hidden='false' data-av_icon='\ue8f1' data-av_iconfont='entypo-fontello' title='' data-avia-related-tooltip='Share on Twitter' rel=\"noopener\"><span class='avia_hidden_link_text'>Share on Twitter<\/span><\/a><\/li><li class='av-share-link av-social-link-mail' ><a  aria-label=\"Share by Mail\" href='mailto:?subject=Souffles%20d%E2%80%99Albion&#038;body=https:\/\/smamontreal.ca\/en\/souffles-dalbion\/' aria-hidden='false' data-av_icon='\ue805' data-av_iconfont='entypo-fontello' title='' data-avia-related-tooltip='Share by Mail'><span class='avia_hidden_link_text'>Share by Mail<\/span><\/a><\/li><\/ul><\/div><\/div><\/p><\/div>\n\n<style type=\"text\/css\" data-created_by=\"avia_inline_auto\" id=\"style-css-av-33fvo0p-a7bcf61c1456b9ae1a8eecb9abc19242\">\n.flex_column.av-33fvo0p-a7bcf61c1456b9ae1a8eecb9abc19242{\n-webkit-border-radius:0px 0px 0px 0px;\n-moz-border-radius:0px 0px 0px 0px;\nborder-radius:0px 0px 0px 0px;\n}\n<\/style>\n<div class='flex_column av-33fvo0p-a7bcf61c1456b9ae1a8eecb9abc19242 av_one_half  avia-builder-el-3  el_after_av_one_half  avia-builder-el-last  flex_column_div av-zero-column-padding '     ><p><div  class='avia-button-wrap av-2jvul6h-7501e816fef2432f771a48dad5de8de1-wrap avia-button-right  avia-builder-el-4  el_before_av_textblock  avia-builder-el-first ' >\n<style type=\"text\/css\" data-created_by=\"avia_inline_auto\" id=\"style-css-av-2jvul6h-7501e816fef2432f771a48dad5de8de1\">\n#top #wrap_all .avia-button.av-2jvul6h-7501e816fef2432f771a48dad5de8de1{\nbackground-color:#e6007e;\nborder-color:#e6007e;\ncolor:#ffffff;\n-webkit-transition:all 0.4s ease-in-out;\n-moz-transition:all 0.4s ease-in-out;\n-ms-transition:all 0.4s ease-in-out;\n-o-transition:all 0.4s ease-in-out;\ntransition:all 0.4s ease-in-out;\n}\n<\/style>\n<a href='https:\/\/smamontreal-abonnement.tuxedobillet.com\/' class='avia-button av-2jvul6h-7501e816fef2432f771a48dad5de8de1 avia-icon_select-yes-left-icon avia-size-small avia-position-right' target=\"_blank\" rel=\"noopener noreferrer\"><span class='avia_button_icon avia_button_icon_left' aria-hidden='true' data-av_icon='\ue817' data-av_iconfont='entypo-fontello'><\/span><span class='avia_iconbox_title' >Buy subscriptions <\/span><\/a><\/div><br \/>\n<section  class='av_textblock_section av-284f3qx-28716c50a3915eb69f93cfb85231de1a'  itemscope=\"itemscope\" itemtype=\"https:\/\/schema.org\/CreativeWork\" ><div class='avia_textblock'  itemprop=\"text\" ><p><span style=\"color: #ffffff;\">&#8211;<\/span><\/p>\n<\/div><\/section><br \/>\n<div  class='avia-button-wrap av-mndx4329-2ae710d7aac96edd1a1328126f4c053e-wrap avia-button-right  avia-builder-el-6  el_after_av_textblock  el_before_av_textblock ' >\n<style type=\"text\/css\" data-created_by=\"avia_inline_auto\" id=\"style-css-av-mndx4329-2ae710d7aac96edd1a1328126f4c053e\">\n#top #wrap_all .avia-button.av-mndx4329-2ae710d7aac96edd1a1328126f4c053e{\nbackground-color:#e6007e;\nborder-color:#e6007e;\ncolor:#ffffff;\n-webkit-transition:all 0.4s ease-in-out;\n-moz-transition:all 0.4s ease-in-out;\n-ms-transition:all 0.4s ease-in-out;\n-o-transition:all 0.4s ease-in-out;\ntransition:all 0.4s ease-in-out;\n}\n<\/style>\n<a href='https:\/\/smamontreal.tuxedobillet.com\/main\/souffles-dalbion' class='avia-button av-mndx4329-2ae710d7aac96edd1a1328126f4c053e avia-icon_select-yes-left-icon avia-size-small avia-position-right' target=\"_blank\" rel=\"noopener noreferrer\"><span class='avia_button_icon avia_button_icon_left' aria-hidden='true' data-av_icon='\ue817' data-av_iconfont='entypo-fontello'><\/span><span class='avia_iconbox_title' >Buy Tickets <\/span><\/a><\/div><br \/>\n\n<style type=\"text\/css\" data-created_by=\"avia_inline_auto\" id=\"style-css-av-mndx5ibt-6d0337a243be959c6eb644e7d4a4dab2\">\n#top .av_textblock_section.av-mndx5ibt-6d0337a243be959c6eb644e7d4a4dab2 .avia_textblock{\ncolor:#000000;\n}\n<\/style>\n<section  class='av_textblock_section av-mndx5ibt-6d0337a243be959c6eb644e7d4a4dab2'  itemscope=\"itemscope\" itemtype=\"https:\/\/schema.org\/CreativeWork\" ><div class='avia_textblock av_inherit_color'  itemprop=\"text\" ><p><span style=\"color: #ffffff;\">&#8211;<\/span><strong><br \/>\n<\/strong><\/p>\n<p><strong>Friday, October 23, 2026 \u2013 7:30 pm<\/strong><i><span style=\"font-weight: 400;\"><br \/>\n<\/span><\/i>Ascension of Our Lord Church<br \/>\n375 Kitchener Ave<br \/>\nWestmount, H3Z 2G1<\/p>\n<p><img loading=\"lazy\" class=\"agency\" src=\"https:\/\/appassets.mvtdev.com\/index\/public-transit-resources\/img\/transit-types\/bus.svg\" alt=\"Bus\" width=\"20\" height=\"20\" \/> Bus : 24 \u2013 stop Sherbrooke \/ Kitchener<br \/>\n<img loading=\"lazy\" src=\"data:image\/png;base64,iVBORw0KGgoAAAANSUhEUgAAADQAAAA0CAYAAADFeBvrAAAAGXRFWHRTb2Z0d2FyZQBBZG9iZSBJbWFnZVJlYWR5ccllPAAAA4RpVFh0WE1MOmNvbS5hZG9iZS54bXAAAAAAADw\/eHBhY2tldCBiZWdpbj0i77u\/IiBpZD0iVzVNME1wQ2VoaUh6cmVTek5UY3prYzlkIj8+IDx4OnhtcG1ldGEgeG1sbnM6eD0iYWRvYmU6bnM6bWV0YS8iIHg6eG1wdGs9IkFkb2JlIFhNUCBDb3JlIDUuNi1jMDE0IDc5LjE1Njc5NywgMjAxNC8wOC8yMC0wOTo1MzowMiAgICAgICAgIj4gPHJkZjpSREYgeG1sbnM6cmRmPSJodHRwOi8vd3d3LnczLm9yZy8xOTk5LzAyLzIyLXJkZi1zeW50YXgtbnMjIj4gPHJkZjpEZXNjcmlwdGlvbiByZGY6YWJvdXQ9IiIgeG1sbnM6eG1wTU09Imh0dHA6Ly9ucy5hZG9iZS5jb20veGFwLzEuMC9tbS8iIHhtbG5zOnN0UmVmPSJodHRwOi8vbnMuYWRvYmUuY29tL3hhcC8xLjAvc1R5cGUvUmVzb3VyY2VSZWYjIiB4bWxuczp4bXA9Imh0dHA6Ly9ucy5hZG9iZS5jb20veGFwLzEuMC8iIHhtcE1NOk9yaWdpbmFsRG9jdW1lbnRJRD0ieG1wLmRpZDo5MTJiOGZjZi1jYTQyLTQ0YjMtODVjZi03MGExNmQ0YmI1NTIiIHhtcE1NOkRvY3VtZW50SUQ9InhtcC5kaWQ6NzE0RjUyNjhERTkwMTFFNEJBOTVBOEY1NUM2MzE0ODAiIHhtcE1NOkluc3RhbmNlSUQ9InhtcC5paWQ6NzE0RjUyNjdERTkwMTFFNEJBOTVBOEY1NUM2MzE0ODAiIHhtcDpDcmVhdG9yVG9vbD0iQWRvYmUgUGhvdG9zaG9wIENDIDIwMTQgKFdpbmRvd3MpIj4gPHhtcE1NOkRlcml2ZWRGcm9tIHN0UmVmOmluc3RhbmNlSUQ9InhtcC5paWQ6NmM3ZDY2YjgtODQzMS1kYzRhLThkOWMtY2JlOGVkMzM1MGMyIiBzdFJlZjpkb2N1bWVudElEPSJhZG9iZTpkb2NpZDpwaG90b3Nob3A6Yzg4MjM1ZTQtZGU4ZC0xMWU0LWFlY2ItZDIzM2ZlMWY2ZDE3Ii8+IDwvcmRmOkRlc2NyaXB0aW9uPiA8L3JkZjpSREY+IDwveDp4bXBtZXRhPiA8P3hwYWNrZXQgZW5kPSJyIj8+EueJHwAABUVJREFUeNrsWn9oVVUcv3srMVyRbqsUwR8YK5CHEMNGMBQMRUI2ikQYIfpfRU1eMJiOBC0QHLiQBBEaOpCi3JAcmYKQOogRqPhHs0AEmdPUoSlYutnnS58rhy\/nx33v3b3XG33hw3n33nO+3+\/n3nO+55zveVUR5OWGV15E8TnQCsyOKkvGgX6g87eRX69XkczPwIKosuUKsLy6tq7uC\/xYGVW+PA\/MybCbTRdpzVTgmPHJ7KemSPF94AIwAlwD7vF+DTAXaACywKy0DadJ6CrQBxwFhhFxHvkqIxiJ7UZgHdAGzE\/DCYlyj4vUcQ7YAQyAxGQhCuCDdP0WoAtYVi5CfwAdQC+IPE7j7cKXKhQbgV1AfSE6MgXaPgEsBZGvfGTgYE2Se7GILtEpummjJGNoD5CzdS+Oi7WcCuK5baGqdhH1pDzFGX5Qjzdc30CdNfjZDbRPJaEuGNtpIfI0iveBT9TgvuLQs4BdS3AV7Xej\/BK6Hxqk5IVtwbNbHKOpd7k9DjLLUZznlyskUs1n2\/PUpbvhTj5PlZD055yFzAcozgCvphATRMcZ6tSSSzqmMgmjWZseMzD8KYq9Kc9lomsvdUeq+7XRl6IJdcggtXyZ7VO4hNmuvxR96CiWkEyavYrM6yh6SrAu66EtU3rpU8GEdpjzDAzMQHEIqC4BIbFxiDafzFOhiJcJrM0G1L0PgSUlXD0voU1TBuhb3oT6zEDAN5Urw5Ygp77SJBfBeRM6qq7fAuaVgdA82vb5FiQk+5lhde\/tMm7ctO1h+piY0AXLfmZFGQmtUCH8ETeQiQmNqFBdW6bu9qTb0QenjyFC19T1Yke9H4HJFB2fpE6bLA746CV0T13b9v778elXo9wAPEyBjOjYQJ37Lc9nBXwsaoN3hNsF6c\/fcA\/0ZxFkpO1a6oqo+4jeXRezOK2xGIxljIvVCWOQnuSG7mYBZKTNSuqI9U1wMTpm1Lsb8NFLaK66vmz8fknWVOZkRyd+QdGk6oZE6jaxbaQm8V7asvlg89FLqEE5exvFqHHrXeAYDD+r6v2O4g1XSNVTg9RlG5OM6DxGG7GM0genjyFCWeYHTDmlrlfJPdSrV6Qk+jQDP3nIyLNm1jXJ1NPOKp9t+pbNh5BElEZ171tLvdeAIRhYpEjdQSHR6jtLG7m3mnVMJ0XHEHVGAduNjsjrjXLr1PWgGqTmivgsHMoqUg+AnCVHIBmjB4qMtD3rWMmP0bbPt0SE2pjRjB35mwlAVxA5jfrN+YY4tjntGuRik7bj+hlGwLwJSTamRd3b51pyQJ4DjsNgax5kpO5xtnUtwfapey2+7FJoYu1iejb+Sn+h2ARMOOrPlP6ONpsTkNnMsTHTUUVsbKLNuI340lXMFnwZk4HmGBgKbPRE5wEY3+ohI88OBOznaMuUjVEgmZ8kWS+po6WWzI8kALcG2spxZ3ucl+AblqThR4F2n6HNNmXvBRQXo0ASP+npgyT51lhycx9H\/+affUmTr4H3+PsgsN5Td4JfpkfZkS\/5A\/BmGnm5iIq6LSG4h5PoJU9bIfA94SNziZOtLUXWnYRMvqvtdrypbRZSQ5y1tzjmqfiFuBwaY9usZcxEtJn4BKKQAy\/fccoMbiXe4erbtcsd5XJGotygOc+obpb3cUqhJ3gnuIW4EQjNc1AsMuYZ2QJctiw0I0sA6EvazdIgFEe\/\/9yR5P+Hxh6ZNsf6rkRlxf\/xQu+nmoiSivTd8Wj6yLgQ6p9GhPqFUGfkPn6vJBEOndW3b928X1tXdxgXMgkuBJ6ptG4GiP+Sdb3+jwADAIWL82t0Zk9IAAAAAElFTkSuQmCC\" alt=\"M\u00e9tro\" width=\"20\" height=\"20\" \/> M\u00e9tro : Atwater<\/p>\n<\/div><\/section><br \/>\n\n<style type=\"text\/css\" data-created_by=\"avia_inline_auto\" id=\"style-css-av-1tzm261-191d14776db1b8cf9e748df7a6e59bac\">\n#top .av-special-heading.av-1tzm261-191d14776db1b8cf9e748df7a6e59bac{\npadding-bottom:15px;\n}\nbody .av-special-heading.av-1tzm261-191d14776db1b8cf9e748df7a6e59bac .av-special-heading-tag .heading-char{\nfont-size:25px;\n}\n.av-special-heading.av-1tzm261-191d14776db1b8cf9e748df7a6e59bac .av-subheading{\nfont-size:10px;\n}\n<\/style>\n<div  class='av-special-heading av-1tzm261-191d14776db1b8cf9e748df7a6e59bac av-special-heading-h3 meta-heading  avia-builder-el-8  el_after_av_textblock  el_before_av_textblock '><h3 class='av-special-heading-tag'  itemprop=\"headline\"  >SUMMARY<\/h3><div class=\"special-heading-border\"><div class=\"special-heading-inner-border\"><\/div><\/div><\/div><br \/>\n\n<style type=\"text\/css\" data-created_by=\"avia_inline_auto\" id=\"style-css-av-mndx76og-7f4f6bcdd7601b1683fa25529a72eb6e\">\n#top .av_textblock_section.av-mndx76og-7f4f6bcdd7601b1683fa25529a72eb6e .avia_textblock{\ncolor:#000000;\n}\n<\/style>\n<section  class='av_textblock_section av-mndx76og-7f4f6bcdd7601b1683fa25529a72eb6e'  itemscope=\"itemscope\" itemtype=\"https:\/\/schema.org\/CreativeWork\" ><div class='avia_textblock av_inherit_color'  itemprop=\"text\" ><p>Beneath the light of a blue-and-red stained glass window, on the worn pew of a London church, 400 years of music vibrate and shimmer. William Byrd and Henry Purcell invite us to a moment of fullness, where inter- woven voices answer the organ, while MacMillan, closer to our time, makes incandescent prayers resonate in modern colours. This dialogue between organ and voices is an invitation to rediscover four centuries of heaven on earth.<\/p>\n<p><span style=\"font-weight: 400;\">Co-produced with Canadian International Organ Competition<br \/>\n<\/span><br \/>\n<a href=\"https:\/\/smamontreal.ca\/wp-content\/uploads\/2026\/03\/Logo-CIOC-bilingue-noir.png\"><img loading=\"lazy\" class=\"alignnone  wp-image-17228\" src=\"https:\/\/smamontreal.ca\/wp-content\/uploads\/2026\/03\/Logo-CIOC-bilingue-noir-300x254.png\" alt=\"\" width=\"104\" height=\"88\" srcset=\"https:\/\/smamontreal.ca\/wp-content\/uploads\/2026\/03\/Logo-CIOC-bilingue-noir-300x254.png 300w, https:\/\/smamontreal.ca\/wp-content\/uploads\/2026\/03\/Logo-CIOC-bilingue-noir-1030x873.png 1030w, https:\/\/smamontreal.ca\/wp-content\/uploads\/2026\/03\/Logo-CIOC-bilingue-noir-768x651.png 768w, https:\/\/smamontreal.ca\/wp-content\/uploads\/2026\/03\/Logo-CIOC-bilingue-noir-1536x1301.png 1536w, https:\/\/smamontreal.ca\/wp-content\/uploads\/2026\/03\/Logo-CIOC-bilingue-noir-2048x1735.png 2048w, https:\/\/smamontreal.ca\/wp-content\/uploads\/2026\/03\/Logo-CIOC-bilingue-noir-1500x1271.png 1500w, https:\/\/smamontreal.ca\/wp-content\/uploads\/2026\/03\/Logo-CIOC-bilingue-noir-705x597.png 705w\" sizes=\"(max-width: 104px) 100vw, 104px\" \/><\/a><\/p>\n<\/div><\/section><br \/>\n\n<style type=\"text\/css\" data-created_by=\"avia_inline_auto\" id=\"style-css-av-3vqszd-ccd4b781b49627d78414951b8442bb35\">\n#top .av-special-heading.av-3vqszd-ccd4b781b49627d78414951b8442bb35{\npadding-bottom:15px;\n}\nbody .av-special-heading.av-3vqszd-ccd4b781b49627d78414951b8442bb35 .av-special-heading-tag .heading-char{\nfont-size:25px;\n}\n.av-special-heading.av-3vqszd-ccd4b781b49627d78414951b8442bb35 .av-subheading{\nfont-size:10px;\n}\n<\/style>\n<div  class='av-special-heading av-3vqszd-ccd4b781b49627d78414951b8442bb35 av-special-heading-h3 meta-heading  avia-builder-el-10  el_after_av_textblock  el_before_av_textblock '><h3 class='av-special-heading-tag'  itemprop=\"headline\"  >PROGRAM<\/h3><div class=\"special-heading-border\"><div class=\"special-heading-inner-border\"><\/div><\/div><\/div><br \/>\n\n<style type=\"text\/css\" data-created_by=\"avia_inline_auto\" id=\"style-css-av-mndx7oz9-8d0d6969d41d6ee769176800190fb0cf\">\n#top .av_textblock_section.av-mndx7oz9-8d0d6969d41d6ee769176800190fb0cf .avia_textblock{\ncolor:#000000;\n}\n<\/style>\n<section  class='av_textblock_section av-mndx7oz9-8d0d6969d41d6ee769176800190fb0cf'  itemscope=\"itemscope\" itemtype=\"https:\/\/schema.org\/CreativeWork\" ><div class='avia_textblock av_inherit_color'  itemprop=\"text\" ><p><b>William Byrd<\/b><span style=\"font-weight: 400;\"> (1540-1623)<br \/>\n<\/span><em><span style=\"font-weight: 400;\">Second Service<\/span><\/em><\/p>\n<p><b>Henry Purcell<\/b><span style=\"font-weight: 400;\"> (1659-1695)<br \/>\n<\/span><em><span style=\"font-weight: 400;\">Jehova quam multi sunt hostes mei<\/span><\/em><span style=\"font-weight: 400;\">, Z. 135<\/span><\/p>\n<p><b>Maurice Greene<\/b><span style=\"font-weight: 400;\"> (1696-1755)<br \/>\n<\/span><em><span style=\"font-weight: 400;\">Lord, let me know mine end<\/span><\/em><\/p>\n<p><b>George Thalben-Ball<\/b> <span style=\"font-weight: 400;\">(1896-1987)<\/span><i><span style=\"font-weight: 400;\"><br \/>\n<\/span><\/i><em><span style=\"font-weight: 400;\">Elegy <\/span><\/em><span style=\"font-weight: 400;\">(organ)<\/span><\/p>\n<p><b>Charles Hubert Parry <\/b><span style=\"font-weight: 400;\">(1848-1918)<br \/>\n<\/span><em><span style=\"font-weight: 400;\">Hear my words, ye people<\/span><\/em><\/p>\n<p><i><\/i><span style=\"font-weight: 400;\">PAUSE<\/span><\/p>\n<p><b>Charles Hubert Parry <\/b><span style=\"font-weight: 400;\">(1848-1918)<\/span><i><span style=\"font-weight: 400;\"><br \/>\n<\/span><\/i><span style=\"font-weight: 400;\"><em>Fantasy and Fugue in g minor<\/em> <\/span><span style=\"font-weight: 400;\">(organ)<\/span><\/p>\n<p><b>Gerald Finzi <\/b><span style=\"font-weight: 400;\">(1901-1956)<br \/>\n<\/span><em><span style=\"font-weight: 400;\">Lo, the full, final sacrifice<\/span><\/em><\/p>\n<p><b>Edward Naylor <\/b><span style=\"font-weight: 400;\">(1867-1934)<br \/>\n<\/span><em><span style=\"font-weight: 400;\">Vox dicentis: Clama<\/span><\/em><\/p>\n<p><b>James MacMillan<span style=\"font-weight: 400;\"> (n\u00e9 en 1959)<br \/>\n<\/span><em><span style=\"font-weight: 400;\">A New song<\/span><\/em><\/b><\/p>\n<\/div><\/section><br \/>\n\n<style type=\"text\/css\" data-created_by=\"avia_inline_auto\" id=\"style-css-av-rv3hax-12a8633064c297ab0d53760da017b719\">\n#top .av-special-heading.av-rv3hax-12a8633064c297ab0d53760da017b719{\npadding-bottom:15px;\n}\nbody .av-special-heading.av-rv3hax-12a8633064c297ab0d53760da017b719 .av-special-heading-tag .heading-char{\nfont-size:25px;\n}\n.av-special-heading.av-rv3hax-12a8633064c297ab0d53760da017b719 .av-subheading{\nfont-size:10px;\n}\n<\/style>\n<div  class='av-special-heading av-rv3hax-12a8633064c297ab0d53760da017b719 av-special-heading-h3 meta-heading  avia-builder-el-12  el_after_av_textblock  el_before_av_textblock '><h3 class='av-special-heading-tag'  itemprop=\"headline\"  >DISTRIBUTION<\/h3><div class=\"special-heading-border\"><div class=\"special-heading-inner-border\"><\/div><\/div><\/div><br \/>\n\n<style type=\"text\/css\" data-created_by=\"avia_inline_auto\" id=\"style-css-av-mndx8le1-0e258856c1aec6331f7899737c3eb901\">\n#top .av_textblock_section.av-mndx8le1-0e258856c1aec6331f7899737c3eb901 .avia_textblock{\ncolor:#000000;\n}\n<\/style>\n<section  class='av_textblock_section av-mndx8le1-0e258856c1aec6331f7899737c3eb901'  itemscope=\"itemscope\" itemtype=\"https:\/\/schema.org\/CreativeWork\" ><div class='avia_textblock av_inherit_color'  itemprop=\"text\" ><p><strong>Soloists<\/strong><\/p>\n<p><span style=\"font-weight: 400;\"><strong>Marie Magistry<\/strong>, soprano<br \/>\n<\/span><span style=\"font-weight: 400;\"><strong>Michiel Schrey<\/strong>, tenor<br \/>\n<\/span><span style=\"font-weight: 400;\"><strong>William Kraushaar<\/strong>, bass<\/span><\/p>\n<p><span style=\"font-weight: 400;\">SMAM Choir<\/span><\/p>\n<p><strong>M\u00e1ria Bud\u00e1\u010dov\u00e1<\/strong>, organist<\/p>\n<p><strong>Andrew McAnerney<\/strong>, conductor<\/p>\n<\/div><\/section><\/p><\/div>\n","protected":false},"excerpt":{"rendered":"","protected":false},"author":2,"featured_media":17268,"parent":0,"menu_order":0,"comment_status":"closed","ping_status":"closed","template":"","meta":{"episode_type":"","audio_file":"","cover_image":"","cover_image_id":"","duration":"","filesize":"","date_recorded":"","explicit":"","block":"","filesize_raw":""},"yst_prominent_words":[],"_links":{"self":[{"href":"https:\/\/smamontreal.ca\/en\/wp-json\/wp\/v2\/pages\/17241"}],"collection":[{"href":"https:\/\/smamontreal.ca\/en\/wp-json\/wp\/v2\/pages"}],"about":[{"href":"https:\/\/smamontreal.ca\/en\/wp-json\/wp\/v2\/types\/page"}],"author":[{"embeddable":true,"href":"https:\/\/smamontreal.ca\/en\/wp-json\/wp\/v2\/users\/2"}],"replies":[{"embeddable":true,"href":"https:\/\/smamontreal.ca\/en\/wp-json\/wp\/v2\/comments?post=17241"}],"version-history":[{"count":25,"href":"https:\/\/smamontreal.ca\/en\/wp-json\/wp\/v2\/pages\/17241\/revisions"}],"predecessor-version":[{"id":17575,"href":"https:\/\/smamontreal.ca\/en\/wp-json\/wp\/v2\/pages\/17241\/revisions\/17575"}],"wp:featuredmedia":[{"embeddable":true,"href":"https:\/\/smamontreal.ca\/en\/wp-json\/wp\/v2\/media\/17268"}],"wp:attachment":[{"href":"https:\/\/smamontreal.ca\/en\/wp-json\/wp\/v2\/media?parent=17241"}],"wp:term":[{"taxonomy":"yst_prominent_words","embeddable":true,"href":"https:\/\/smamontreal.ca\/en\/wp-json\/wp\/v2\/yst_prominent_words?post=17241"}],"curies":[{"name":"wp","href":"https:\/\/api.w.org\/{rel}","templated":true}]}}