{"id":17312,"date":"2026-03-31T22:01:14","date_gmt":"2026-04-01T02:01:14","guid":{"rendered":"https:\/\/smamontreal.ca\/?page_id=17312"},"modified":"2026-04-07T21:24:14","modified_gmt":"2026-04-08T01:24:14","slug":"acteon-didon-et-enee","status":"publish","type":"page","link":"https:\/\/smamontreal.ca\/en\/acteon-didon-et-enee\/","title":{"rendered":"Act\u00e9on, Didon et \u00c9n\u00e9e"},"content":{"rendered":"<div class='flex_column av-4nokgzk-3e51bcda87212b503fa04072db1ed8c7 av_one_half  avia-builder-el-0  el_before_av_one_half  avia-builder-el-first  first flex_column_div '     ><p><div  class='avia-slideshow av-mnfe65j3-fa88c325ef7046bc393cd275eb8f7fae avia-slideshow-no scaling av_slideshow avia-slide-slider  avia-builder-el-1  el_before_av_social_share  avia-builder-el-first  av-slideshow-ui av-control-default av-slideshow-autoplay av-loop-endless av-loop-manual-endless av-default-height-applied avia-slideshow-1' data-slideshow-options=\"{&quot;animation&quot;:&quot;slide&quot;,&quot;autoplay&quot;:true,&quot;loop_autoplay&quot;:&quot;endless&quot;,&quot;interval&quot;:5,&quot;loop_manual&quot;:&quot;manual-endless&quot;,&quot;autoplay_stopper&quot;:false,&quot;noNavigation&quot;:false,&quot;bg_slider&quot;:false,&quot;keep_padding&quot;:false,&quot;hoverpause&quot;:false,&quot;show_slide_delay&quot;:0}\"  itemprop=\"image\" itemscope=\"itemscope\" itemtype=\"https:\/\/schema.org\/ImageObject\" ><ul class='avia-slideshow-inner ' style='padding-bottom: 111.87019641332%;'><li  class='avia-slideshow-slide av-mnfe65j3-fa88c325ef7046bc393cd275eb8f7fae__0  av-single-slide slide-1 slide-odd'><div data-rel='slideshow-1' class='avia-slide-wrap '   ><img class=\"wp-image-17313 avia-img-lazy-loading-not-17313\"  src=\"https:\/\/smamontreal.ca\/wp-content\/uploads\/2026\/03\/SMAM_2026-27_pageweb_concertserie_4_acteonenee_ENG_v1.jpg\" width=\"1171\" height=\"1310\" title='SMAM_2026-27_pageweb_concertserie_4_acteonenee_ENG_v1' alt=''  itemprop=\"thumbnailUrl\" srcset=\"https:\/\/smamontreal.ca\/wp-content\/uploads\/2026\/03\/SMAM_2026-27_pageweb_concertserie_4_acteonenee_ENG_v1.jpg 1171w, https:\/\/smamontreal.ca\/wp-content\/uploads\/2026\/03\/SMAM_2026-27_pageweb_concertserie_4_acteonenee_ENG_v1-268x300.jpg 268w, https:\/\/smamontreal.ca\/wp-content\/uploads\/2026\/03\/SMAM_2026-27_pageweb_concertserie_4_acteonenee_ENG_v1-921x1030.jpg 921w, https:\/\/smamontreal.ca\/wp-content\/uploads\/2026\/03\/SMAM_2026-27_pageweb_concertserie_4_acteonenee_ENG_v1-768x859.jpg 768w, https:\/\/smamontreal.ca\/wp-content\/uploads\/2026\/03\/SMAM_2026-27_pageweb_concertserie_4_acteonenee_ENG_v1-630x705.jpg 630w\" sizes=\"(max-width: 1171px) 100vw, 1171px\" \/><\/div><\/li><\/ul><\/div><br \/>\n<div  class='av-social-sharing-box av-3sowahs-9efbe0746ec7120c0eded2d889bcbf6d av-social-sharing-box-minimal  avia-builder-el-2  el_after_av_slideshow  avia-builder-el-last  av-social-sharing-box-fullwidth'><div class=\"av-share-box\"><ul class=\"av-share-box-list noLightbox\"><li class='av-share-link av-social-link-facebook' ><a target=\"_blank\" aria-label=\"Share on Facebook\" href='https:\/\/www.facebook.com\/sharer.php?u=https:\/\/smamontreal.ca\/en\/acteon-didon-et-enee\/&#038;t=Act%C3%A9on%2C%20Didon%20et%20%C3%89n%C3%A9e' aria-hidden='false' data-av_icon='\ue8f3' data-av_iconfont='entypo-fontello' title='' data-avia-related-tooltip='Share on Facebook' rel=\"noopener\"><span class='avia_hidden_link_text'>Share on Facebook<\/span><\/a><\/li><li class='av-share-link av-social-link-twitter' ><a target=\"_blank\" aria-label=\"Share on Twitter\" href='https:\/\/twitter.com\/share?text=Act%C3%A9on%2C%20Didon%20et%20%C3%89n%C3%A9e&#038;url=https:\/\/smamontreal.ca\/en\/?p=17312' aria-hidden='false' data-av_icon='\ue8f1' data-av_iconfont='entypo-fontello' title='' data-avia-related-tooltip='Share on Twitter' rel=\"noopener\"><span class='avia_hidden_link_text'>Share on Twitter<\/span><\/a><\/li><li class='av-share-link av-social-link-mail' ><a  aria-label=\"Share by Mail\" href='mailto:?subject=Act%C3%A9on%2C%20Didon%20et%20%C3%89n%C3%A9e&#038;body=https:\/\/smamontreal.ca\/en\/acteon-didon-et-enee\/' aria-hidden='false' data-av_icon='\ue805' data-av_iconfont='entypo-fontello' title='' data-avia-related-tooltip='Share by Mail'><span class='avia_hidden_link_text'>Share by Mail<\/span><\/a><\/li><\/ul><\/div><\/div><\/p><\/div>\n\n<style type=\"text\/css\" data-created_by=\"avia_inline_auto\" id=\"style-css-av-3im0la8-9cdb3ed8261f6fb27a93c74e778ba428\">\n.flex_column.av-3im0la8-9cdb3ed8261f6fb27a93c74e778ba428{\n-webkit-border-radius:0px 0px 0px 0px;\n-moz-border-radius:0px 0px 0px 0px;\nborder-radius:0px 0px 0px 0px;\n}\n<\/style>\n<div class='flex_column av-3im0la8-9cdb3ed8261f6fb27a93c74e778ba428 av_one_half  avia-builder-el-3  el_after_av_one_half  avia-builder-el-last  flex_column_div av-zero-column-padding '     ><p><div  class='avia-button-wrap av-30pxv28-0de76c3094e5acb608bc73a6eaf7c29a-wrap avia-button-right  avia-builder-el-4  el_before_av_textblock  avia-builder-el-first ' >\n<style type=\"text\/css\" data-created_by=\"avia_inline_auto\" id=\"style-css-av-30pxv28-0de76c3094e5acb608bc73a6eaf7c29a\">\n#top #wrap_all .avia-button.av-30pxv28-0de76c3094e5acb608bc73a6eaf7c29a{\nbackground-color:#e6007e;\nborder-color:#e6007e;\ncolor:#ffffff;\n-webkit-transition:all 0.4s ease-in-out;\n-moz-transition:all 0.4s ease-in-out;\n-ms-transition:all 0.4s ease-in-out;\n-o-transition:all 0.4s ease-in-out;\ntransition:all 0.4s ease-in-out;\n}\n<\/style>\n<a href='https:\/\/smamontreal-abonnement.tuxedobillet.com\/' class='avia-button av-30pxv28-0de76c3094e5acb608bc73a6eaf7c29a avia-icon_select-yes-left-icon avia-size-small avia-position-right' target=\"_blank\" rel=\"noopener noreferrer\"><span class='avia_button_icon avia_button_icon_left' aria-hidden='true' data-av_icon='\ue817' data-av_iconfont='entypo-fontello'><\/span><span class='avia_iconbox_title' >Buy subscriptions <\/span><\/a><\/div><br \/>\n<section  class='av_textblock_section av-2odhrz4-c1c5ec8bfc5b9b630da319784f4fd208'  itemscope=\"itemscope\" itemtype=\"https:\/\/schema.org\/CreativeWork\" ><div class='avia_textblock'  itemprop=\"text\" ><p><span style=\"color: #ffffff;\">&#8211;<\/span><\/p>\n<\/div><\/section><br \/>\n<div  class='avia-button-wrap av-28sj5sw-1122cb74b0fdfcff130770c528611cbc-wrap avia-button-right  avia-builder-el-6  el_after_av_textblock  el_before_av_textblock ' >\n<style type=\"text\/css\" data-created_by=\"avia_inline_auto\" id=\"style-css-av-28sj5sw-1122cb74b0fdfcff130770c528611cbc\">\n#top #wrap_all .avia-button.av-28sj5sw-1122cb74b0fdfcff130770c528611cbc{\nbackground-color:#e6007e;\nborder-color:#e6007e;\ncolor:#ffffff;\n-webkit-transition:all 0.4s ease-in-out;\n-moz-transition:all 0.4s ease-in-out;\n-ms-transition:all 0.4s ease-in-out;\n-o-transition:all 0.4s ease-in-out;\ntransition:all 0.4s ease-in-out;\n}\n<\/style>\n<a href='https:\/\/smamontreal.tuxedobillet.com\/main\/acteon-didon-et-enee' class='avia-button av-28sj5sw-1122cb74b0fdfcff130770c528611cbc avia-icon_select-yes-left-icon avia-size-small avia-position-right' target=\"_blank\" rel=\"noopener noreferrer\"><span class='avia_button_icon avia_button_icon_left' aria-hidden='true' data-av_icon='\ue817' data-av_iconfont='entypo-fontello'><\/span><span class='avia_iconbox_title' >Buy Tickets <\/span><\/a><\/div><br \/>\n\n<style type=\"text\/css\" data-created_by=\"avia_inline_auto\" id=\"style-css-av-mnfe73s1-a61274308d5d7fed66759cbf97ad9ed7\">\n#top .av_textblock_section.av-mnfe73s1-a61274308d5d7fed66759cbf97ad9ed7 .avia_textblock{\ncolor:#000000;\n}\n<\/style>\n<section  class='av_textblock_section av-mnfe73s1-a61274308d5d7fed66759cbf97ad9ed7'  itemscope=\"itemscope\" itemtype=\"https:\/\/schema.org\/CreativeWork\" ><div class='avia_textblock av_inherit_color'  itemprop=\"text\" ><p><span style=\"color: #ffffff;\">&#8211;<\/span><strong><br \/>\n<\/strong><\/p>\n<p><strong>Saturday, April 3, 2027 \u2013 7:30 pm<br \/>\nSunday, April 4, 2027 \u2013 2:30 pm<\/strong><i><span style=\"font-weight: 400;\"><br \/>\n<\/span><\/i>Bourgie Hall<br \/>\n1339, Sherbrooke West<br \/>\nMontr\u00e9al, H3G 1G2<\/p>\n<p><img loading=\"lazy\" class=\"agency\" src=\"https:\/\/appassets.mvtdev.com\/index\/public-transit-resources\/img\/transit-types\/bus.svg\" alt=\"Bus\" width=\"20\" height=\"20\" \/> Bus : 24 \u2013 stop De la Montagne \/ Bishop<br \/>\n<img loading=\"lazy\" src=\"data:image\/png;base64,iVBORw0KGgoAAAANSUhEUgAAADQAAAA0CAYAAADFeBvrAAAAGXRFWHRTb2Z0d2FyZQBBZG9iZSBJbWFnZVJlYWR5ccllPAAAA4RpVFh0WE1MOmNvbS5hZG9iZS54bXAAAAAAADw\/eHBhY2tldCBiZWdpbj0i77u\/IiBpZD0iVzVNME1wQ2VoaUh6cmVTek5UY3prYzlkIj8+IDx4OnhtcG1ldGEgeG1sbnM6eD0iYWRvYmU6bnM6bWV0YS8iIHg6eG1wdGs9IkFkb2JlIFhNUCBDb3JlIDUuNi1jMDE0IDc5LjE1Njc5NywgMjAxNC8wOC8yMC0wOTo1MzowMiAgICAgICAgIj4gPHJkZjpSREYgeG1sbnM6cmRmPSJodHRwOi8vd3d3LnczLm9yZy8xOTk5LzAyLzIyLXJkZi1zeW50YXgtbnMjIj4gPHJkZjpEZXNjcmlwdGlvbiByZGY6YWJvdXQ9IiIgeG1sbnM6eG1wTU09Imh0dHA6Ly9ucy5hZG9iZS5jb20veGFwLzEuMC9tbS8iIHhtbG5zOnN0UmVmPSJodHRwOi8vbnMuYWRvYmUuY29tL3hhcC8xLjAvc1R5cGUvUmVzb3VyY2VSZWYjIiB4bWxuczp4bXA9Imh0dHA6Ly9ucy5hZG9iZS5jb20veGFwLzEuMC8iIHhtcE1NOk9yaWdpbmFsRG9jdW1lbnRJRD0ieG1wLmRpZDo5MTJiOGZjZi1jYTQyLTQ0YjMtODVjZi03MGExNmQ0YmI1NTIiIHhtcE1NOkRvY3VtZW50SUQ9InhtcC5kaWQ6NzE0RjUyNjhERTkwMTFFNEJBOTVBOEY1NUM2MzE0ODAiIHhtcE1NOkluc3RhbmNlSUQ9InhtcC5paWQ6NzE0RjUyNjdERTkwMTFFNEJBOTVBOEY1NUM2MzE0ODAiIHhtcDpDcmVhdG9yVG9vbD0iQWRvYmUgUGhvdG9zaG9wIENDIDIwMTQgKFdpbmRvd3MpIj4gPHhtcE1NOkRlcml2ZWRGcm9tIHN0UmVmOmluc3RhbmNlSUQ9InhtcC5paWQ6NmM3ZDY2YjgtODQzMS1kYzRhLThkOWMtY2JlOGVkMzM1MGMyIiBzdFJlZjpkb2N1bWVudElEPSJhZG9iZTpkb2NpZDpwaG90b3Nob3A6Yzg4MjM1ZTQtZGU4ZC0xMWU0LWFlY2ItZDIzM2ZlMWY2ZDE3Ii8+IDwvcmRmOkRlc2NyaXB0aW9uPiA8L3JkZjpSREY+IDwveDp4bXBtZXRhPiA8P3hwYWNrZXQgZW5kPSJyIj8+EueJHwAABUVJREFUeNrsWn9oVVUcv3srMVyRbqsUwR8YK5CHEMNGMBQMRUI2ikQYIfpfRU1eMJiOBC0QHLiQBBEaOpCi3JAcmYKQOogRqPhHs0AEmdPUoSlYutnnS58rhy\/nx33v3b3XG33hw3n33nO+3+\/n3nO+55zveVUR5OWGV15E8TnQCsyOKkvGgX6g87eRX69XkczPwIKosuUKsLy6tq7uC\/xYGVW+PA\/MybCbTRdpzVTgmPHJ7KemSPF94AIwAlwD7vF+DTAXaACywKy0DadJ6CrQBxwFhhFxHvkqIxiJ7UZgHdAGzE\/DCYlyj4vUcQ7YAQyAxGQhCuCDdP0WoAtYVi5CfwAdQC+IPE7j7cKXKhQbgV1AfSE6MgXaPgEsBZGvfGTgYE2Se7GILtEpummjJGNoD5CzdS+Oi7WcCuK5baGqdhH1pDzFGX5Qjzdc30CdNfjZDbRPJaEuGNtpIfI0iveBT9TgvuLQs4BdS3AV7Xej\/BK6Hxqk5IVtwbNbHKOpd7k9DjLLUZznlyskUs1n2\/PUpbvhTj5PlZD055yFzAcozgCvphATRMcZ6tSSSzqmMgmjWZseMzD8KYq9Kc9lomsvdUeq+7XRl6IJdcggtXyZ7VO4hNmuvxR96CiWkEyavYrM6yh6SrAu66EtU3rpU8GEdpjzDAzMQHEIqC4BIbFxiDafzFOhiJcJrM0G1L0PgSUlXD0voU1TBuhb3oT6zEDAN5Urw5Ygp77SJBfBeRM6qq7fAuaVgdA82vb5FiQk+5lhde\/tMm7ctO1h+piY0AXLfmZFGQmtUCH8ETeQiQmNqFBdW6bu9qTb0QenjyFC19T1Yke9H4HJFB2fpE6bLA746CV0T13b9v778elXo9wAPEyBjOjYQJ37Lc9nBXwsaoN3hNsF6c\/fcA\/0ZxFkpO1a6oqo+4jeXRezOK2xGIxljIvVCWOQnuSG7mYBZKTNSuqI9U1wMTpm1Lsb8NFLaK66vmz8fknWVOZkRyd+QdGk6oZE6jaxbaQm8V7asvlg89FLqEE5exvFqHHrXeAYDD+r6v2O4g1XSNVTg9RlG5OM6DxGG7GM0genjyFCWeYHTDmlrlfJPdSrV6Qk+jQDP3nIyLNm1jXJ1NPOKp9t+pbNh5BElEZ171tLvdeAIRhYpEjdQSHR6jtLG7m3mnVMJ0XHEHVGAduNjsjrjXLr1PWgGqTmivgsHMoqUg+AnCVHIBmjB4qMtD3rWMmP0bbPt0SE2pjRjB35mwlAVxA5jfrN+YY4tjntGuRik7bj+hlGwLwJSTamRd3b51pyQJ4DjsNgax5kpO5xtnUtwfapey2+7FJoYu1iejb+Sn+h2ARMOOrPlP6ONpsTkNnMsTHTUUVsbKLNuI340lXMFnwZk4HmGBgKbPRE5wEY3+ohI88OBOznaMuUjVEgmZ8kWS+po6WWzI8kALcG2spxZ3ucl+AblqThR4F2n6HNNmXvBRQXo0ASP+npgyT51lhycx9H\/+affUmTr4H3+PsgsN5Td4JfpkfZkS\/5A\/BmGnm5iIq6LSG4h5PoJU9bIfA94SNziZOtLUXWnYRMvqvtdrypbRZSQ5y1tzjmqfiFuBwaY9usZcxEtJn4BKKQAy\/fccoMbiXe4erbtcsd5XJGotygOc+obpb3cUqhJ3gnuIW4EQjNc1AsMuYZ2QJctiw0I0sA6EvazdIgFEe\/\/9yR5P+Hxh6ZNsf6rkRlxf\/xQu+nmoiSivTd8Wj6yLgQ6p9GhPqFUGfkPn6vJBEOndW3b928X1tXdxgXMgkuBJ6ptG4GiP+Sdb3+jwADAIWL82t0Zk9IAAAAAElFTkSuQmCC\" alt=\"M\u00e9tro\" width=\"20\" height=\"20\" \/> Metro : Guy-Concordia, Peel or Lucien-L\u2019Allier<\/p>\n<\/div><\/section><br \/>\n\n<style type=\"text\/css\" data-created_by=\"avia_inline_auto\" id=\"style-css-av-1okoqrk-634817b9925bd79461a1381120f43369\">\n#top .av-special-heading.av-1okoqrk-634817b9925bd79461a1381120f43369{\npadding-bottom:15px;\n}\nbody .av-special-heading.av-1okoqrk-634817b9925bd79461a1381120f43369 .av-special-heading-tag .heading-char{\nfont-size:25px;\n}\n.av-special-heading.av-1okoqrk-634817b9925bd79461a1381120f43369 .av-subheading{\nfont-size:10px;\n}\n<\/style>\n<div  class='av-special-heading av-1okoqrk-634817b9925bd79461a1381120f43369 av-special-heading-h3 meta-heading  avia-builder-el-8  el_after_av_textblock  el_before_av_textblock '><h3 class='av-special-heading-tag'  itemprop=\"headline\"  >SUMMARY<\/h3><div class=\"special-heading-border\"><div class=\"special-heading-inner-border\"><\/div><\/div><\/div><br \/>\n\n<style type=\"text\/css\" data-created_by=\"avia_inline_auto\" id=\"style-css-av-mnfe9rtd-db0704d6ec99c126b516c894893cc4d4\">\n#top .av_textblock_section.av-mnfe9rtd-db0704d6ec99c126b516c894893cc4d4 .avia_textblock{\ncolor:#000000;\n}\n<\/style>\n<section  class='av_textblock_section av-mnfe9rtd-db0704d6ec99c126b516c894893cc4d4'  itemscope=\"itemscope\" itemtype=\"https:\/\/schema.org\/CreativeWork\" ><div class='avia_textblock av_inherit_color'  itemprop=\"text\" ><p>From the window of her palace in Carthage, Dido sees the hills covered with olive trees sloping down to the harbor, where the prows of Phoenician ships glint in the sunlight. Abandoned by Aeneas, she sings a heartrending lament that continues to move audiences more than 300 years after Purcell\u2019s opera was born. It is presented here in a concert version alongside another tragedy, Charpentier\u2019s <em>Act\u00e9on<\/em>. Offering a fascinating reflection between Baroque France and England, this program brings together two jewels of 17th-century musical theatre.<\/p>\n<p>Coproduction with Arion Orchestre Baroque<\/p>\n<p><a href=\"https:\/\/smamontreal.ca\/wp-content\/uploads\/2026\/03\/LogoArion_FR_noir_stroke.png\"><img loading=\"lazy\" class=\"alignnone wp-image-17225\" src=\"https:\/\/smamontreal.ca\/wp-content\/uploads\/2026\/03\/LogoArion_FR_noir_stroke-300x300.png\" alt=\"\" width=\"106\" height=\"106\" srcset=\"https:\/\/smamontreal.ca\/wp-content\/uploads\/2026\/03\/LogoArion_FR_noir_stroke-300x300.png 300w, https:\/\/smamontreal.ca\/wp-content\/uploads\/2026\/03\/LogoArion_FR_noir_stroke-1030x1030.png 1030w, https:\/\/smamontreal.ca\/wp-content\/uploads\/2026\/03\/LogoArion_FR_noir_stroke-80x80.png 80w, https:\/\/smamontreal.ca\/wp-content\/uploads\/2026\/03\/LogoArion_FR_noir_stroke-768x768.png 768w, https:\/\/smamontreal.ca\/wp-content\/uploads\/2026\/03\/LogoArion_FR_noir_stroke-36x36.png 36w, https:\/\/smamontreal.ca\/wp-content\/uploads\/2026\/03\/LogoArion_FR_noir_stroke-180x180.png 180w, https:\/\/smamontreal.ca\/wp-content\/uploads\/2026\/03\/LogoArion_FR_noir_stroke.png 1500w, https:\/\/smamontreal.ca\/wp-content\/uploads\/2026\/03\/LogoArion_FR_noir_stroke-705x705.png 705w\" sizes=\"(max-width: 106px) 100vw, 106px\" \/><\/a><\/p>\n<\/div><\/section><br \/>\n\n<style type=\"text\/css\" data-created_by=\"avia_inline_auto\" id=\"style-css-av-1ap87ds-7fb4ef61c0cb96af0e5bda85ad702e55\">\n#top .av-special-heading.av-1ap87ds-7fb4ef61c0cb96af0e5bda85ad702e55{\npadding-bottom:15px;\n}\nbody .av-special-heading.av-1ap87ds-7fb4ef61c0cb96af0e5bda85ad702e55 .av-special-heading-tag .heading-char{\nfont-size:25px;\n}\n.av-special-heading.av-1ap87ds-7fb4ef61c0cb96af0e5bda85ad702e55 .av-subheading{\nfont-size:10px;\n}\n<\/style>\n<div  class='av-special-heading av-1ap87ds-7fb4ef61c0cb96af0e5bda85ad702e55 av-special-heading-h3 meta-heading  avia-builder-el-10  el_after_av_textblock  el_before_av_textblock '><h3 class='av-special-heading-tag'  itemprop=\"headline\"  >PROGRAM<\/h3><div class=\"special-heading-border\"><div class=\"special-heading-inner-border\"><\/div><\/div><\/div><br \/>\n\n<style type=\"text\/css\" data-created_by=\"avia_inline_auto\" id=\"style-css-av-mnfecjsl-9f8fb239d444d6ab7b57a623d7eb6e9e\">\n#top .av_textblock_section.av-mnfecjsl-9f8fb239d444d6ab7b57a623d7eb6e9e .avia_textblock{\ncolor:#000000;\n}\n<\/style>\n<section  class='av_textblock_section av-mnfecjsl-9f8fb239d444d6ab7b57a623d7eb6e9e'  itemscope=\"itemscope\" itemtype=\"https:\/\/schema.org\/CreativeWork\" ><div class='avia_textblock av_inherit_color'  itemprop=\"text\" ><p><b>Marc-Antoine Charpentier <\/b><span style=\"font-weight: 400;\">(1643-1704)<br \/>\n<\/span><em><span style=\"font-weight: 400;\">Act\u00e9on<\/span><\/em><span style=\"font-weight: 400;\">, H.481, concert version<\/span><\/p>\n<p><b>Henry Purcell<\/b><span style=\"font-weight: 400;\"> (1659-1695)<br \/>\n<\/span><em><span style=\"font-weight: 400;\">Dido and Aeneas<\/span><\/em><span style=\"font-weight: 400;\">, Z.626, concert version<\/span><\/p>\n<\/div><\/section><br \/>\n\n<style type=\"text\/css\" data-created_by=\"avia_inline_auto\" id=\"style-css-av-l0yvvk-6be6af90c8187d073090261bccfea7b0\">\n#top .av-special-heading.av-l0yvvk-6be6af90c8187d073090261bccfea7b0{\npadding-bottom:15px;\n}\nbody .av-special-heading.av-l0yvvk-6be6af90c8187d073090261bccfea7b0 .av-special-heading-tag .heading-char{\nfont-size:25px;\n}\n.av-special-heading.av-l0yvvk-6be6af90c8187d073090261bccfea7b0 .av-subheading{\nfont-size:10px;\n}\n<\/style>\n<div  class='av-special-heading av-l0yvvk-6be6af90c8187d073090261bccfea7b0 av-special-heading-h3 meta-heading  avia-builder-el-12  el_after_av_textblock  el_before_av_textblock '><h3 class='av-special-heading-tag'  itemprop=\"headline\"  >DISTRIBUTION<\/h3><div class=\"special-heading-border\"><div class=\"special-heading-inner-border\"><\/div><\/div><\/div><br \/>\n\n<style type=\"text\/css\" data-created_by=\"avia_inline_auto\" id=\"style-css-av-mnfef3x7-e69cd9a208fc5100003f43bf328fac6f\">\n#top .av_textblock_section.av-mnfef3x7-e69cd9a208fc5100003f43bf328fac6f .avia_textblock{\ncolor:#000000;\n}\n<\/style>\n<section  class='av_textblock_section av-mnfef3x7-e69cd9a208fc5100003f43bf328fac6f'  itemscope=\"itemscope\" itemtype=\"https:\/\/schema.org\/CreativeWork\" ><div class='avia_textblock av_inherit_color'  itemprop=\"text\" ><p>Soloists<br \/>\n<strong>Paulina Francisco<\/strong>, Didon \/ Diane, soprano<br \/>\n<strong>Anne-Marie Beaudette<\/strong>, Belinda \/ Ar\u00e9thuze, soprano<br \/>\n<strong>Philippe Gagn\u00e9<\/strong>, \u00c9n\u00e9e \/ Act\u00e9on, tenor<\/p>\n<p><strong>Len Torrie<\/strong>, First witch \/ Daphn\u00e9, soprano<br \/>\n<strong>St\u00e9phanie Pothier<\/strong>, Junon \/ 2nd femme, mezzo-soprano<br \/>\n<strong>Marie-Andr\u00e9e Mathieu<\/strong>, Witch \/ Spirit \/ Hyale, mezzo-soprano<\/p>\n<p><strong>Studio de musique ancienne de Montr\u00e9al<\/strong><br \/>\n<strong>Arion Orchestre Baroque<\/strong><\/p>\n<p><strong>Andrew McAnerney<\/strong>, direction<\/p>\n<\/div><\/section><\/p><\/div>\n","protected":false},"excerpt":{"rendered":"","protected":false},"author":2,"featured_media":17313,"parent":0,"menu_order":0,"comment_status":"closed","ping_status":"closed","template":"","meta":{"episode_type":"","audio_file":"","cover_image":"","cover_image_id":"","duration":"","filesize":"","date_recorded":"","explicit":"","block":"","filesize_raw":""},"yst_prominent_words":[],"_links":{"self":[{"href":"https:\/\/smamontreal.ca\/en\/wp-json\/wp\/v2\/pages\/17312"}],"collection":[{"href":"https:\/\/smamontreal.ca\/en\/wp-json\/wp\/v2\/pages"}],"about":[{"href":"https:\/\/smamontreal.ca\/en\/wp-json\/wp\/v2\/types\/page"}],"author":[{"embeddable":true,"href":"https:\/\/smamontreal.ca\/en\/wp-json\/wp\/v2\/users\/2"}],"replies":[{"embeddable":true,"href":"https:\/\/smamontreal.ca\/en\/wp-json\/wp\/v2\/comments?post=17312"}],"version-history":[{"count":12,"href":"https:\/\/smamontreal.ca\/en\/wp-json\/wp\/v2\/pages\/17312\/revisions"}],"predecessor-version":[{"id":17539,"href":"https:\/\/smamontreal.ca\/en\/wp-json\/wp\/v2\/pages\/17312\/revisions\/17539"}],"wp:featuredmedia":[{"embeddable":true,"href":"https:\/\/smamontreal.ca\/en\/wp-json\/wp\/v2\/media\/17313"}],"wp:attachment":[{"href":"https:\/\/smamontreal.ca\/en\/wp-json\/wp\/v2\/media?parent=17312"}],"wp:term":[{"taxonomy":"yst_prominent_words","embeddable":true,"href":"https:\/\/smamontreal.ca\/en\/wp-json\/wp\/v2\/yst_prominent_words?post=17312"}],"curies":[{"name":"wp","href":"https:\/\/api.w.org\/{rel}","templated":true}]}}