{"id":3975,"date":"2015-06-26T20:12:52","date_gmt":"2015-06-26T19:12:52","guid":{"rendered":"http:\/\/smamontreal.com\/?page_id=3975&#038;lang=en"},"modified":"2024-08-27T14:42:02","modified_gmt":"2024-08-27T18:42:02","slug":"the-studio","status":"publish","type":"page","link":"https:\/\/smamontreal.ca\/en\/the-studio\/","title":{"rendered":"The studio"},"content":{"rendered":"<div class='flex_column av-lgnst3-d377c038d4a688894930d22d6dafc8c4 av_one_half  avia-builder-el-0  el_before_av_one_half  avia-builder-el-first  first flex_column_div '     ><div  class='avia-slideshow av-j01fev-0e5da4dbc4e41fe1dbf85f4ca7cdc681 avia-slideshow-no scaling av_slideshow avia-slide-slider  avia-builder-el-1  avia-builder-el-no-sibling  av-slideshow-ui av-control-default av-slideshow-autoplay av-loop-endless av-loop-manual-endless av-default-height-applied avia-slideshow-1' data-slideshow-options=\"{&quot;animation&quot;:&quot;slide&quot;,&quot;autoplay&quot;:true,&quot;loop_autoplay&quot;:&quot;endless&quot;,&quot;interval&quot;:5,&quot;loop_manual&quot;:&quot;manual-endless&quot;,&quot;autoplay_stopper&quot;:false,&quot;noNavigation&quot;:false,&quot;bg_slider&quot;:false,&quot;keep_padding&quot;:false,&quot;hoverpause&quot;:false,&quot;show_slide_delay&quot;:0}\"  itemprop=\"image\" itemscope=\"itemscope\" itemtype=\"https:\/\/schema.org\/ImageObject\" ><ul class='avia-slideshow-inner ' style='padding-bottom: 61.5%;'><li  class='avia-slideshow-slide av-j01fev-0e5da4dbc4e41fe1dbf85f4ca7cdc681__0  slide-1 slide-odd'><div data-rel='slideshow-1' class='avia-slide-wrap '   ><img class=\"wp-image-14478 avia-img-lazy-loading-not-14478\"  src=\"https:\/\/smamontreal.ca\/wp-content\/uploads\/2024\/05\/FINALE_RIRE_SMAM_WEB.jpg\" width=\"2000\" height=\"1230\" title='FINALE_RIRE_SMAM_WEB' alt=''  itemprop=\"thumbnailUrl\" srcset=\"https:\/\/smamontreal.ca\/wp-content\/uploads\/2024\/05\/FINALE_RIRE_SMAM_WEB.jpg 2000w, https:\/\/smamontreal.ca\/wp-content\/uploads\/2024\/05\/FINALE_RIRE_SMAM_WEB-300x185.jpg 300w, https:\/\/smamontreal.ca\/wp-content\/uploads\/2024\/05\/FINALE_RIRE_SMAM_WEB-1030x633.jpg 1030w, https:\/\/smamontreal.ca\/wp-content\/uploads\/2024\/05\/FINALE_RIRE_SMAM_WEB-768x472.jpg 768w, https:\/\/smamontreal.ca\/wp-content\/uploads\/2024\/05\/FINALE_RIRE_SMAM_WEB-1536x945.jpg 1536w, https:\/\/smamontreal.ca\/wp-content\/uploads\/2024\/05\/FINALE_RIRE_SMAM_WEB-1500x923.jpg 1500w, https:\/\/smamontreal.ca\/wp-content\/uploads\/2024\/05\/FINALE_RIRE_SMAM_WEB-705x434.jpg 705w, https:\/\/smamontreal.ca\/wp-content\/uploads\/2024\/05\/FINALE_RIRE_SMAM_WEB-450x277.jpg 450w\" sizes=\"(max-width: 2000px) 100vw, 2000px\" \/><\/div><\/li><li  class='avia-slideshow-slide av-j01fev-0e5da4dbc4e41fe1dbf85f4ca7cdc681__1  slide-2 slide-even'><div data-rel='slideshow-1' class='avia-slide-wrap '   ><img class=\"wp-image-14476 avia-img-lazy-loading-not-14476\"  src=\"https:\/\/smamontreal.ca\/wp-content\/uploads\/2024\/05\/FINALE_SMAM_WEB.jpg\" width=\"2000\" height=\"1230\" title='FINALE_SMAM_WEB' alt=''  itemprop=\"thumbnailUrl\" srcset=\"https:\/\/smamontreal.ca\/wp-content\/uploads\/2024\/05\/FINALE_SMAM_WEB.jpg 2000w, https:\/\/smamontreal.ca\/wp-content\/uploads\/2024\/05\/FINALE_SMAM_WEB-300x185.jpg 300w, https:\/\/smamontreal.ca\/wp-content\/uploads\/2024\/05\/FINALE_SMAM_WEB-1030x633.jpg 1030w, https:\/\/smamontreal.ca\/wp-content\/uploads\/2024\/05\/FINALE_SMAM_WEB-768x472.jpg 768w, https:\/\/smamontreal.ca\/wp-content\/uploads\/2024\/05\/FINALE_SMAM_WEB-1536x945.jpg 1536w, https:\/\/smamontreal.ca\/wp-content\/uploads\/2024\/05\/FINALE_SMAM_WEB-1500x923.jpg 1500w, https:\/\/smamontreal.ca\/wp-content\/uploads\/2024\/05\/FINALE_SMAM_WEB-705x434.jpg 705w, https:\/\/smamontreal.ca\/wp-content\/uploads\/2024\/05\/FINALE_SMAM_WEB-450x277.jpg 450w\" sizes=\"(max-width: 2000px) 100vw, 2000px\" \/><\/div><\/li><\/ul><div class='avia-slideshow-arrows avia-slideshow-controls' ><a href='#prev' class='prev-slide ' aria-hidden='true' data-av_icon='\ue87c' data-av_iconfont='entypo-fontello'  tabindex='-1'>Previous<\/a><a href='#next' class='next-slide ' aria-hidden='true' data-av_icon='\ue87d' data-av_iconfont='entypo-fontello'  tabindex='-1'>Next<\/a><\/div><div class='avia-slideshow-dots avia-slideshow-controls'><a href='#1' class='goto-slide active' >1<\/a><a href='#2' class='goto-slide ' >2<\/a><\/div><\/div><\/div>\n\n<style type=\"text\/css\" data-created_by=\"avia_inline_auto\" id=\"style-css-av-5g6ubr-362e18da7126f9ea0be4c769aa18b28c\">\n.flex_column.av-5g6ubr-362e18da7126f9ea0be4c769aa18b28c{\n-webkit-border-radius:0px 0px 0px 0px;\n-moz-border-radius:0px 0px 0px 0px;\nborder-radius:0px 0px 0px 0px;\n}\n<\/style>\n<div class='flex_column av-5g6ubr-362e18da7126f9ea0be4c769aa18b28c av_one_half  avia-builder-el-2  el_after_av_one_half  el_before_av_slideshow_accordion  avia-builder-el-last  flex_column_div av-zero-column-padding '     ><section  class='av_textblock_section av-k7awo32m-25a3b92d535f723ab49317c8cc154113'  itemscope=\"itemscope\" itemtype=\"https:\/\/schema.org\/CreativeWork\" ><div class='avia_textblock'  itemprop=\"text\" ><div class=\"tinymce-sous-titre\">\n<div class=\"tinymce-nom\">\n<p>The mission of the Studio de musique ancienne de Montr\u00e9al (SMAM) is to convey the vitality, sensuality and conviction of all the dimensions of Renaissance and Baroque music. To this end, and since its founding, the Studio&#8217;s artistic approach has remained the same: to interpret early music by recreating, to the best of our knowledge, their numbers, their tempos, and their vocal and instrumental colors. Since 50 years, SMAM has been guided by a concern for excellence and has carved out a place of choice in the world of early vocal music in Canada.<\/p>\n<p>Founded in 1974 by Christopher Jackson, R\u00e9jean Poirier and H\u00e9l\u00e8ne Dugal, SMAM&#8217;s mission is to perform sacred and secular vocal music composed primarily before 1750, in order to share its vitality, sensuality and emotional depth. Under the musical direction of Andrew McAnerney since 2015, the SMAM consists of 12-18 professional singers chosen for the purity and clarity of their voices. Since its foundation, it has sung more than a thousand compositions from the Renaissance and Baroque periods, including both proven masterpieces and little-known or forgotten works, and has occasionally tackled a more contemporary repertoire. It regularly collaborates with renowned singers, instrumentalists and ensembles from North America and Europe.<\/p>\n<p>The SMAM has produced a remarkable discography over the past half-century. His most recent recording with Andrew McAnerney, featuring a musical journey through the 15th century Court of Burgundy, entitled <a href=\"https:\/\/atmaclassique.com\/produit\/lhomme-arme\/\" target=\"_blank\" rel=\"noopener\"><em>L&#8217;Homme arm\u00e9<\/em><\/a>, was nominated for a 2022 Juno Award.<\/p>\n<\/div>\n<\/div>\n<\/div><\/section><\/div><\/p>\n\n","protected":false},"excerpt":{"rendered":"","protected":false},"author":2,"featured_media":14478,"parent":0,"menu_order":1,"comment_status":"closed","ping_status":"open","template":"","meta":{"episode_type":"","audio_file":"","cover_image":"","cover_image_id":"","duration":"","filesize":"","date_recorded":"","explicit":"","block":"","filesize_raw":""},"yst_prominent_words":[],"_links":{"self":[{"href":"https:\/\/smamontreal.ca\/en\/wp-json\/wp\/v2\/pages\/3975"}],"collection":[{"href":"https:\/\/smamontreal.ca\/en\/wp-json\/wp\/v2\/pages"}],"about":[{"href":"https:\/\/smamontreal.ca\/en\/wp-json\/wp\/v2\/types\/page"}],"author":[{"embeddable":true,"href":"https:\/\/smamontreal.ca\/en\/wp-json\/wp\/v2\/users\/2"}],"replies":[{"embeddable":true,"href":"https:\/\/smamontreal.ca\/en\/wp-json\/wp\/v2\/comments?post=3975"}],"version-history":[{"count":22,"href":"https:\/\/smamontreal.ca\/en\/wp-json\/wp\/v2\/pages\/3975\/revisions"}],"predecessor-version":[{"id":14707,"href":"https:\/\/smamontreal.ca\/en\/wp-json\/wp\/v2\/pages\/3975\/revisions\/14707"}],"wp:featuredmedia":[{"embeddable":true,"href":"https:\/\/smamontreal.ca\/en\/wp-json\/wp\/v2\/media\/14478"}],"wp:attachment":[{"href":"https:\/\/smamontreal.ca\/en\/wp-json\/wp\/v2\/media?parent=3975"}],"wp:term":[{"taxonomy":"yst_prominent_words","embeddable":true,"href":"https:\/\/smamontreal.ca\/en\/wp-json\/wp\/v2\/yst_prominent_words?post=3975"}],"curies":[{"name":"wp","href":"https:\/\/api.w.org\/{rel}","templated":true}]}}