{"id":7802,"date":"2018-04-30T15:54:23","date_gmt":"2018-04-30T19:54:23","guid":{"rendered":"http:\/\/smamontreal.ca\/en\/?page_id=7802"},"modified":"2019-04-26T18:01:50","modified_gmt":"2019-04-26T22:01:50","slug":"cinq-siecle-a-40-voix","status":"publish","type":"page","link":"https:\/\/smamontreal.ca\/en\/cinq-siecle-a-40-voix\/","title":{"rendered":"Five centuries for 40 voices"},"content":{"rendered":"<div class='flex_column av-av_one_half-2a9015ff38129c418a3f2eafba3e9512 av_one_half  avia-builder-el-0  el_before_av_one_half  avia-builder-el-first  first flex_column_div '     ><p><div  class='avia-slideshow av-av_slideshow-4f7b2b5f417e5e1a781935034c419496 avia-slideshow-no scaling av_slideshow avia-slide-slider  avia-builder-el-1  el_before_av_social_share  avia-builder-el-first  av-slideshow-ui av-slideshow-autoplay av-loop-endless av-loop-manual-endless av-default-height-applied avia-slideshow-1' data-slideshow-options=\"{&quot;animation&quot;:&quot;slide&quot;,&quot;autoplay&quot;:true,&quot;loop_autoplay&quot;:&quot;endless&quot;,&quot;interval&quot;:5,&quot;loop_manual&quot;:&quot;manual-endless&quot;,&quot;autoplay_stopper&quot;:false,&quot;noNavigation&quot;:false,&quot;bg_slider&quot;:false,&quot;keep_padding&quot;:false,&quot;hoverpause&quot;:false,&quot;show_slide_delay&quot;:0}\"  itemprop=\"image\" itemscope=\"itemscope\" itemtype=\"https:\/\/schema.org\/ImageObject\" ><ul class='avia-slideshow-inner ' style='padding-bottom: 111.92170818505%;'><li  class='avia-slideshow-slide av-av_slideshow-4f7b2b5f417e5e1a781935034c419496__0  av-single-slide slide-1 slide-odd'><div data-rel='slideshow-1' class='avia-slide-wrap '   ><img class=\"wp-image-7874 avia-img-lazy-loading-not-7874\"  src=\"https:\/\/smamontreal.ca\/wp-content\/uploads\/2017\/03\/SMAM_18-19_pageweb_6cinqsiecles40voix_ENG.jpg\" width=\"562\" height=\"629\" title='SMAM_18-19_pageweb_6cinqsiecles40voix_ENG' alt=''  itemprop=\"thumbnailUrl\" srcset=\"https:\/\/smamontreal.ca\/wp-content\/uploads\/2017\/03\/SMAM_18-19_pageweb_6cinqsiecles40voix_ENG.jpg 562w, https:\/\/smamontreal.ca\/wp-content\/uploads\/2017\/03\/SMAM_18-19_pageweb_6cinqsiecles40voix_ENG-450x504.jpg 450w, https:\/\/smamontreal.ca\/wp-content\/uploads\/2017\/03\/SMAM_18-19_pageweb_6cinqsiecles40voix_ENG-268x300.jpg 268w\" sizes=\"(max-width: 562px) 100vw, 562px\" \/><\/div><\/li><\/ul><\/div><br \/>\n<div  class='av-social-sharing-box av-av_social_share-9ed909ffdf2430149fe6516cd6dd9bb1 av-social-sharing-box-minimal  avia-builder-el-2  el_after_av_slideshow  avia-builder-el-last  av-social-sharing-box-fullwidth'><div class=\"av-share-box\"><h5 class='av-share-link-description av-no-toc '>Partager cet article<\/h5><ul class=\"av-share-box-list noLightbox\"><li class='av-share-link av-social-link-facebook' ><a target=\"_blank\" aria-label=\"Share on Facebook\" href='https:\/\/www.facebook.com\/sharer.php?u=https:\/\/smamontreal.ca\/en\/cinq-siecle-a-40-voix\/&#038;t=Five%20centuries%20for%2040%20voices' aria-hidden='false' data-av_icon='\ue8f3' data-av_iconfont='entypo-fontello' title='' data-avia-related-tooltip='Share on Facebook' rel=\"noopener\"><span class='avia_hidden_link_text'>Share on Facebook<\/span><\/a><\/li><li class='av-share-link av-social-link-twitter' ><a target=\"_blank\" aria-label=\"Share on Twitter\" href='https:\/\/twitter.com\/share?text=Five%20centuries%20for%2040%20voices&#038;url=https:\/\/smamontreal.ca\/en\/?p=7802' aria-hidden='false' data-av_icon='\ue8f1' data-av_iconfont='entypo-fontello' title='' data-avia-related-tooltip='Share on Twitter' rel=\"noopener\"><span class='avia_hidden_link_text'>Share on Twitter<\/span><\/a><\/li><li class='av-share-link av-social-link-mail' ><a  aria-label=\"Share by Mail\" href='mailto:?subject=Five%20centuries%20for%2040%20voices&#038;body=https:\/\/smamontreal.ca\/en\/cinq-siecle-a-40-voix\/' aria-hidden='false' data-av_icon='\ue805' data-av_iconfont='entypo-fontello' title='' data-avia-related-tooltip='Share by Mail'><span class='avia_hidden_link_text'>Share by Mail<\/span><\/a><\/li><\/ul><\/div><\/div><\/p><\/div>\n\n<style type=\"text\/css\" data-created_by=\"avia_inline_auto\" id=\"style-css-av-av_one_half-2a64de42b738552fe666ca889af77e28\">\n.flex_column.av-av_one_half-2a64de42b738552fe666ca889af77e28{\n-webkit-border-radius:0px 0px 0px 0px;\n-moz-border-radius:0px 0px 0px 0px;\nborder-radius:0px 0px 0px 0px;\n}\n<\/style>\n<div class='flex_column av-av_one_half-2a64de42b738552fe666ca889af77e28 av_one_half  avia-builder-el-3  el_after_av_one_half  avia-builder-el-last  flex_column_div av-zero-column-padding '     ><p><div  class='avia-button-wrap av-av_button-924151fcf2a180d02493dbcf0864e54a-wrap avia-button-right  avia-builder-el-4  el_before_av_textblock  avia-builder-el-first ' >\n<style type=\"text\/css\" data-created_by=\"avia_inline_auto\" id=\"style-css-av-av_button-924151fcf2a180d02493dbcf0864e54a\">\n#top #wrap_all .avia-button.av-av_button-924151fcf2a180d02493dbcf0864e54a{\nbackground-color:#484079;\nborder-color:#484079;\ncolor:#ffffff;\n-webkit-transition:all 0.4s ease-in-out;\n-moz-transition:all 0.4s ease-in-out;\n-ms-transition:all 0.4s ease-in-out;\n-o-transition:all 0.4s ease-in-out;\ntransition:all 0.4s ease-in-out;\n}\n<\/style>\n<a href='https:\/\/www.legesu.com\/evenement\/cinq-siecles-a-40-voix\/'  class='avia-button av-av_button-924151fcf2a180d02493dbcf0864e54a avia-icon_select-yes-left-icon avia-size-small avia-position-right' ><span class='avia_button_icon avia_button_icon_left' aria-hidden='true' data-av_icon='\ue817' data-av_iconfont='entypo-fontello'><\/span><span class='avia_iconbox_title' >Buy Tickets<\/span><\/a><\/div><br \/>\n\n<style type=\"text\/css\" data-created_by=\"avia_inline_auto\" id=\"style-css-av-av_textblock-8e5bdedebac81bcd937ed355ccd26d60\">\n#top .av_textblock_section.av-av_textblock-8e5bdedebac81bcd937ed355ccd26d60 .avia_textblock{\ncolor:#000000;\n}\n<\/style>\n<section  class='av_textblock_section av-av_textblock-8e5bdedebac81bcd937ed355ccd26d60'  itemscope=\"itemscope\" itemtype=\"https:\/\/schema.org\/CreativeWork\" ><div class='avia_textblock av_inherit_color'  itemprop=\"text\" ><p><strong><br \/>\nSaturday, April 27th 2019, 7:30 p. m.<br \/>\n<\/strong>Ges\u00f9 Church<br \/>\n1202 de Bleury Street, Montreal<br \/>\nPlace-des-Arts Metro<\/p>\n<\/div><\/section><br \/>\n\n<style type=\"text\/css\" data-created_by=\"avia_inline_auto\" id=\"style-css-av-av_heading-a19ef1970cf9f53f9530a5e8b29e9bf9\">\n#top .av-special-heading.av-av_heading-a19ef1970cf9f53f9530a5e8b29e9bf9{\npadding-bottom:15px;\n}\nbody .av-special-heading.av-av_heading-a19ef1970cf9f53f9530a5e8b29e9bf9 .av-special-heading-tag .heading-char{\nfont-size:25px;\n}\n.av-special-heading.av-av_heading-a19ef1970cf9f53f9530a5e8b29e9bf9 .av-subheading{\nfont-size:10px;\n}\n<\/style>\n<div  class='av-special-heading av-av_heading-a19ef1970cf9f53f9530a5e8b29e9bf9 av-special-heading-h3 meta-heading  avia-builder-el-6  el_after_av_textblock  el_before_av_textblock '><h3 class='av-special-heading-tag'  itemprop=\"headline\"  >SUMMARY<\/h3><div class=\"special-heading-border\"><div class=\"special-heading-inner-border\"><\/div><\/div><\/div><br \/>\n\n<style type=\"text\/css\" data-created_by=\"avia_inline_auto\" id=\"style-css-av-av_textblock-8e5bdedebac81bcd937ed355ccd26d60\">\n#top .av_textblock_section.av-av_textblock-8e5bdedebac81bcd937ed355ccd26d60 .avia_textblock{\ncolor:#000000;\n}\n<\/style>\n<section  class='av_textblock_section av-av_textblock-8e5bdedebac81bcd937ed355ccd26d60'  itemscope=\"itemscope\" itemtype=\"https:\/\/schema.org\/CreativeWork\" ><div class='avia_textblock av_inherit_color'  itemprop=\"text\" ><p>Delighted with its collaborations with the Choir of Trinity Wall Street (New York) in 2014 and with The Elora Singers in 2016, the SMAM is joining forces with Toronto\u2019s excellent Elmer Iseler Singers this year to once again present a choral concert for 40 voices. The repertoire covers five centuries of choral music, from the work of great 15th century master Johannes Ockeghem to present day compositions, including certain monumental works by Guerrero, Marenzio, Lassus, Tomkins, and Gibbons, and Canadian masterpieces by Hussein Janmohamed, Peter Togni, Eleanor Daley, and Healey Willan.<\/p>\n<p>Listen the pre-concert conversation (Cynthia Gates \/ Andrew McAnerney)<\/p>\n<!--[if lt IE 9]><script>document.createElement('audio');<\/script><![endif]-->\n<audio class=\"wp-audio-shortcode\" id=\"audio-7802-1\" preload=\"none\" style=\"width: 100%;\" controls=\"controls\"><source type=\"audio\/mpeg\" src=\"http:\/\/smamontreal.ca\/wp-content\/uploads\/2018\/04\/Podcast-SMAM_6_ENG.mp3?_=1\" \/><a href=\"http:\/\/smamontreal.ca\/wp-content\/uploads\/2018\/04\/Podcast-SMAM_6_ENG.mp3\">http:\/\/smamontreal.ca\/wp-content\/uploads\/2018\/04\/Podcast-SMAM_6_ENG.mp3<\/a><\/audio>\n<\/div><\/section><br \/>\n\n<style type=\"text\/css\" data-created_by=\"avia_inline_auto\" id=\"style-css-av-av_heading-02266c8b6df876f8bfcb9331f59b6ad4\">\n#top .av-special-heading.av-av_heading-02266c8b6df876f8bfcb9331f59b6ad4{\npadding-bottom:15px;\n}\nbody .av-special-heading.av-av_heading-02266c8b6df876f8bfcb9331f59b6ad4 .av-special-heading-tag .heading-char{\nfont-size:25px;\n}\n.av-special-heading.av-av_heading-02266c8b6df876f8bfcb9331f59b6ad4 .av-subheading{\nfont-size:10px;\n}\n<\/style>\n<div  class='av-special-heading av-av_heading-02266c8b6df876f8bfcb9331f59b6ad4 av-special-heading-h3 meta-heading  avia-builder-el-8  el_after_av_textblock  el_before_av_textblock '><h3 class='av-special-heading-tag'  itemprop=\"headline\"  >PROGRAM<\/h3><div class=\"special-heading-border\"><div class=\"special-heading-inner-border\"><\/div><\/div><\/div><br \/>\n\n<style type=\"text\/css\" data-created_by=\"avia_inline_auto\" id=\"style-css-av-av_textblock-8e5bdedebac81bcd937ed355ccd26d60\">\n#top .av_textblock_section.av-av_textblock-8e5bdedebac81bcd937ed355ccd26d60 .avia_textblock{\ncolor:#000000;\n}\n<\/style>\n<section  class='av_textblock_section av-av_textblock-8e5bdedebac81bcd937ed355ccd26d60'  itemscope=\"itemscope\" itemtype=\"https:\/\/schema.org\/CreativeWork\" ><div class='avia_textblock av_inherit_color'  itemprop=\"text\" ><p><strong>Johannes Ockeghem<\/strong>\u00a0(v.1420-1497)<br \/>\nCanon<em>\u00a0Deo gratias<\/em>\u00a0\u00e0 36 voix (manus., 1497; in\u00a0<em>Cantiones triginta selectissim\u00e6<\/em>, Nuremberg, 1568)**<sup>2<\/sup><\/p>\n<p><strong>Roland de Lassus<\/strong>\u00a0(1532-1594)<br \/>\nMotet\u00a0<em>Musica Dei donum optimi<\/em>\u00a0\u00e0 6 voix (<em>Cantiones sacr\u00e6<\/em>, Graz, 1594)<\/p>\n<p><strong>Thomas Tomkins<\/strong>\u00a0(1572-1656)<br \/>\nAnthem\u00a0<em>O sing unto the Lord a new song\u00a0<\/em>\u00e0 7 voix (av.1617;\u00a0<em>Musica Deo sacra &amp; ecclesi\u00e6 Anglican\u00e6<\/em>, Londres, 1668)<\/p>\n<p><strong>William Byrd<\/strong>\u00a0(v.1539-1623)<br \/>\nMotet\u00a0<em>Laudibus in sanctis\u00a0<\/em>\u00e0 5 voix (<em>Cantiones sacr\u00e6 II<\/em>, Londres, 1591)<\/p>\n<p><strong>Orlando Gibbons<\/strong>\u00a0(1583-1625)<br \/>\nAnthem\u00a0<em>O clap your hands together<\/em>\u00a0\u00e0 8 voix (in\u00a0<em>Hymns and Songs of the Church<\/em>, Londres, 1623)<\/p>\n<p><strong>Luca Marenzio<\/strong>\u00a0(1553-1599)<br \/>\nMotet\u00a0<em>Super flumina Babylonis\u00a0<\/em>\u00e0 12 voix en trois ch\u0153urs (manus., s.d.)<\/p>\n<p><strong>Francisco Guerrero<\/strong>\u00a0(1528-1599)<br \/>\nMotet\u00a0<em>Duo seraphim clamabant<\/em>\u00a0\u00e0 12 voix en trois ch\u0153urs (<em>Motecta<\/em>, Venise, 1589)**<sup>2<\/sup><\/p>\n<p><strong>Benjamin Britten<\/strong>\u00a0(1913-1976)<br \/>\n<em>Hymn to St Cecilia\u00a0<\/em>\u00e0 5 voix avec solistes, op. 27 (1942)**<sup>1<\/sup><\/p>\n<p><strong>William Byrd<br \/>\n<\/strong>Anthem\u00a0<em>Sing joyfully<\/em>\u00a0<em>unto God<\/em>\u00a0\u00e0 6 voix (manus., s.d.)*<\/p>\n<p><strong>Peter Anthony Togni<\/strong>\u00a0(1959)<br \/>\nR\u00e9pons<em>\u00a0Ave verum corpus\u00a0<\/em>\u00e0 4 voix (1994)*<\/p>\n<p><strong>Hussein Janmohamed<\/strong>\u00a0(1969)<br \/>\n<em>Nur: Reflections on Light\u00a0<\/em>\u00e0 6 voix (2014)*<br \/>\n<em>Light Unveiled<br \/>\n<\/em><em>Light Suspended<\/em><\/p>\n<p><strong>Eleanor Joanne Daley<\/strong>\u00a0(1955)<br \/>\n<em>Grandmother Moon\u00a0<\/em>\u00e0 4 voix divis\u00e9es (2007)*<\/p>\n<p><strong>Anonyme\u00a0<\/strong>(XIX<sup>e<\/sup>\u00a0si\u00e8cle)<br \/>\nSpiritual\u00a0<em>Ev\u2019ry Time I feel the Spirit<\/em>\u00a0pour soliste<sup>3<\/sup>\u00a0et ch\u0153ur \u00e0 4 voix (arr. Moses Hogan)*<\/p>\n<p><strong>Healey Willan<\/strong>\u00a0(1880-1968)<br \/>\n<em>An Apostrophe to the Heavenly Hosts<\/em>\u00a0\u00e0 8 voix en deux ch\u0153urs, plus deux ch\u0153urs \u00ab\u00a0mystiques\u00a0\u00bb \u00e0 4 et 3 voix (1921)**<sup>2<\/sup><\/p>\n<p>* Elmer Iseler Singers conduct by\u00a0Lydia Adams<br \/>\n**\u00a0Both choir<br \/>\n<sup>1<\/sup> conduct by\u00a0 Lydia Adams<br \/>\n<sup>2<\/sup> conduct by\u00a0 Andrew McAnerney<br \/>\n<sup>3\u00a0<\/sup>Paul Winkelmans, Douglas McNaughton et Nelson Lohnes<\/p>\n<p>Duration\u00a0: 1 h 30<\/p>\n<\/div><\/section><br \/>\n\n<style type=\"text\/css\" data-created_by=\"avia_inline_auto\" id=\"style-css-av-av_heading-001adbd2fc29d02a7ef7669ddc7d0a9b\">\n#top .av-special-heading.av-av_heading-001adbd2fc29d02a7ef7669ddc7d0a9b{\npadding-bottom:15px;\n}\nbody .av-special-heading.av-av_heading-001adbd2fc29d02a7ef7669ddc7d0a9b .av-special-heading-tag .heading-char{\nfont-size:25px;\n}\n.av-special-heading.av-av_heading-001adbd2fc29d02a7ef7669ddc7d0a9b .av-subheading{\nfont-size:10px;\n}\n<\/style>\n<div  class='av-special-heading av-av_heading-001adbd2fc29d02a7ef7669ddc7d0a9b av-special-heading-h3 meta-heading  avia-builder-el-10  el_after_av_textblock  el_before_av_textblock '><h3 class='av-special-heading-tag'  itemprop=\"headline\"  >WITH<\/h3><div class=\"special-heading-border\"><div class=\"special-heading-inner-border\"><\/div><\/div><\/div><br \/>\n\n<style type=\"text\/css\" data-created_by=\"avia_inline_auto\" id=\"style-css-av-av_textblock-8e5bdedebac81bcd937ed355ccd26d60\">\n#top .av_textblock_section.av-av_textblock-8e5bdedebac81bcd937ed355ccd26d60 .avia_textblock{\ncolor:#000000;\n}\n<\/style>\n<section  class='av_textblock_section av-av_textblock-8e5bdedebac81bcd937ed355ccd26d60'  itemscope=\"itemscope\" itemtype=\"https:\/\/schema.org\/CreativeWork\" ><div class='avia_textblock av_inherit_color'  itemprop=\"text\" ><p>40 singers of the SMAM and the Elmer Iseler Singers (Toronto)<br \/>\n<em>A cappella<\/em> choirs<br \/>\nLydia Adams Andrew McAnerney, codirection<\/p>\n<\/div><\/section><br \/>\n<div  class='hr av-av_hr-dcd2069817a0e3d34ae04cad8f3443c7 hr-default  avia-builder-el-12  el_after_av_textblock  el_before_av_image '><span class='hr-inner '><span class=\"hr-inner-style\"><\/span><\/span><\/div><br \/>\n\n<style type=\"text\/css\" data-created_by=\"avia_inline_auto\" id=\"style-css-av-av_image-19c0fb29b557263928fa30ac65d490ab\">\n.avia-image-container.av-av_image-19c0fb29b557263928fa30ac65d490ab img.avia_image{\nbox-shadow:none;\n}\n.avia-image-container.av-av_image-19c0fb29b557263928fa30ac65d490ab .av-image-caption-overlay-center{\ncolor:#ffffff;\n}\n<\/style>\n<div  class='avia-image-container av-av_image-19c0fb29b557263928fa30ac65d490ab av-styling- avia-align-center  avia-builder-el-13  el_after_av_hr  avia-builder-el-last '   itemprop=\"image\" itemscope=\"itemscope\" itemtype=\"https:\/\/schema.org\/ImageObject\" ><div class=\"avia-image-container-inner\"><div class=\"avia-image-overlay-wrap\"><img class='wp-image-5070 avia-img-lazy-loading-not-5070 avia_image ' src=\"https:\/\/smamontreal.ca\/wp-content\/uploads\/2013\/04\/2015_LaVitrine_Studio_Musique_Ancienne_Banniere_Web.jpg\" alt='' title='2015_LaVitrine_Studio_Musique_Ancienne_Banniere_Web'  height=\"140\" width=\"860\"  itemprop=\"thumbnailUrl\" srcset=\"https:\/\/smamontreal.ca\/wp-content\/uploads\/2013\/04\/2015_LaVitrine_Studio_Musique_Ancienne_Banniere_Web.jpg 860w, https:\/\/smamontreal.ca\/wp-content\/uploads\/2013\/04\/2015_LaVitrine_Studio_Musique_Ancienne_Banniere_Web-450x73.jpg 450w, https:\/\/smamontreal.ca\/wp-content\/uploads\/2013\/04\/2015_LaVitrine_Studio_Musique_Ancienne_Banniere_Web-300x49.jpg 300w, https:\/\/smamontreal.ca\/wp-content\/uploads\/2013\/04\/2015_LaVitrine_Studio_Musique_Ancienne_Banniere_Web-705x115.jpg 705w\" sizes=\"(max-width: 860px) 100vw, 860px\" \/><\/div><\/div><\/div><\/p><\/div>\n","protected":false},"excerpt":{"rendered":"","protected":false},"author":2,"featured_media":0,"parent":0,"menu_order":0,"comment_status":"closed","ping_status":"closed","template":"","meta":{"episode_type":"","audio_file":"","cover_image":"","cover_image_id":"","duration":"","filesize":"","date_recorded":"","explicit":"","block":"","filesize_raw":""},"yst_prominent_words":[],"_links":{"self":[{"href":"https:\/\/smamontreal.ca\/en\/wp-json\/wp\/v2\/pages\/7802"}],"collection":[{"href":"https:\/\/smamontreal.ca\/en\/wp-json\/wp\/v2\/pages"}],"about":[{"href":"https:\/\/smamontreal.ca\/en\/wp-json\/wp\/v2\/types\/page"}],"author":[{"embeddable":true,"href":"https:\/\/smamontreal.ca\/en\/wp-json\/wp\/v2\/users\/2"}],"replies":[{"embeddable":true,"href":"https:\/\/smamontreal.ca\/en\/wp-json\/wp\/v2\/comments?post=7802"}],"version-history":[{"count":10,"href":"https:\/\/smamontreal.ca\/en\/wp-json\/wp\/v2\/pages\/7802\/revisions"}],"predecessor-version":[{"id":8824,"href":"https:\/\/smamontreal.ca\/en\/wp-json\/wp\/v2\/pages\/7802\/revisions\/8824"}],"wp:attachment":[{"href":"https:\/\/smamontreal.ca\/en\/wp-json\/wp\/v2\/media?parent=7802"}],"wp:term":[{"taxonomy":"yst_prominent_words","embeddable":true,"href":"https:\/\/smamontreal.ca\/en\/wp-json\/wp\/v2\/yst_prominent_words?post=7802"}],"curies":[{"name":"wp","href":"https:\/\/api.w.org\/{rel}","templated":true}]}}