{"id":8747,"date":"2019-04-26T15:48:49","date_gmt":"2019-04-26T19:48:49","guid":{"rendered":"http:\/\/smamontreal.ca\/en\/?page_id=8747"},"modified":"2019-11-12T17:25:23","modified_gmt":"2019-11-12T22:25:23","slug":"01-perfection-polyphonique","status":"publish","type":"page","link":"https:\/\/smamontreal.ca\/en\/01-perfection-polyphonique\/","title":{"rendered":"01. Perfection polyphonique"},"content":{"rendered":"<div class='flex_column av-av_one_half-2a9015ff38129c418a3f2eafba3e9512 av_one_half  avia-builder-el-0  el_before_av_one_half  avia-builder-el-first  first flex_column_div '     ><p><div  class='avia-slideshow av-av_slideshow-4f7b2b5f417e5e1a781935034c419496 avia-slideshow-no scaling av_slideshow avia-slide-slider  avia-builder-el-1  el_before_av_social_share  avia-builder-el-first  av-slideshow-ui av-slideshow-autoplay av-loop-endless av-loop-manual-endless av-default-height-applied avia-slideshow-1' data-slideshow-options=\"{&quot;animation&quot;:&quot;slide&quot;,&quot;autoplay&quot;:true,&quot;loop_autoplay&quot;:&quot;endless&quot;,&quot;interval&quot;:5,&quot;loop_manual&quot;:&quot;manual-endless&quot;,&quot;autoplay_stopper&quot;:false,&quot;noNavigation&quot;:false,&quot;bg_slider&quot;:false,&quot;keep_padding&quot;:false,&quot;hoverpause&quot;:false,&quot;show_slide_delay&quot;:0}\"  itemprop=\"image\" itemscope=\"itemscope\" itemtype=\"https:\/\/schema.org\/ImageObject\" ><ul class='avia-slideshow-inner ' style='padding-bottom: 111.92170818505%;'><li  class='avia-slideshow-slide av-av_slideshow-4f7b2b5f417e5e1a781935034c419496__0  av-single-slide slide-1 slide-odd'><div data-rel='slideshow-1' class='avia-slide-wrap '   ><img class=\"wp-image-8750 avia-img-lazy-loading-not-8750\"  src=\"https:\/\/smamontreal.ca\/wp-content\/uploads\/2019\/04\/SMAM_19-20_pageweb_1perfectionpolyphonique_ENG.jpg\" width=\"562\" height=\"629\" title='SMAM_19-20_pageweb_1perfectionpolyphonique_ENG' alt=''  itemprop=\"thumbnailUrl\" srcset=\"https:\/\/smamontreal.ca\/wp-content\/uploads\/2019\/04\/SMAM_19-20_pageweb_1perfectionpolyphonique_ENG.jpg 562w, https:\/\/smamontreal.ca\/wp-content\/uploads\/2019\/04\/SMAM_19-20_pageweb_1perfectionpolyphonique_ENG-450x504.jpg 450w, https:\/\/smamontreal.ca\/wp-content\/uploads\/2019\/04\/SMAM_19-20_pageweb_1perfectionpolyphonique_ENG-268x300.jpg 268w\" sizes=\"(max-width: 562px) 100vw, 562px\" \/><\/div><\/li><\/ul><\/div><br \/>\n<div  class='av-social-sharing-box av-av_social_share-9ed909ffdf2430149fe6516cd6dd9bb1 av-social-sharing-box-minimal  avia-builder-el-2  el_after_av_slideshow  avia-builder-el-last  av-social-sharing-box-fullwidth'><div class=\"av-share-box\"><h5 class='av-share-link-description av-no-toc '>Partager cet article<\/h5><ul class=\"av-share-box-list noLightbox\"><li class='av-share-link av-social-link-facebook' ><a target=\"_blank\" aria-label=\"Share on Facebook\" href='https:\/\/www.facebook.com\/sharer.php?u=https:\/\/smamontreal.ca\/en\/01-perfection-polyphonique\/&#038;t=01.%20Perfection%20polyphonique' aria-hidden='false' data-av_icon='\ue8f3' data-av_iconfont='entypo-fontello' title='' data-avia-related-tooltip='Share on Facebook' rel=\"noopener\"><span class='avia_hidden_link_text'>Share on Facebook<\/span><\/a><\/li><li class='av-share-link av-social-link-twitter' ><a target=\"_blank\" aria-label=\"Share on Twitter\" href='https:\/\/twitter.com\/share?text=01.%20Perfection%20polyphonique&#038;url=https:\/\/smamontreal.ca\/en\/?p=8747' aria-hidden='false' data-av_icon='\ue8f1' data-av_iconfont='entypo-fontello' title='' data-avia-related-tooltip='Share on Twitter' rel=\"noopener\"><span class='avia_hidden_link_text'>Share on Twitter<\/span><\/a><\/li><li class='av-share-link av-social-link-mail' ><a  aria-label=\"Share by Mail\" href='mailto:?subject=01.%20Perfection%20polyphonique&#038;body=https:\/\/smamontreal.ca\/en\/01-perfection-polyphonique\/' aria-hidden='false' data-av_icon='\ue805' data-av_iconfont='entypo-fontello' title='' data-avia-related-tooltip='Share by Mail'><span class='avia_hidden_link_text'>Share by Mail<\/span><\/a><\/li><\/ul><\/div><\/div><\/p><\/div>\n\n<style type=\"text\/css\" data-created_by=\"avia_inline_auto\" id=\"style-css-av-av_one_half-2a64de42b738552fe666ca889af77e28\">\n.flex_column.av-av_one_half-2a64de42b738552fe666ca889af77e28{\n-webkit-border-radius:0px 0px 0px 0px;\n-moz-border-radius:0px 0px 0px 0px;\nborder-radius:0px 0px 0px 0px;\n}\n<\/style>\n<div class='flex_column av-av_one_half-2a64de42b738552fe666ca889af77e28 av_one_half  avia-builder-el-3  el_after_av_one_half  avia-builder-el-last  flex_column_div av-zero-column-padding '     ><p><div  class='avia-button-wrap av-av_button-032807f0d06a3311f44761525da66066-wrap avia-button-right  avia-builder-el-4  el_before_av_textblock  avia-builder-el-first ' >\n<style type=\"text\/css\" data-created_by=\"avia_inline_auto\" id=\"style-css-av-av_button-032807f0d06a3311f44761525da66066\">\n#top #wrap_all .avia-button.av-av_button-032807f0d06a3311f44761525da66066{\nbackground-color:#e6007e;\nborder-color:#e6007e;\ncolor:#ffffff;\n-webkit-transition:all 0.4s ease-in-out;\n-moz-transition:all 0.4s ease-in-out;\n-ms-transition:all 0.4s ease-in-out;\n-o-transition:all 0.4s ease-in-out;\ntransition:all 0.4s ease-in-out;\n}\n<\/style>\n<a href=''  class='avia-button av-av_button-032807f0d06a3311f44761525da66066 avia-icon_select-yes-left-icon avia-size-small avia-position-right' ><span class='avia_button_icon avia_button_icon_left' aria-hidden='true' data-av_icon='\ue817' data-av_iconfont='entypo-fontello'><\/span><span class='avia_iconbox_title' >Not available<\/span><\/a><\/div><br \/>\n\n<style type=\"text\/css\" data-created_by=\"avia_inline_auto\" id=\"style-css-av-av_textblock-8e5bdedebac81bcd937ed355ccd26d60\">\n#top .av_textblock_section.av-av_textblock-8e5bdedebac81bcd937ed355ccd26d60 .avia_textblock{\ncolor:#000000;\n}\n<\/style>\n<section  class='av_textblock_section av-av_textblock-8e5bdedebac81bcd937ed355ccd26d60'  itemscope=\"itemscope\" itemtype=\"https:\/\/schema.org\/CreativeWork\" ><div class='avia_textblock av_inherit_color'  itemprop=\"text\" ><p><strong><br \/>\nSunday,\u00a0September\u00a029th 2019,\u00a03 p. m.<br \/>\n<\/strong>Church of Saint-L\u00e9on de Westmount<br \/>\n<span class=\"LrzXr\">4311 de Maisonneuve Blvd West, Westmount<br \/>\n<\/span>Atwater Station<\/p>\n<\/div><\/section><br \/>\n\n<style type=\"text\/css\" data-created_by=\"avia_inline_auto\" id=\"style-css-av-av_heading-a19ef1970cf9f53f9530a5e8b29e9bf9\">\n#top .av-special-heading.av-av_heading-a19ef1970cf9f53f9530a5e8b29e9bf9{\npadding-bottom:15px;\n}\nbody .av-special-heading.av-av_heading-a19ef1970cf9f53f9530a5e8b29e9bf9 .av-special-heading-tag .heading-char{\nfont-size:25px;\n}\n.av-special-heading.av-av_heading-a19ef1970cf9f53f9530a5e8b29e9bf9 .av-subheading{\nfont-size:10px;\n}\n<\/style>\n<div  class='av-special-heading av-av_heading-a19ef1970cf9f53f9530a5e8b29e9bf9 av-special-heading-h3 meta-heading  avia-builder-el-6  el_after_av_textblock  el_before_av_textblock '><h3 class='av-special-heading-tag'  itemprop=\"headline\"  >SUMMARY<\/h3><div class=\"special-heading-border\"><div class=\"special-heading-inner-border\"><\/div><\/div><\/div><br \/>\n\n<style type=\"text\/css\" data-created_by=\"avia_inline_auto\" id=\"style-css-av-av_textblock-8e5bdedebac81bcd937ed355ccd26d60\">\n#top .av_textblock_section.av-av_textblock-8e5bdedebac81bcd937ed355ccd26d60 .avia_textblock{\ncolor:#000000;\n}\n<\/style>\n<section  class='av_textblock_section av-av_textblock-8e5bdedebac81bcd937ed355ccd26d60'  itemscope=\"itemscope\" itemtype=\"https:\/\/schema.org\/CreativeWork\" ><div class='avia_textblock av_inherit_color'  itemprop=\"text\" ><p class=\"m5305359937759403420gmail-p2\" style=\"background: white; margin: 0cm 0cm 5.4pt 0cm;\"><span lang=\"EN-US\" style=\"font-family: Arial, sans-serif; color: #808080;\">An assembly of voices remains the ideal way to audibly express the silent harmony of the celestial bodies or to musically illustrate the meaning of sacred texts, thereby enhancing their impact. Since the Middle Ages, the West has used choral writing to develop the most complex polyphonic techniques, opposing or associating sophisticated counterpoint with energetic homophonic chords. The effect of skillfully interwoven voices united through various shared melodic motifs, the opposition of sound masses and pitches, the interplay of dynamics and harmonic colours\u2026 over the centuries, every effort has been made to create a level of perfection that aims<br \/>\nto touch both the heart and the spirit.<br \/>\n<\/span><\/p>\n<p class=\"m5305359937759403420gmail-p2\" style=\"background: white; margin: 0cm 0cm 5.4pt 0cm;\"><span lang=\"EN-US\" style=\"font-family: Arial, sans-serif; color: #808080;\"><br \/>\nListen the pre-concert conversation (Marie-Christine Trottier and Peter Schubert)<\/span><\/p>\n<p><iframe loading=\"lazy\" src=\"https:\/\/www.youtube.com\/embed\/LPdKSX9cuyo?rel=0&amp;showinfo=0\" width=\"560\" height=\"315\" frameborder=\"0\" allowfullscreen=\"allowfullscreen\"><\/iframe><\/p>\n<\/div><\/section><br \/>\n\n<style type=\"text\/css\" data-created_by=\"avia_inline_auto\" id=\"style-css-av-av_heading-02266c8b6df876f8bfcb9331f59b6ad4\">\n#top .av-special-heading.av-av_heading-02266c8b6df876f8bfcb9331f59b6ad4{\npadding-bottom:15px;\n}\nbody .av-special-heading.av-av_heading-02266c8b6df876f8bfcb9331f59b6ad4 .av-special-heading-tag .heading-char{\nfont-size:25px;\n}\n.av-special-heading.av-av_heading-02266c8b6df876f8bfcb9331f59b6ad4 .av-subheading{\nfont-size:10px;\n}\n<\/style>\n<div  class='av-special-heading av-av_heading-02266c8b6df876f8bfcb9331f59b6ad4 av-special-heading-h3 meta-heading  avia-builder-el-8  el_after_av_textblock  el_before_av_textblock '><h3 class='av-special-heading-tag'  itemprop=\"headline\"  >PROGRAM<\/h3><div class=\"special-heading-border\"><div class=\"special-heading-inner-border\"><\/div><\/div><\/div><br \/>\n\n<style type=\"text\/css\" data-created_by=\"avia_inline_auto\" id=\"style-css-av-av_textblock-8e5bdedebac81bcd937ed355ccd26d60\">\n#top .av_textblock_section.av-av_textblock-8e5bdedebac81bcd937ed355ccd26d60 .avia_textblock{\ncolor:#000000;\n}\n<\/style>\n<section  class='av_textblock_section av-av_textblock-8e5bdedebac81bcd937ed355ccd26d60'  itemscope=\"itemscope\" itemtype=\"https:\/\/schema.org\/CreativeWork\" ><div class='avia_textblock av_inherit_color'  itemprop=\"text\" ><p><strong>Josquin des Pr\u00e9s<\/strong>\u00a0(v.1450-1520)<br \/>\nMotet\u00a0<em>Ave verum corpus<\/em>\u00a0\u00e0 5 voix (in\u00a0<em>Cantiones Triginta Selectissim\u00e6<\/em>, Nuremberg, 1568)<\/p>\n<p><strong>Pierre de Manchicourt<\/strong>\u00a0(1510-1564)<br \/>\nMotet\u00a0<em>Regina c\u00e6li l\u00e6tare<\/em>\u00a0\u00e0 6 voix (<em>Liber decima quartus XIX musicas cantiones<\/em>, Paris, 1539)<\/p>\n<p><strong>Giovanni Pierluigi da Palestrina<\/strong>\u00a0(1525-1594)<br \/>\nMotet\u00a0<em>Laudate Dominum omnes gentes<\/em>\u00a0\u00e0 8 voix en deux ch\u0153urs (<em>Motettorum liber secundus<\/em>, Venise, 1572)<\/p>\n<p><strong>Roland de Lassus<\/strong>\u00a0(1532-1594)<br \/>\nMotet\u00a0<em>Laudate Dominum omnes gentes<\/em>\u00a0\u00e0 12 voix (<em>Moduli 6, 7 &amp; 12 vocum<\/em>, Paris, 1573)<\/p>\n<p><strong>Tom\u00e1s Luis de Victoria<\/strong>\u00a0(1548-1611)<br \/>\nMotet\u00a0<em>Vidi Speciosam<\/em>\u00a0\u00e0 6 voix (<em>Motecta<\/em>, Venise, 1572)<\/p>\n<p><strong>Jacobus Handl-Gallus<\/strong>\u00a0(1550-1591)<br \/>\nMotet\u00a0<em>Pater Noster<\/em>\u00a0\u00e0 8 voix en deux ch\u0153urs [haut et bas] (<em>Opus musicum<\/em>, Prague, 1587)<\/p>\n<p><strong>Antonio Lotti<\/strong>\u00a0(1667-1740)<br \/>\n<em>Crucifixus<\/em>\u00a0\u00e0 8 voix en\u00a0<em>do<\/em>\u00a0mineur (manus., Dresde, 1717-1719)<\/p>\n<p><strong>Giovanni Pierluigi da Palestrina<br \/>\n<\/strong><em>Missa Laudate Dominum<\/em>\u00a0\u00e0 8 voix en deux ch\u0153urs (<em>Miss\u00e6 quatuor<\/em>, Venise, 1601)<br \/>\nKyrie<br \/>\nGloria<br \/>\nCredo<br \/>\nSanctus &#8211; Benedictus<br \/>\nAgnus Dei<\/p>\n<p><strong>Gustav Holst<\/strong>\u00a0(1874-1934)<br \/>\nMotet\u00a0<em>Nunc dimittis<\/em>\u00a0(Cantique de Sim\u00e9on) \u00e0 8 voix (1915)<\/p>\n<p><strong>James MacMillan<\/strong>\u00a0(1959-)<br \/>\n<em>A Child\u2019s Prayer<\/em>\u00a0pour deux sopranos et ch\u0153ur \u00e0 4 voix divis\u00e9es (1996)<\/p>\n<\/div><\/section><br \/>\n\n<style type=\"text\/css\" data-created_by=\"avia_inline_auto\" id=\"style-css-av-av_heading-32a602425022a20487dfd2ee33644141\">\n#top .av-special-heading.av-av_heading-32a602425022a20487dfd2ee33644141{\npadding-bottom:15px;\n}\nbody .av-special-heading.av-av_heading-32a602425022a20487dfd2ee33644141 .av-special-heading-tag .heading-char{\nfont-size:25px;\n}\n.av-special-heading.av-av_heading-32a602425022a20487dfd2ee33644141 .av-subheading{\nfont-size:10px;\n}\n<\/style>\n<div  class='av-special-heading av-av_heading-32a602425022a20487dfd2ee33644141 av-special-heading-h3 meta-heading  avia-builder-el-10  el_after_av_textblock  el_before_av_textblock '><h3 class='av-special-heading-tag'  itemprop=\"headline\"  >DISTRIBUTION<\/h3><div class=\"special-heading-border\"><div class=\"special-heading-inner-border\"><\/div><\/div><\/div><br \/>\n\n<style type=\"text\/css\" data-created_by=\"avia_inline_auto\" id=\"style-css-av-av_textblock-8e5bdedebac81bcd937ed355ccd26d60\">\n#top .av_textblock_section.av-av_textblock-8e5bdedebac81bcd937ed355ccd26d60 .avia_textblock{\ncolor:#000000;\n}\n<\/style>\n<section  class='av_textblock_section av-av_textblock-8e5bdedebac81bcd937ed355ccd26d60'  itemscope=\"itemscope\" itemtype=\"https:\/\/schema.org\/CreativeWork\" ><div class='avia_textblock av_inherit_color'  itemprop=\"text\" ><p><em>A\u00a0cappella choir<\/em><\/p>\n<p><strong>Andrew McAnerney<\/strong>, direction<\/p>\n<\/div><\/section><\/p><\/div>\n","protected":false},"excerpt":{"rendered":"","protected":false},"author":2,"featured_media":0,"parent":0,"menu_order":0,"comment_status":"closed","ping_status":"closed","template":"","meta":{"episode_type":"","audio_file":"","cover_image":"","cover_image_id":"","duration":"","filesize":"","date_recorded":"","explicit":"","block":"","filesize_raw":""},"yst_prominent_words":[],"_links":{"self":[{"href":"https:\/\/smamontreal.ca\/en\/wp-json\/wp\/v2\/pages\/8747"}],"collection":[{"href":"https:\/\/smamontreal.ca\/en\/wp-json\/wp\/v2\/pages"}],"about":[{"href":"https:\/\/smamontreal.ca\/en\/wp-json\/wp\/v2\/types\/page"}],"author":[{"embeddable":true,"href":"https:\/\/smamontreal.ca\/en\/wp-json\/wp\/v2\/users\/2"}],"replies":[{"embeddable":true,"href":"https:\/\/smamontreal.ca\/en\/wp-json\/wp\/v2\/comments?post=8747"}],"version-history":[{"count":10,"href":"https:\/\/smamontreal.ca\/en\/wp-json\/wp\/v2\/pages\/8747\/revisions"}],"predecessor-version":[{"id":8763,"href":"https:\/\/smamontreal.ca\/en\/wp-json\/wp\/v2\/pages\/8747\/revisions\/8763"}],"wp:attachment":[{"href":"https:\/\/smamontreal.ca\/en\/wp-json\/wp\/v2\/media?parent=8747"}],"wp:term":[{"taxonomy":"yst_prominent_words","embeddable":true,"href":"https:\/\/smamontreal.ca\/en\/wp-json\/wp\/v2\/yst_prominent_words?post=8747"}],"curies":[{"name":"wp","href":"https:\/\/api.w.org\/{rel}","templated":true}]}}