{"id":8819,"date":"2019-04-26T17:56:54","date_gmt":"2019-04-26T21:56:54","guid":{"rendered":"http:\/\/smamontreal.ca\/en\/?page_id=8819"},"modified":"2020-01-22T15:12:48","modified_gmt":"2020-01-22T20:12:48","slug":"04-devotion-plaisirs","status":"publish","type":"page","link":"https:\/\/smamontreal.ca\/en\/04-devotion-plaisirs\/","title":{"rendered":"04. D\u00e9votion et plaisirs"},"content":{"rendered":"<div class='flex_column av-hg1hzn-a2dfe3c9bcc2d446d063fda5a2c5e486 av_one_half  avia-builder-el-0  el_before_av_one_half  avia-builder-el-first  first flex_column_div '     ><p><div  class='avia-slideshow av-fq4uib-26258003d0438e35e018414f0db12d71 avia-slideshow-no scaling av_slideshow avia-slide-slider  avia-builder-el-1  el_before_av_social_share  avia-builder-el-first  av-slideshow-ui av-slideshow-autoplay av-loop-endless av-loop-manual-endless av-default-height-applied avia-slideshow-1' data-slideshow-options=\"{&quot;animation&quot;:&quot;slide&quot;,&quot;autoplay&quot;:true,&quot;loop_autoplay&quot;:&quot;endless&quot;,&quot;interval&quot;:5,&quot;loop_manual&quot;:&quot;manual-endless&quot;,&quot;autoplay_stopper&quot;:false,&quot;noNavigation&quot;:false,&quot;bg_slider&quot;:false,&quot;keep_padding&quot;:false,&quot;hoverpause&quot;:false,&quot;show_slide_delay&quot;:0}\"  itemprop=\"image\" itemscope=\"itemscope\" itemtype=\"https:\/\/schema.org\/ImageObject\" ><ul class='avia-slideshow-inner ' style='padding-bottom: 111.92170818505%;'><li  class='avia-slideshow-slide av-fq4uib-26258003d0438e35e018414f0db12d71__0  av-single-slide slide-1 slide-odd'><div data-rel='slideshow-1' class='avia-slide-wrap '   ><img class=\"wp-image-8756 avia-img-lazy-loading-not-8756\"  src=\"https:\/\/smamontreal.ca\/wp-content\/uploads\/2019\/04\/SMAM_19-20_pageweb_4devotionetplaisirs_ENG.jpg\" width=\"562\" height=\"629\" title='SMAM_19-20_pageweb_4devotionetplaisirs_ENG' alt=''  itemprop=\"thumbnailUrl\" srcset=\"https:\/\/smamontreal.ca\/wp-content\/uploads\/2019\/04\/SMAM_19-20_pageweb_4devotionetplaisirs_ENG.jpg 562w, https:\/\/smamontreal.ca\/wp-content\/uploads\/2019\/04\/SMAM_19-20_pageweb_4devotionetplaisirs_ENG-450x504.jpg 450w, https:\/\/smamontreal.ca\/wp-content\/uploads\/2019\/04\/SMAM_19-20_pageweb_4devotionetplaisirs_ENG-268x300.jpg 268w\" sizes=\"(max-width: 562px) 100vw, 562px\" \/><\/div><\/li><\/ul><\/div><br \/>\n<div  class='av-social-sharing-box av-ccg9w3-91a9cfe20309881165da36e969ffec4f av-social-sharing-box-minimal  avia-builder-el-2  el_after_av_slideshow  avia-builder-el-last  av-social-sharing-box-fullwidth'><div class=\"av-share-box\"><h5 class='av-share-link-description av-no-toc '>Partager cet article<\/h5><ul class=\"av-share-box-list noLightbox\"><li class='av-share-link av-social-link-facebook' ><a target=\"_blank\" aria-label=\"Share on Facebook\" href='https:\/\/www.facebook.com\/sharer.php?u=https:\/\/smamontreal.ca\/en\/04-devotion-plaisirs\/&#038;t=04.%20D%C3%A9votion%20et%20plaisirs' aria-hidden='false' data-av_icon='\ue8f3' data-av_iconfont='entypo-fontello' title='' data-avia-related-tooltip='Share on Facebook' rel=\"noopener\"><span class='avia_hidden_link_text'>Share on Facebook<\/span><\/a><\/li><li class='av-share-link av-social-link-twitter' ><a target=\"_blank\" aria-label=\"Share on Twitter\" href='https:\/\/twitter.com\/share?text=04.%20D%C3%A9votion%20et%20plaisirs&#038;url=https:\/\/smamontreal.ca\/en\/?p=8819' aria-hidden='false' data-av_icon='\ue8f1' data-av_iconfont='entypo-fontello' title='' data-avia-related-tooltip='Share on Twitter' rel=\"noopener\"><span class='avia_hidden_link_text'>Share on Twitter<\/span><\/a><\/li><li class='av-share-link av-social-link-mail' ><a  aria-label=\"Share by Mail\" href='mailto:?subject=04.%20D%C3%A9votion%20et%20plaisirs&#038;body=https:\/\/smamontreal.ca\/en\/04-devotion-plaisirs\/' aria-hidden='false' data-av_icon='\ue805' data-av_iconfont='entypo-fontello' title='' data-avia-related-tooltip='Share by Mail'><span class='avia_hidden_link_text'>Share by Mail<\/span><\/a><\/li><\/ul><\/div><\/div><\/p><\/div>\n\n<style type=\"text\/css\" data-created_by=\"avia_inline_auto\" id=\"style-css-av-b9fiwj-bc3ea8169952d44f044afa82eb6a4f69\">\n.flex_column.av-b9fiwj-bc3ea8169952d44f044afa82eb6a4f69{\n-webkit-border-radius:0px 0px 0px 0px;\n-moz-border-radius:0px 0px 0px 0px;\nborder-radius:0px 0px 0px 0px;\n}\n<\/style>\n<div class='flex_column av-b9fiwj-bc3ea8169952d44f044afa82eb6a4f69 av_one_half  avia-builder-el-3  el_after_av_one_half  avia-builder-el-last  flex_column_div av-zero-column-padding '     ><p><div  class='avia-button-wrap av-95wh3n-06a73b2d537a6decf252af2cb1f23b44-wrap avia-button-right  avia-builder-el-4  el_before_av_textblock  avia-builder-el-first ' >\n<style type=\"text\/css\" data-created_by=\"avia_inline_auto\" id=\"style-css-av-95wh3n-06a73b2d537a6decf252af2cb1f23b44\">\n#top #wrap_all .avia-button.av-95wh3n-06a73b2d537a6decf252af2cb1f23b44{\nbackground-color:#e6007e;\nborder-color:#e6007e;\ncolor:#ffffff;\n-webkit-transition:all 0.4s ease-in-out;\n-moz-transition:all 0.4s ease-in-out;\n-ms-transition:all 0.4s ease-in-out;\n-o-transition:all 0.4s ease-in-out;\ntransition:all 0.4s ease-in-out;\n}\n<\/style>\n<a href='https:\/\/smamontreal.tuxedobillet.com\/main\/devotion-et-plaisirs' class='avia-button av-95wh3n-06a73b2d537a6decf252af2cb1f23b44 avia-icon_select-yes-left-icon avia-size-small avia-position-right' target=\"_blank\" rel=\"noopener noreferrer\"><span class='avia_button_icon avia_button_icon_left' aria-hidden='true' data-av_icon='\ue817' data-av_iconfont='entypo-fontello'><\/span><span class='avia_iconbox_title' >Buy Tickets<\/span><\/a><\/div><br \/>\n\n<style type=\"text\/css\" data-created_by=\"avia_inline_auto\" id=\"style-css-av-k4ab3w26-f762bc5b12098b3071db3143039dd527\">\n#top .av_textblock_section.av-k4ab3w26-f762bc5b12098b3071db3143039dd527 .avia_textblock{\ncolor:#000000;\n}\n<\/style>\n<section  class='av_textblock_section av-k4ab3w26-f762bc5b12098b3071db3143039dd527'  itemscope=\"itemscope\" itemtype=\"https:\/\/schema.org\/CreativeWork\" ><div class='avia_textblock av_inherit_color'  itemprop=\"text\" ><p><strong><br \/>\nSunday, February 2nd\u00a02020,\u00a03 p. m.<br \/>\n<\/strong>Church of Saint-Pierre-Ap\u00f4tre<br \/>\n<span class=\"LrzXr\">1201 rue de la Visitation,\u00a0Montreal<br \/>\n<\/span>Beaudry\u00a0Station<\/p>\n<\/div><\/section><br \/>\n\n<style type=\"text\/css\" data-created_by=\"avia_inline_auto\" id=\"style-css-av-av_heading-2f29cc415d14f7dbabc99453f2aff0a9\">\n#top .av-special-heading.av-av_heading-2f29cc415d14f7dbabc99453f2aff0a9{\npadding-bottom:15px;\n}\nbody .av-special-heading.av-av_heading-2f29cc415d14f7dbabc99453f2aff0a9 .av-special-heading-tag .heading-char{\nfont-size:25px;\n}\n.av-special-heading.av-av_heading-2f29cc415d14f7dbabc99453f2aff0a9 .av-subheading{\nfont-size:10px;\n}\n<\/style>\n<div  class='av-special-heading av-av_heading-2f29cc415d14f7dbabc99453f2aff0a9 av-special-heading-h3 meta-heading  avia-builder-el-6  el_after_av_textblock  el_before_av_textblock '><h3 class='av-special-heading-tag'  itemprop=\"headline\"  >SUMMARY<\/h3><div class=\"special-heading-border\"><div class=\"special-heading-inner-border\"><\/div><\/div><\/div><br \/>\n\n<style type=\"text\/css\" data-created_by=\"avia_inline_auto\" id=\"style-css-av-k4ab62n5-e483039b43940e5454e4c12759912aeb\">\n#top .av_textblock_section.av-k4ab62n5-e483039b43940e5454e4c12759912aeb .avia_textblock{\ncolor:#000000;\n}\n<\/style>\n<section  class='av_textblock_section av-k4ab62n5-e483039b43940e5454e4c12759912aeb'  itemscope=\"itemscope\" itemtype=\"https:\/\/schema.org\/CreativeWork\" ><div class='avia_textblock av_inherit_color'  itemprop=\"text\" ><p><span style=\"color: #333333;\"><span lang=\"EN-US\" style=\"font-family: Arial, sans-serif;\">In a way that may seem astonishing to us today, intense devotion in ancient times could exist alongside\u2014or even serve to make amends for\u2014the most unbridled behaviour\u2026 Particularly during the Renaissance, composers were equally successful at musically illustrating both\u00a0<\/span><span lang=\"EN-US\" style=\"font-family: Arial, sans-serif;\">the glorification of God and the wide array of human activities. After the great success of our concert celebrating the Court of Burgundy, this program features motets and (very) profane songs by early 16<sup>th<\/sup>\u00a0century Franco-Flemish masters. The first raise<span class=\"m5305359937759403420gmail-apple-converted-space\">\u00a0<\/span>the soul to heaven, while\u00a0<\/span><span lang=\"EN-US\" style=\"font-family: Arial, sans-serif;\">the second sing of love in all its forms, the pleasures of wine, hunting, and feasting in a way that Fran\u00e7ois Rabelais, in the same era, would not have disavowed.<\/span><\/span><\/p>\n<p><span style=\"color: #000000;\">Listen the pre-concert conversation (Rebecca Bain and Jean-Francois Daignault)<\/span><\/p>\n<p><iframe loading=\"lazy\" src=\"https:\/\/www.youtube.com\/embed\/_g9NzP8msoU\" width=\"560\" height=\"315\" frameborder=\"0\" allowfullscreen=\"allowfullscreen\"><\/iframe><\/p>\n<div class=\"av-special-heading av-special-heading-h3 meta-heading avia-builder-el-8 el_after_av_textblock el_before_av_textblock \"><\/div>\n<div class=\"av-special-heading av-special-heading-h3 meta-heading avia-builder-el-8 el_after_av_textblock el_before_av_textblock \"><\/div>\n<\/div><\/section><br \/>\n\n<style type=\"text\/css\" data-created_by=\"avia_inline_auto\" id=\"style-css-av-av_heading-7d08f3021f457f0f8bb95cee8276bb37\">\n#top .av-special-heading.av-av_heading-7d08f3021f457f0f8bb95cee8276bb37{\npadding-bottom:15px;\n}\nbody .av-special-heading.av-av_heading-7d08f3021f457f0f8bb95cee8276bb37 .av-special-heading-tag .heading-char{\nfont-size:25px;\n}\n.av-special-heading.av-av_heading-7d08f3021f457f0f8bb95cee8276bb37 .av-subheading{\nfont-size:10px;\n}\n<\/style>\n<div  class='av-special-heading av-av_heading-7d08f3021f457f0f8bb95cee8276bb37 av-special-heading-h3 meta-heading  avia-builder-el-8  el_after_av_textblock  el_before_av_textblock '><h3 class='av-special-heading-tag'  itemprop=\"headline\"  >PROGRAM<\/h3><div class=\"special-heading-border\"><div class=\"special-heading-inner-border\"><\/div><\/div><\/div><br \/>\n\n<style type=\"text\/css\" data-created_by=\"avia_inline_auto\" id=\"style-css-av-k4abfa2g-5824557905315c94713351b9320fbdf4\">\n#top .av_textblock_section.av-k4abfa2g-5824557905315c94713351b9320fbdf4 .avia_textblock{\ncolor:#000000;\n}\n<\/style>\n<section  class='av_textblock_section av-k4abfa2g-5824557905315c94713351b9320fbdf4'  itemscope=\"itemscope\" itemtype=\"https:\/\/schema.org\/CreativeWork\" ><div class='avia_textblock av_inherit_color'  itemprop=\"text\" ><p><strong>Loyset Comp\u00e8re<\/strong> (v.1445-1518)<br \/>\nChanson <em>Nous sommes de l\u2019ordre de saint Babouyn<\/em> \u00e0 4 voix [avec luth] (1500)<\/p>\n<p><strong>Nicolas Gombert<\/strong> (v.1495-1556)<br \/>\nChanson <em>La Chasse du li\u00e8vre<\/em> \u00e0 4 voix (in <em>Le dixi\u00e8me livre de chansons<\/em>, Anvers, 1545)<\/p>\n<p><strong>Jacob Clemens non Papa<\/strong> (v.1510-1555)<br \/>\nChanson <em>Frisque et gaillard<\/em> \u00e0 4 voix (in <em>Le huiti\u00e8me livre des chansons<\/em>, Anvers, 1545)<\/p>\n<p><strong>Josquin des Pr\u00e9s<\/strong> (v.1450-1521)<br \/>\nChanson <em>Baisez-moi<\/em> \u00e0 6 voix (in <em>Septi\u00e8me livre de chansons \u00e0 5 et 6 parties<\/em>, Anvers, 1545)<\/p>\n<p><strong>Jacob Obrecht<\/strong> (v.1457-1505)<br \/>\nChanson <em>T\u2019meiskin was jonck<\/em> \u00e0 4 voix (s.d.)<\/p>\n<p><strong>Guillaume Dufay<\/strong> (v.1400-1474)<br \/>\nChanson <em>Adieu ces bons vins de Lannoys<\/em> \u00e0 3 voix (1426)<\/p>\n<p><strong>Alexander Agricola<\/strong> (v. 1445-1506)<br \/>\nMotet <em>Ave Maris Stella<\/em> \u00e0 4 voix [et instruments] (s.d.)<\/p>\n<p><strong>Anonyme <\/strong>(XV<sup>e<\/sup> si\u00e8cle)<br \/>\nChanson <em>Tandernaken op den rijn<\/em> pour voix et luth (s.d.)<\/p>\n<p><strong>Pierre de La rue<\/strong> (1452-1518)<br \/>\n<em>Missa Tandernaken<\/em> \u00e0 4 voix (manus., v.1521-1525)<br \/>\nKyrie<br \/>\nGloria<\/p>\n<p><strong>Jacob Obrecht<br \/>\n<\/strong><em>Tandernaken <\/em>\u00e0 3 voix, pour fl\u00fbte \u00e0 bec et deux luths (s.d.)<br \/>\nCredo<\/p>\n<p><strong>Henry VIII<\/strong> (1491-1547)<br \/>\n<em>Tandernaken <\/em>\u00e0 3 voix, pour fl\u00fbte \u00e0 bec et deux luths (s.d.)<br \/>\nSanctus &#038; Benedictus<\/p>\n<p><strong>Alexander Agricola<br \/>\n<\/strong><em>Tandernaken <\/em>\u00e0 3 voix, pour fl\u00fbte \u00e0 bec et deux luths (s.d.)<br \/>\nAgnus Dei<\/p>\n<\/div><\/section><br \/>\n\n<style type=\"text\/css\" data-created_by=\"avia_inline_auto\" id=\"style-css-av-av_heading-8182d93e0321a4556f60c24594f3135e\">\n#top .av-special-heading.av-av_heading-8182d93e0321a4556f60c24594f3135e{\npadding-bottom:15px;\n}\nbody .av-special-heading.av-av_heading-8182d93e0321a4556f60c24594f3135e .av-special-heading-tag .heading-char{\nfont-size:25px;\n}\n.av-special-heading.av-av_heading-8182d93e0321a4556f60c24594f3135e .av-subheading{\nfont-size:10px;\n}\n<\/style>\n<div  class='av-special-heading av-av_heading-8182d93e0321a4556f60c24594f3135e av-special-heading-h3 meta-heading  avia-builder-el-10  el_after_av_textblock  el_before_av_textblock '><h3 class='av-special-heading-tag'  itemprop=\"headline\"  >DISTRIBUTION<\/h3><div class=\"special-heading-border\"><div class=\"special-heading-inner-border\"><\/div><\/div><\/div><br \/>\n\n<style type=\"text\/css\" data-created_by=\"avia_inline_auto\" id=\"style-css-av-24bqub-003d7f6a78190b39284156b74f7f025b\">\n#top .av_textblock_section.av-24bqub-003d7f6a78190b39284156b74f7f025b .avia_textblock{\ncolor:#000000;\n}\n<\/style>\n<section  class='av_textblock_section av-24bqub-003d7f6a78190b39284156b74f7f025b'  itemscope=\"itemscope\" itemtype=\"https:\/\/schema.org\/CreativeWork\" ><div class='avia_textblock av_inherit_color'  itemprop=\"text\" ><p><strong>Choir and instruments\u00a0<\/strong><\/p>\n<p><strong>Andrew McAnerney<\/strong>, direction<\/p>\n<\/div><\/section><\/p><\/div>\n","protected":false},"excerpt":{"rendered":"","protected":false},"author":2,"featured_media":0,"parent":0,"menu_order":0,"comment_status":"closed","ping_status":"closed","template":"","meta":{"episode_type":"","audio_file":"","cover_image":"","cover_image_id":"","duration":"","filesize":"","date_recorded":"","explicit":"","block":"","filesize_raw":""},"yst_prominent_words":[],"_links":{"self":[{"href":"https:\/\/smamontreal.ca\/en\/wp-json\/wp\/v2\/pages\/8819"}],"collection":[{"href":"https:\/\/smamontreal.ca\/en\/wp-json\/wp\/v2\/pages"}],"about":[{"href":"https:\/\/smamontreal.ca\/en\/wp-json\/wp\/v2\/types\/page"}],"author":[{"embeddable":true,"href":"https:\/\/smamontreal.ca\/en\/wp-json\/wp\/v2\/users\/2"}],"replies":[{"embeddable":true,"href":"https:\/\/smamontreal.ca\/en\/wp-json\/wp\/v2\/comments?post=8819"}],"version-history":[{"count":8,"href":"https:\/\/smamontreal.ca\/en\/wp-json\/wp\/v2\/pages\/8819\/revisions"}],"predecessor-version":[{"id":9280,"href":"https:\/\/smamontreal.ca\/en\/wp-json\/wp\/v2\/pages\/8819\/revisions\/9280"}],"wp:attachment":[{"href":"https:\/\/smamontreal.ca\/en\/wp-json\/wp\/v2\/media?parent=8819"}],"wp:term":[{"taxonomy":"yst_prominent_words","embeddable":true,"href":"https:\/\/smamontreal.ca\/en\/wp-json\/wp\/v2\/yst_prominent_words?post=8819"}],"curies":[{"name":"wp","href":"https:\/\/api.w.org\/{rel}","templated":true}]}}