{"id":8835,"date":"2019-04-26T18:30:26","date_gmt":"2019-04-26T22:30:26","guid":{"rendered":"http:\/\/smamontreal.ca\/en\/?page_id=8835"},"modified":"2019-12-03T16:43:26","modified_gmt":"2019-12-03T21:43:26","slug":"01-premier-baroque-aux-lumieres","status":"publish","type":"page","link":"https:\/\/smamontreal.ca\/en\/01-premier-baroque-aux-lumieres\/","title":{"rendered":"01. Du premier baroque aux lumi\u00e8res"},"content":{"rendered":"<div class='flex_column av-av_one_half-2a9015ff38129c418a3f2eafba3e9512 av_one_half  avia-builder-el-0  el_before_av_one_half  avia-builder-el-first  first flex_column_div '     ><p><div  class='avia-slideshow av-av_slideshow-4f7b2b5f417e5e1a781935034c419496 avia-slideshow-no scaling av_slideshow avia-slide-slider  avia-builder-el-1  el_before_av_social_share  avia-builder-el-first  av-slideshow-ui av-slideshow-autoplay av-loop-endless av-loop-manual-endless av-default-height-applied avia-slideshow-1' data-slideshow-options=\"{&quot;animation&quot;:&quot;slide&quot;,&quot;autoplay&quot;:true,&quot;loop_autoplay&quot;:&quot;endless&quot;,&quot;interval&quot;:5,&quot;loop_manual&quot;:&quot;manual-endless&quot;,&quot;autoplay_stopper&quot;:false,&quot;noNavigation&quot;:false,&quot;bg_slider&quot;:false,&quot;keep_padding&quot;:false,&quot;hoverpause&quot;:false,&quot;show_slide_delay&quot;:0}\"  itemprop=\"image\" itemscope=\"itemscope\" itemtype=\"https:\/\/schema.org\/ImageObject\" ><ul class='avia-slideshow-inner ' style='padding-bottom: 111.92170818505%;'><li  class='avia-slideshow-slide av-av_slideshow-4f7b2b5f417e5e1a781935034c419496__0  av-single-slide slide-1 slide-odd'><div data-rel='slideshow-1' class='avia-slide-wrap '   ><img class=\"wp-image-8836 avia-img-lazy-loading-not-8836\"  src=\"https:\/\/smamontreal.ca\/wp-content\/uploads\/2019\/04\/SMAM_19-20_pageweb__01concertintime_ENG.jpg\" width=\"562\" height=\"629\" title='SMAM_19-20_pageweb__01concertintime_ENG' alt=''  itemprop=\"thumbnailUrl\" srcset=\"https:\/\/smamontreal.ca\/wp-content\/uploads\/2019\/04\/SMAM_19-20_pageweb__01concertintime_ENG.jpg 562w, https:\/\/smamontreal.ca\/wp-content\/uploads\/2019\/04\/SMAM_19-20_pageweb__01concertintime_ENG-450x504.jpg 450w, https:\/\/smamontreal.ca\/wp-content\/uploads\/2019\/04\/SMAM_19-20_pageweb__01concertintime_ENG-268x300.jpg 268w\" sizes=\"(max-width: 562px) 100vw, 562px\" \/><\/div><\/li><\/ul><\/div><br \/>\n<div  class='av-social-sharing-box av-av_social_share-9ed909ffdf2430149fe6516cd6dd9bb1 av-social-sharing-box-minimal  avia-builder-el-2  el_after_av_slideshow  avia-builder-el-last  av-social-sharing-box-fullwidth'><div class=\"av-share-box\"><h5 class='av-share-link-description av-no-toc '>Partager cet article<\/h5><ul class=\"av-share-box-list noLightbox\"><li class='av-share-link av-social-link-facebook' ><a target=\"_blank\" aria-label=\"Share on Facebook\" href='https:\/\/www.facebook.com\/sharer.php?u=https:\/\/smamontreal.ca\/en\/01-premier-baroque-aux-lumieres\/&#038;t=01.%20Du%20premier%20baroque%20aux%20lumi%C3%A8res' aria-hidden='false' data-av_icon='\ue8f3' data-av_iconfont='entypo-fontello' title='' data-avia-related-tooltip='Share on Facebook' rel=\"noopener\"><span class='avia_hidden_link_text'>Share on Facebook<\/span><\/a><\/li><li class='av-share-link av-social-link-twitter' ><a target=\"_blank\" aria-label=\"Share on Twitter\" href='https:\/\/twitter.com\/share?text=01.%20Du%20premier%20baroque%20aux%20lumi%C3%A8res&#038;url=https:\/\/smamontreal.ca\/en\/?p=8835' aria-hidden='false' data-av_icon='\ue8f1' data-av_iconfont='entypo-fontello' title='' data-avia-related-tooltip='Share on Twitter' rel=\"noopener\"><span class='avia_hidden_link_text'>Share on Twitter<\/span><\/a><\/li><li class='av-share-link av-social-link-mail' ><a  aria-label=\"Share by Mail\" href='mailto:?subject=01.%20Du%20premier%20baroque%20aux%20lumi%C3%A8res&#038;body=https:\/\/smamontreal.ca\/en\/01-premier-baroque-aux-lumieres\/' aria-hidden='false' data-av_icon='\ue805' data-av_iconfont='entypo-fontello' title='' data-avia-related-tooltip='Share by Mail'><span class='avia_hidden_link_text'>Share by Mail<\/span><\/a><\/li><\/ul><\/div><\/div><\/p><\/div>\n\n<style type=\"text\/css\" data-created_by=\"avia_inline_auto\" id=\"style-css-av-av_one_half-2a64de42b738552fe666ca889af77e28\">\n.flex_column.av-av_one_half-2a64de42b738552fe666ca889af77e28{\n-webkit-border-radius:0px 0px 0px 0px;\n-moz-border-radius:0px 0px 0px 0px;\nborder-radius:0px 0px 0px 0px;\n}\n<\/style>\n<div class='flex_column av-av_one_half-2a64de42b738552fe666ca889af77e28 av_one_half  avia-builder-el-3  el_after_av_one_half  avia-builder-el-last  flex_column_div av-zero-column-padding '     ><p><div  class='avia-button-wrap av-av_button-e63f35d988795b7a6d755938a34f8d48-wrap avia-button-right  avia-builder-el-4  el_before_av_textblock  avia-builder-el-first ' >\n<style type=\"text\/css\" data-created_by=\"avia_inline_auto\" id=\"style-css-av-av_button-e63f35d988795b7a6d755938a34f8d48\">\n#top #wrap_all .avia-button.av-av_button-e63f35d988795b7a6d755938a34f8d48{\nbackground-color:#e6007e;\nborder-color:#e6007e;\ncolor:#ffffff;\n-webkit-transition:all 0.4s ease-in-out;\n-moz-transition:all 0.4s ease-in-out;\n-ms-transition:all 0.4s ease-in-out;\n-o-transition:all 0.4s ease-in-out;\ntransition:all 0.4s ease-in-out;\n}\n<\/style>\n<a href='https:\/\/smamontreal.tuxedobillet.com\/main\/du-premier-baroque-aux-lumieres '  class='avia-button av-av_button-e63f35d988795b7a6d755938a34f8d48 avia-icon_select-yes-left-icon avia-size-small avia-position-right' ><span class='avia_button_icon avia_button_icon_left' aria-hidden='true' data-av_icon='\ue817' data-av_iconfont='entypo-fontello'><\/span><span class='avia_iconbox_title' >Buy Tickets<\/span><\/a><\/div><br \/>\n\n<style type=\"text\/css\" data-created_by=\"avia_inline_auto\" id=\"style-css-av-av_textblock-8e5bdedebac81bcd937ed355ccd26d60\">\n#top .av_textblock_section.av-av_textblock-8e5bdedebac81bcd937ed355ccd26d60 .avia_textblock{\ncolor:#000000;\n}\n<\/style>\n<section  class='av_textblock_section av-av_textblock-8e5bdedebac81bcd937ed355ccd26d60'  itemscope=\"itemscope\" itemtype=\"https:\/\/schema.org\/CreativeWork\" ><div class='avia_textblock av_inherit_color'  itemprop=\"text\" ><p><strong><br \/>\nWednesday,\u00a0December\u00a011th 2019,\u00a07:30 p. m.<br \/>\n<\/strong>Bon Pasteur Historical Chapel<br \/>\n100 Sherbrooke Est, Montreal<br \/>\nSherbrooke Metro<\/p>\n<p>Admission to the chapel for Prestige subscribers: as of 6:30 pm<br \/>\nGeneral admission: 7:00 pm<\/p>\n<\/div><\/section><br \/>\n\n<style type=\"text\/css\" data-created_by=\"avia_inline_auto\" id=\"style-css-av-av_heading-a19ef1970cf9f53f9530a5e8b29e9bf9\">\n#top .av-special-heading.av-av_heading-a19ef1970cf9f53f9530a5e8b29e9bf9{\npadding-bottom:15px;\n}\nbody .av-special-heading.av-av_heading-a19ef1970cf9f53f9530a5e8b29e9bf9 .av-special-heading-tag .heading-char{\nfont-size:25px;\n}\n.av-special-heading.av-av_heading-a19ef1970cf9f53f9530a5e8b29e9bf9 .av-subheading{\nfont-size:10px;\n}\n<\/style>\n<div  class='av-special-heading av-av_heading-a19ef1970cf9f53f9530a5e8b29e9bf9 av-special-heading-h3 meta-heading  avia-builder-el-6  el_after_av_textblock  el_before_av_textblock '><h3 class='av-special-heading-tag'  itemprop=\"headline\"  >SUMMARY<\/h3><div class=\"special-heading-border\"><div class=\"special-heading-inner-border\"><\/div><\/div><\/div><br \/>\n\n<style type=\"text\/css\" data-created_by=\"avia_inline_auto\" id=\"style-css-av-av_textblock-8e5bdedebac81bcd937ed355ccd26d60\">\n#top .av_textblock_section.av-av_textblock-8e5bdedebac81bcd937ed355ccd26d60 .avia_textblock{\ncolor:#000000;\n}\n<\/style>\n<section  class='av_textblock_section av-av_textblock-8e5bdedebac81bcd937ed355ccd26d60'  itemscope=\"itemscope\" itemtype=\"https:\/\/schema.org\/CreativeWork\" ><div class='avia_textblock av_inherit_color'  itemprop=\"text\" ><p>A concert of arias with harp accompaniment, covering two eras. You will first be whisked off to a 17<sup>th<\/sup>\u00a0century Roman\u00a0<em>palazzo<\/em>,\u00a0before making your way to Versailles in the days of Marie-Antoinette. In a performance of rousing Italian monodies and sensitive French arias, including a few by Mozart, voice will be paired with a triple baroque harp and an authentic single movement pedal harp from 1795.<\/p>\n<div class=\"av-special-heading av-special-heading-h3 meta-heading avia-builder-el-8 el_after_av_textblock el_before_av_textblock \"><\/div>\n<\/div><\/section><br \/>\n\n<style type=\"text\/css\" data-created_by=\"avia_inline_auto\" id=\"style-css-av-av_heading-02266c8b6df876f8bfcb9331f59b6ad4\">\n#top .av-special-heading.av-av_heading-02266c8b6df876f8bfcb9331f59b6ad4{\npadding-bottom:15px;\n}\nbody .av-special-heading.av-av_heading-02266c8b6df876f8bfcb9331f59b6ad4 .av-special-heading-tag .heading-char{\nfont-size:25px;\n}\n.av-special-heading.av-av_heading-02266c8b6df876f8bfcb9331f59b6ad4 .av-subheading{\nfont-size:10px;\n}\n<\/style>\n<div  class='av-special-heading av-av_heading-02266c8b6df876f8bfcb9331f59b6ad4 av-special-heading-h3 meta-heading  avia-builder-el-8  el_after_av_textblock  el_before_av_textblock '><h3 class='av-special-heading-tag'  itemprop=\"headline\"  >PROGRAM<\/h3><div class=\"special-heading-border\"><div class=\"special-heading-inner-border\"><\/div><\/div><\/div><br \/>\n\n<style type=\"text\/css\" data-created_by=\"avia_inline_auto\" id=\"style-css-av-av_textblock-8e5bdedebac81bcd937ed355ccd26d60\">\n#top .av_textblock_section.av-av_textblock-8e5bdedebac81bcd937ed355ccd26d60 .avia_textblock{\ncolor:#000000;\n}\n<\/style>\n<section  class='av_textblock_section av-av_textblock-8e5bdedebac81bcd937ed355ccd26d60'  itemscope=\"itemscope\" itemtype=\"https:\/\/schema.org\/CreativeWork\" ><div class='avia_textblock av_inherit_color'  itemprop=\"text\" ><p><strong>Barbara Strozzi\u00a0<\/strong>(1619-1677 )<strong><br \/>\n<\/strong><em>L\u2019Amante segreto<\/em><\/p>\n<p><strong>Barbara Strozzi\u00a0<\/strong>(1619-1677 )\u00a0<strong><br \/>\n<\/strong><em>Tradimento<\/em><\/p>\n<p><strong>Luzzasco Luzzaschi\u00a0<\/strong>(1547-1605)<strong><br \/>\n<\/strong><em>Aura soave<\/em><\/p>\n<p><strong>Giovanni Maria Trabaci\u00a0(<\/strong>1575-1647)<strong><br \/>\n<\/strong><em>Toccata seconda e ligature per l&#8217;Arpa<\/em><\/p>\n<p><strong>Tarquinio Merula\u00a0<\/strong>(1595-1665)<strong><br \/>\n<\/strong><em>Canzonetta spirituale sopra alla Nanna<\/em><\/p>\n<p><strong>Laurent\u00a0<\/strong>(Seconde\u00a0moiti\u00e9 XVIIIe si\u00e8cle- Premi\u00e8re\u00a0moiti\u00e9 XVIIIIe si\u00e8cle)<strong><br \/>\n<\/strong>Sonate pour harpe no 28<\/p>\n<p><strong>Wofgang Amadeus Mozart<\/strong>\u00a0(1756-1791)\u00a0<strong><br \/>\n<\/strong><em>Oiseaux si tous les ans<\/em><\/p>\n<p><strong>Attribu\u00e9 \u00e0 Marie-Antoinette d&#8217;Autrice, Reine de France<\/strong>\u00a0(1755-1793)<strong><br \/>\n<\/strong><em>C\u2019est mon ami<\/em><\/p>\n<p><strong>Gaspard de Prony\u00a0<\/strong>(1755-1839)<strong><br \/>\n<\/strong><em>Hymne \u00e0 l\u2019amiti\u00e9\u00a0<\/em><\/p>\n<p><strong>Princesse de Lamballe\u00a0<\/strong>(1749-1792)\u00a0<strong><br \/>\n<\/strong><em>Bouton de rose<\/em><\/p>\n<p><strong>Nicolas Piccini\u00a0<\/strong>(1728-1800)<strong><br \/>\n<\/strong><em>Air de Sangaride<\/em>, tir\u00e9 de l\u2019op\u00e9ra\u00a0<em>Atys<\/em><\/p>\n<p><strong>Jean Paul \u00c9gide Martini\u00a0<\/strong>(1741\u20131816)<br \/>\n<em>Plaisir d\u2019amour<\/em><\/p>\n<\/div><\/section><br \/>\n\n<style type=\"text\/css\" data-created_by=\"avia_inline_auto\" id=\"style-css-av-av_heading-32a602425022a20487dfd2ee33644141\">\n#top .av-special-heading.av-av_heading-32a602425022a20487dfd2ee33644141{\npadding-bottom:15px;\n}\nbody .av-special-heading.av-av_heading-32a602425022a20487dfd2ee33644141 .av-special-heading-tag .heading-char{\nfont-size:25px;\n}\n.av-special-heading.av-av_heading-32a602425022a20487dfd2ee33644141 .av-subheading{\nfont-size:10px;\n}\n<\/style>\n<div  class='av-special-heading av-av_heading-32a602425022a20487dfd2ee33644141 av-special-heading-h3 meta-heading  avia-builder-el-10  el_after_av_textblock  el_before_av_textblock '><h3 class='av-special-heading-tag'  itemprop=\"headline\"  >DISTRIBUTION<\/h3><div class=\"special-heading-border\"><div class=\"special-heading-inner-border\"><\/div><\/div><\/div><br \/>\n\n<style type=\"text\/css\" data-created_by=\"avia_inline_auto\" id=\"style-css-av-av_textblock-8e5bdedebac81bcd937ed355ccd26d60\">\n#top .av_textblock_section.av-av_textblock-8e5bdedebac81bcd937ed355ccd26d60 .avia_textblock{\ncolor:#000000;\n}\n<\/style>\n<section  class='av_textblock_section av-av_textblock-8e5bdedebac81bcd937ed355ccd26d60'  itemscope=\"itemscope\" itemtype=\"https:\/\/schema.org\/CreativeWork\" ><div class='avia_textblock av_inherit_color'  itemprop=\"text\" ><p><strong>Andr\u00e9anne Brisson Paquin<\/strong>, soprano<br \/>\n<strong>Antoine Malette-Ch\u00e9nier<\/strong>, early harps<\/p>\n<\/div><\/section><\/p><\/div>\n","protected":false},"excerpt":{"rendered":"","protected":false},"author":2,"featured_media":0,"parent":0,"menu_order":0,"comment_status":"closed","ping_status":"closed","template":"","meta":{"episode_type":"","audio_file":"","cover_image":"","cover_image_id":"","duration":"","filesize":"","date_recorded":"","explicit":"","block":"","filesize_raw":""},"yst_prominent_words":[],"_links":{"self":[{"href":"https:\/\/smamontreal.ca\/en\/wp-json\/wp\/v2\/pages\/8835"}],"collection":[{"href":"https:\/\/smamontreal.ca\/en\/wp-json\/wp\/v2\/pages"}],"about":[{"href":"https:\/\/smamontreal.ca\/en\/wp-json\/wp\/v2\/types\/page"}],"author":[{"embeddable":true,"href":"https:\/\/smamontreal.ca\/en\/wp-json\/wp\/v2\/users\/2"}],"replies":[{"embeddable":true,"href":"https:\/\/smamontreal.ca\/en\/wp-json\/wp\/v2\/comments?post=8835"}],"version-history":[{"count":4,"href":"https:\/\/smamontreal.ca\/en\/wp-json\/wp\/v2\/pages\/8835\/revisions"}],"predecessor-version":[{"id":9117,"href":"https:\/\/smamontreal.ca\/en\/wp-json\/wp\/v2\/pages\/8835\/revisions\/9117"}],"wp:attachment":[{"href":"https:\/\/smamontreal.ca\/en\/wp-json\/wp\/v2\/media?parent=8835"}],"wp:term":[{"taxonomy":"yst_prominent_words","embeddable":true,"href":"https:\/\/smamontreal.ca\/en\/wp-json\/wp\/v2\/yst_prominent_words?post=8835"}],"curies":[{"name":"wp","href":"https:\/\/api.w.org\/{rel}","templated":true}]}}