{"id":9816,"date":"2020-10-28T16:24:59","date_gmt":"2020-10-28T20:24:59","guid":{"rendered":"https:\/\/smamontreal.ca\/?page_id=9816"},"modified":"2021-03-29T22:15:39","modified_gmt":"2021-03-30T02:15:39","slug":"perfectionpolyphonique","status":"publish","type":"page","link":"https:\/\/smamontreal.ca\/en\/perfectionpolyphonique\/","title":{"rendered":"Perfection polyphonique"},"content":{"rendered":"<div class='flex_column av-all4nu-74c86ad91a03fcf797423aef5f2b1566 av_one_half  avia-builder-el-0  el_before_av_one_half  avia-builder-el-first  first flex_column_div '     ><p><div  class='avia-slideshow av-9g3fii-761992d47572a986799244a27d643d46 avia-slideshow-no scaling av_slideshow avia-slide-slider  avia-builder-el-1  el_before_av_social_share  avia-builder-el-first  av-slideshow-ui av-control-default av-slideshow-autoplay av-loop-endless av-loop-manual-endless av-default-height-applied avia-slideshow-1' data-slideshow-options=\"{&quot;animation&quot;:&quot;slide&quot;,&quot;autoplay&quot;:true,&quot;loop_autoplay&quot;:&quot;endless&quot;,&quot;interval&quot;:5,&quot;loop_manual&quot;:&quot;manual-endless&quot;,&quot;autoplay_stopper&quot;:false,&quot;noNavigation&quot;:false,&quot;bg_slider&quot;:false,&quot;keep_padding&quot;:false,&quot;hoverpause&quot;:false,&quot;show_slide_delay&quot;:0}\"  itemprop=\"image\" itemscope=\"itemscope\" itemtype=\"https:\/\/schema.org\/ImageObject\" ><ul class='avia-slideshow-inner ' style='padding-bottom: 111.9%;'><li  class='avia-slideshow-slide av-9g3fii-761992d47572a986799244a27d643d46__0  av-single-slide slide-1 slide-odd'><div data-rel='slideshow-1' class='avia-slide-wrap '   ><img class=\"wp-image-9844 avia-img-lazy-loading-not-9844\"  src=\"https:\/\/smamontreal.ca\/wp-content\/uploads\/2020\/10\/affiche-PERFECTION-POLYPHONIQUE-EN-20-21-1.png\" width=\"1000\" height=\"1119\" title='affiche-PERFECTION-POLYPHONIQUE-EN-20-21' alt=''  itemprop=\"thumbnailUrl\" srcset=\"https:\/\/smamontreal.ca\/wp-content\/uploads\/2020\/10\/affiche-PERFECTION-POLYPHONIQUE-EN-20-21-1.png 1000w, https:\/\/smamontreal.ca\/wp-content\/uploads\/2020\/10\/affiche-PERFECTION-POLYPHONIQUE-EN-20-21-1-268x300.png 268w, https:\/\/smamontreal.ca\/wp-content\/uploads\/2020\/10\/affiche-PERFECTION-POLYPHONIQUE-EN-20-21-1-920x1030.png 920w, https:\/\/smamontreal.ca\/wp-content\/uploads\/2020\/10\/affiche-PERFECTION-POLYPHONIQUE-EN-20-21-1-768x859.png 768w, https:\/\/smamontreal.ca\/wp-content\/uploads\/2020\/10\/affiche-PERFECTION-POLYPHONIQUE-EN-20-21-1-630x705.png 630w, https:\/\/smamontreal.ca\/wp-content\/uploads\/2020\/10\/affiche-PERFECTION-POLYPHONIQUE-EN-20-21-1-450x504.png 450w\" sizes=\"(max-width: 1000px) 100vw, 1000px\" \/><\/div><\/li><\/ul><\/div><br \/>\n<div  class='av-social-sharing-box av-68meqi-8385262a60b315a88bf068f1946d4684 av-social-sharing-box-minimal  avia-builder-el-2  el_after_av_slideshow  avia-builder-el-last  av-social-sharing-box-fullwidth'><div class=\"av-share-box\"><ul class=\"av-share-box-list noLightbox\"><li class='av-share-link av-social-link-facebook' ><a target=\"_blank\" aria-label=\"Share on Facebook\" href='https:\/\/www.facebook.com\/sharer.php?u=https:\/\/smamontreal.ca\/en\/perfectionpolyphonique\/&#038;t=Perfection%20polyphonique' aria-hidden='false' data-av_icon='\ue8f3' data-av_iconfont='entypo-fontello' title='' data-avia-related-tooltip='Share on Facebook' rel=\"noopener\"><span class='avia_hidden_link_text'>Share on Facebook<\/span><\/a><\/li><li class='av-share-link av-social-link-twitter' ><a target=\"_blank\" aria-label=\"Share on Twitter\" href='https:\/\/twitter.com\/share?text=Perfection%20polyphonique&#038;url=https:\/\/smamontreal.ca\/en\/?p=9816' aria-hidden='false' data-av_icon='\ue8f1' data-av_iconfont='entypo-fontello' title='' data-avia-related-tooltip='Share on Twitter' rel=\"noopener\"><span class='avia_hidden_link_text'>Share on Twitter<\/span><\/a><\/li><li class='av-share-link av-social-link-mail' ><a  aria-label=\"Share by Mail\" href='mailto:?subject=Perfection%20polyphonique&#038;body=https:\/\/smamontreal.ca\/en\/perfectionpolyphonique\/' aria-hidden='false' data-av_icon='\ue805' data-av_iconfont='entypo-fontello' title='' data-avia-related-tooltip='Share by Mail'><span class='avia_hidden_link_text'>Share by Mail<\/span><\/a><\/li><\/ul><\/div><\/div><\/p><\/div>\n\n<style type=\"text\/css\" data-created_by=\"avia_inline_auto\" id=\"style-css-av-4xbqfu-957d91fccc011a04c479c01aa8ca2760\">\n.flex_column.av-4xbqfu-957d91fccc011a04c479c01aa8ca2760{\n-webkit-border-radius:0px 0px 0px 0px;\n-moz-border-radius:0px 0px 0px 0px;\nborder-radius:0px 0px 0px 0px;\n}\n<\/style>\n<div class='flex_column av-4xbqfu-957d91fccc011a04c479c01aa8ca2760 av_one_half  avia-builder-el-3  el_after_av_one_half  avia-builder-el-last  flex_column_div av-zero-column-padding '     ><p>\n<style type=\"text\/css\" data-created_by=\"avia_inline_auto\" id=\"style-css-av-kdv72q4t-ae3e5e09b4bb12df039abfe033e4141b\">\n#top .av_textblock_section.av-kdv72q4t-ae3e5e09b4bb12df039abfe033e4141b .avia_textblock{\ncolor:#000000;\n}\n<\/style>\n<section  class='av_textblock_section av-kdv72q4t-ae3e5e09b4bb12df039abfe033e4141b'  itemscope=\"itemscope\" itemtype=\"https:\/\/schema.org\/CreativeWork\" ><div class='avia_textblock av_inherit_color'  itemprop=\"text\" ><p><span style=\"color: #ffffff;\"><strong>&#8211;<\/strong><\/span><\/p>\n<p><strong>Sunday, March, 15th 2021 <span class=\"TextRun BCX0 SCXW200018026\" lang=\"EN-CA\" xml:lang=\"EN-CA\" data-contrast=\"none\"><span class=\"NormalTextRun BCX0 SCXW200018026\">\u2013 3 p.m.<\/span><\/span><span class=\"LineBreakBlob BlobObject DragDrop BCX0 SCXW200018026\"><span class=\"BCX0 SCXW200018026\">\u00a0<\/span><\/span><br \/>\n<span class=\"LineBreakBlob BlobObject DragDrop BCX0 SCXW262026687\"><span class=\"BCX0 SCXW262026687\"><b class=\"b4\">On Demand until<\/b><\/span><\/span> Sunday, March 21st, 2021 <span class=\"TextRun BCX0 SCXW200018026\" lang=\"EN-CA\" xml:lang=\"EN-CA\" data-contrast=\"none\"><span class=\"NormalTextRun BCX0 SCXW200018026\">\u2013 3 p.m.<\/span><\/span><span class=\"LineBreakBlob BlobObject DragDrop BCX0 SCXW200018026\"><span class=\"BCX0 SCXW200018026\">\u00a0<\/span><\/span><br \/>\n<\/strong><span class=\"TextRun BCX0 SCXW200018026\" lang=\"EN-CA\" xml:lang=\"EN-CA\" data-contrast=\"none\"><span class=\"NormalTextRun BCX0 SCXW200018026\">Chapelle<\/span><\/span><span class=\"TextRun BCX0 SCXW200018026\" lang=\"EN-CA\" xml:lang=\"EN-CA\" data-contrast=\"none\"><span class=\"NormalTextRun BCX0 SCXW200018026\">\u00a0<\/span><\/span><span class=\"TextRun BCX0 SCXW200018026\" lang=\"EN-CA\" xml:lang=\"EN-CA\" data-contrast=\"none\"><span class=\"SpellingError BCX0 SCXW200018026\">historique<\/span><\/span><span class=\"TextRun BCX0 SCXW200018026\" lang=\"EN-CA\" xml:lang=\"EN-CA\" data-contrast=\"none\"><span class=\"NormalTextRun BCX0 SCXW200018026\">\u00a0du Bon-Pasteur\u00a0\u00a0<\/span><\/span><br \/>\n<span class=\"TextRun BCX0 SCXW10563310\" lang=\"FR-CA\" xml:lang=\"FR-CA\" data-contrast=\"auto\"><span class=\"NormalTextRun BCX0 SCXW10563310\">100, Sherbrooke East, Montreal<\/span><\/span><br \/>\nSherbrooke Subway Station<\/p>\n<\/div><\/section><br \/>\n\n<style type=\"text\/css\" data-created_by=\"avia_inline_auto\" id=\"style-css-av-av_heading-492cc4092586eaa80a09ad4876611bd1\">\n#top .av-special-heading.av-av_heading-492cc4092586eaa80a09ad4876611bd1{\npadding-bottom:15px;\n}\nbody .av-special-heading.av-av_heading-492cc4092586eaa80a09ad4876611bd1 .av-special-heading-tag .heading-char{\nfont-size:25px;\n}\n.av-special-heading.av-av_heading-492cc4092586eaa80a09ad4876611bd1 .av-subheading{\nfont-size:10px;\n}\n<\/style>\n<div  class='av-special-heading av-av_heading-492cc4092586eaa80a09ad4876611bd1 av-special-heading-h3 meta-heading  avia-builder-el-5  el_after_av_textblock  el_before_av_textblock '><h3 class='av-special-heading-tag'  itemprop=\"headline\"  >SUMMARY<\/h3><div class=\"special-heading-border\"><div class=\"special-heading-inner-border\"><\/div><\/div><\/div><br \/>\n\n<style type=\"text\/css\" data-created_by=\"avia_inline_auto\" id=\"style-css-av-kdv6s4ke-c2a91250245ebf01307f7680a9011f35\">\n#top .av_textblock_section.av-kdv6s4ke-c2a91250245ebf01307f7680a9011f35 .avia_textblock{\ncolor:#000000;\n}\n<\/style>\n<section  class='av_textblock_section av-kdv6s4ke-c2a91250245ebf01307f7680a9011f35'  itemscope=\"itemscope\" itemtype=\"https:\/\/schema.org\/CreativeWork\" ><div class='avia_textblock av_inherit_color'  itemprop=\"text\" ><p class=\"m5305359937759403420gmail-p2\"><span lang=\"EN-US\">An assembly of voices remains the ideal way to audibly express the silent harmony of the celestial bodies or to musically illustrate the meaning of sacred texts, thereby enhancing their impact. Since the Middle Ages, the West has used choral writing to develop the most complex polyphonic techniques, opposing or associating sophisticated counterpoint with energetic homophonic chords. The effect of skillfully interwoven voices united through various shared melodic motifs, the opposition of sound masses and pitches, the interplay of dynamics and harmonic colours\u2026 over the centuries, every effort has been made to create a level of perfection that aims to touch both the heart and the spirit.<br \/>\n<\/span><\/p>\n<p><span lang=\"EN-US\" style=\"font-family: Arial, sans-serif; color: #808080;\"><br \/>\n<\/span><span lang=\"EN-US\">Listen the pre-concert conversation (Marie-Christine Trottier and Peter Schubert)<\/span><\/p>\n<p><iframe loading=\"lazy\" src=\"https:\/\/www.youtube.com\/embed\/LPdKSX9cuyo?rel=0&amp;showinfo=0\" width=\"560\" height=\"315\" frameborder=\"0\" allowfullscreen=\"allowfullscreen\" data-mce-fragment=\"1\"><\/iframe><\/p>\n<section class=\"av_textblock_section\">\n<div class=\"avia_textblock av_inherit_color\"><\/div>\n<\/section>\n<\/div><\/section><br \/>\n\n<style type=\"text\/css\" data-created_by=\"avia_inline_auto\" id=\"style-css-av-av_heading-351e8bf7d3e307d29854e7de8328ccc6\">\n#top .av-special-heading.av-av_heading-351e8bf7d3e307d29854e7de8328ccc6{\npadding-bottom:15px;\n}\nbody .av-special-heading.av-av_heading-351e8bf7d3e307d29854e7de8328ccc6 .av-special-heading-tag .heading-char{\nfont-size:25px;\n}\n.av-special-heading.av-av_heading-351e8bf7d3e307d29854e7de8328ccc6 .av-subheading{\nfont-size:10px;\n}\n<\/style>\n<div  class='av-special-heading av-av_heading-351e8bf7d3e307d29854e7de8328ccc6 av-special-heading-h3 meta-heading  avia-builder-el-7  el_after_av_textblock  el_before_av_textblock '><h3 class='av-special-heading-tag'  itemprop=\"headline\"  >PROGRAM<\/h3><div class=\"special-heading-border\"><div class=\"special-heading-inner-border\"><\/div><\/div><\/div><br \/>\n\n<style type=\"text\/css\" data-created_by=\"avia_inline_auto\" id=\"style-css-av-kdv6tatr-c6bf96f33a42fa6a22151db99b8fa95a\">\n#top .av_textblock_section.av-kdv6tatr-c6bf96f33a42fa6a22151db99b8fa95a .avia_textblock{\ncolor:#000000;\n}\n<\/style>\n<section  class='av_textblock_section av-kdv6tatr-c6bf96f33a42fa6a22151db99b8fa95a'  itemscope=\"itemscope\" itemtype=\"https:\/\/schema.org\/CreativeWork\" ><div class='avia_textblock av_inherit_color'  itemprop=\"text\" ><p><strong>Josquin des Pr\u00e9s<\/strong>\u00a0(v.1450-1520)<br \/>\nMotet\u00a0<em>Ave verum corpus<\/em>\u00a0\u00e0 5 voix (in\u00a0<em>Cantiones Triginta Selectissim\u00e6<\/em>, Nuremberg, 1568)<\/p>\n<p><strong>Pierre de Manchicourt<\/strong>\u00a0(1510-1564)<br \/>\nMotet\u00a0<em>Regina c\u00e6li l\u00e6tare<\/em>\u00a0\u00e0 6 voix (<em>Liber decima quartus XIX musicas cantiones<\/em>, Paris, 1539)<\/p>\n<p><strong>Giovanni Pierluigi da Palestrina<\/strong>\u00a0(1525-1594)<br \/>\nMotet\u00a0<em>Laudate Dominum omnes gentes<\/em>\u00a0\u00e0 8 voix en deux ch\u0153urs (<em>Motettorum liber secundus<\/em>, Venise, 1572)<\/p>\n<p><strong>Roland de Lassus<\/strong>\u00a0(1532-1594)<br \/>\nMotet\u00a0<em>Laudate Dominum omnes gentes<\/em>\u00a0\u00e0 12 voix (<em>Moduli 6, 7 &#038; 12 vocum<\/em>, Paris, 1573)<\/p>\n<p><strong>Tom\u00e1s Luis de Victoria<\/strong>\u00a0(1548-1611)<br \/>\nMotet\u00a0<em>Vidi Speciosam<\/em>\u00a0\u00e0 6 voix (<em>Motecta<\/em>, Venise, 1572)<\/p>\n<p><strong>Jacobus Handl-Gallus<\/strong>\u00a0(1550-1591)<br \/>\nMotet\u00a0<em>Pater Noster<\/em>\u00a0\u00e0 8 voix en deux ch\u0153urs [haut et bas] (<em>Opus musicum<\/em>, Prague, 1587)<\/p>\n<p><strong>Antonio Lotti<\/strong>\u00a0(1667-1740)<br \/>\n<em>Crucifixus<\/em>\u00a0\u00e0 8 voix en\u00a0<em>do<\/em>\u00a0mineur (manus., Dresde, 1717-1719)<\/p>\n<p><strong>Giovanni Pierluigi da Palestrina<br \/>\n<\/strong><em>Missa Laudate Dominum<\/em>\u00a0\u00e0 8 voix en deux ch\u0153urs (<em>Miss\u00e6 quatuor<\/em>, Venise, 1601)<br \/>\nKyrie<br \/>\nGloria<br \/>\nCredo<br \/>\nSanctus &#8211; Benedictus<br \/>\nAgnus Dei<\/p>\n<p><strong>Gustav Holst<\/strong>\u00a0(1874-1934)<br \/>\nMotet\u00a0<em>Nunc dimittis<\/em>\u00a0(Cantique de Sim\u00e9on) \u00e0 8 voix (1915)<\/p>\n<p><strong>James MacMillan<\/strong>\u00a0(1959-)<br \/>\n<em>A Child\u2019s Prayer<\/em>\u00a0pour deux sopranos et ch\u0153ur \u00e0 4 voix divis\u00e9es (1996)<\/p>\n<\/div><\/section><br \/>\n\n<style type=\"text\/css\" data-created_by=\"avia_inline_auto\" id=\"style-css-av-av_heading-8182d93e0321a4556f60c24594f3135e\">\n#top .av-special-heading.av-av_heading-8182d93e0321a4556f60c24594f3135e{\npadding-bottom:15px;\n}\nbody .av-special-heading.av-av_heading-8182d93e0321a4556f60c24594f3135e .av-special-heading-tag .heading-char{\nfont-size:25px;\n}\n.av-special-heading.av-av_heading-8182d93e0321a4556f60c24594f3135e .av-subheading{\nfont-size:10px;\n}\n<\/style>\n<div  class='av-special-heading av-av_heading-8182d93e0321a4556f60c24594f3135e av-special-heading-h3 meta-heading  avia-builder-el-9  el_after_av_textblock  el_before_av_textblock '><h3 class='av-special-heading-tag'  itemprop=\"headline\"  >DISTRIBUTION<\/h3><div class=\"special-heading-border\"><div class=\"special-heading-inner-border\"><\/div><\/div><\/div><br \/>\n\n<style type=\"text\/css\" data-created_by=\"avia_inline_auto\" id=\"style-css-av-kdv6w42d-59c4d3616ecac1f2eb22091be9bd520a\">\n#top .av_textblock_section.av-kdv6w42d-59c4d3616ecac1f2eb22091be9bd520a .avia_textblock{\ncolor:#000000;\n}\n<\/style>\n<section  class='av_textblock_section av-kdv6w42d-59c4d3616ecac1f2eb22091be9bd520a'  itemscope=\"itemscope\" itemtype=\"https:\/\/schema.org\/CreativeWork\" ><div class='avia_textblock av_inherit_color'  itemprop=\"text\" ><p><em>A cappella<\/em> choir<\/p>\n<p><strong>Andrew McAnerney<\/strong>, direction<\/p>\n<\/div><\/section><\/p><\/div>\n","protected":false},"excerpt":{"rendered":"","protected":false},"author":2,"featured_media":0,"parent":0,"menu_order":0,"comment_status":"closed","ping_status":"closed","template":"","meta":{"episode_type":"","audio_file":"","cover_image":"","cover_image_id":"","duration":"","filesize":"","date_recorded":"","explicit":"","block":"","filesize_raw":""},"yst_prominent_words":[],"_links":{"self":[{"href":"https:\/\/smamontreal.ca\/en\/wp-json\/wp\/v2\/pages\/9816"}],"collection":[{"href":"https:\/\/smamontreal.ca\/en\/wp-json\/wp\/v2\/pages"}],"about":[{"href":"https:\/\/smamontreal.ca\/en\/wp-json\/wp\/v2\/types\/page"}],"author":[{"embeddable":true,"href":"https:\/\/smamontreal.ca\/en\/wp-json\/wp\/v2\/users\/2"}],"replies":[{"embeddable":true,"href":"https:\/\/smamontreal.ca\/en\/wp-json\/wp\/v2\/comments?post=9816"}],"version-history":[{"count":16,"href":"https:\/\/smamontreal.ca\/en\/wp-json\/wp\/v2\/pages\/9816\/revisions"}],"predecessor-version":[{"id":10225,"href":"https:\/\/smamontreal.ca\/en\/wp-json\/wp\/v2\/pages\/9816\/revisions\/10225"}],"wp:attachment":[{"href":"https:\/\/smamontreal.ca\/en\/wp-json\/wp\/v2\/media?parent=9816"}],"wp:term":[{"taxonomy":"yst_prominent_words","embeddable":true,"href":"https:\/\/smamontreal.ca\/en\/wp-json\/wp\/v2\/yst_prominent_words?post=9816"}],"curies":[{"name":"wp","href":"https:\/\/api.w.org\/{rel}","templated":true}]}}